{"id":740,"date":"2020-09-04T04:05:44","date_gmt":"2020-09-04T04:05:44","guid":{"rendered":"https:\/\/adsvance.me\/lojaopw\/produto\/fita-magnetica-para-gravacao-de-dados-lto-4-ultrium-fujifilm-800gb-nativo-e-1600gb-compressado-storage-media-p-n-48185\/"},"modified":"2023-05-27T19:21:25","modified_gmt":"2023-05-27T19:21:25","slug":"fita-magn%e9tica-para-grava%e7%e3o-de-dados-lto%252d4-ultrium-fujifilm-800gb-nativo-e-1600gb-compressado-storage-media-p%7b47%7dn%3a-48185","status":"publish","type":"product","link":"https:\/\/lojaopening.com.br\/shopp\/produto\/fita-magn%e9tica-para-grava%e7%e3o-de-dados-lto%252d4-ultrium-fujifilm-800gb-nativo-e-1600gb-compressado-storage-media-p%7b47%7dn%3a-48185\/","title":{"rendered":"Fita magn\u00e9tica para Grava\u00e7\u00e3o de dados LTO-4 ULTRIUM FUJIFILM 800GB Nativo e 1600GB Compressado Storage Media P\/N: 48185"},"content":{"rendered":"<p>LTO Ultrium 4 At a Glance Fujifilm LTO Ultrium 4 media is the first midrange data storage product to use Fujifilm&#8217;s proprietary NANOCUBIC thin-film coating process to reach the higher capacity and quality levels currently only found in enterprise-class systems. The LTO technology is a powerful, scalable, adaptable open tape format developed and continuously enhanced to help address the growing demands of data protection in the midrange to enterprise-class server environments. In addition, LTO Ultrium 4 technology introduces encryption capability that increases the performance value of tape storage in terms of security, and reinforces its importance as a reliable high-performance storage solution. LTO Ultrium 4 is the second generation in the LTO Ultrium Roadmap to support WORM (Write Once Read Many) functionality. The LTO 4 specifications include the ability for WORM enabled and non-WORM enabled drives to co-exist and provides users with very cost-effective means of storing data in a non-erasable, non-writeable format. Features High capacity and amazing transfer rates Capacity: 1.6TB (Compressed) \/ 800GB (Native) Transfer speed: 240MB\/second (Compressed); 120MB\/second (Native) Enhanced durability Encrypted for security Made possible by Fujifilm NANOCUBIC Technology \u00a0 \u00a0 NCM: 8523.29.29\u00a0 ICMS incluso: 12% CST: 200 \u00a0Pre\u00e7os v\u00e1lidos para faturamento para empresas com CNPJ ativo, CONSUMIDOR FINAL, CONTRIBUINTE para uso e consumo pr\u00f3prio<\/p>\n","protected":false},"excerpt":{"rendered":"<p>Fita magn\u00e9tica para Grava\u00e7\u00e3o de dados LTO-4 ULTRIUM FUJIFILM 800GB Nativo e 1600GB Compressado Storage Media P\/N: 4818548185<\/p>\n","protected":false},"featured_media":827,"template":"","meta":[],"product_brand":[],"product_cat":[631,44],"product_tag":[],"class_list":{"0":"post-740","1":"product","2":"type-product","3":"status-publish","4":"has-post-thumbnail","6":"product_cat-fujifilm","7":"product_cat-informatica-industrial","9":"first","10":"onbackorder","11":"shipping-taxable","12":"purchasable","13":"product-type-simple"},"yoast_head":"<!-- This site is optimized with the Yoast SEO plugin v27.2 - https:\/\/yoast.com\/product\/yoast-seo-wordpress\/ -->\n<title>Fita magn\u00e9tica para Grava\u00e7\u00e3o de dados LTO-4 ULTRIUM FUJIFILM 800GB Nativo e 1600GB Compressado Storage Media P\/N: 48185 - Loja Opening<\/title>\n<meta name=\"robots\" content=\"index, follow, max-snippet:-1, max-image-preview:large, max-video-preview:-1\" \/>\n<link rel=\"canonical\" href=\"https:\/\/lojaopening.com.br\/shopp\/produto\/fita-magn?tica-para-grava??o-de-dados-lto%2d4-ultrium-fujifilm-800gb-nativo-e-1600gb-compressado-storage-media-p47n:-48185\/\" \/>\n<meta property=\"og:locale\" content=\"pt_PT\" \/>\n<meta property=\"og:type\" content=\"article\" \/>\n<meta property=\"og:title\" content=\"Fita magn\u00e9tica para Grava\u00e7\u00e3o de dados LTO-4 ULTRIUM FUJIFILM 800GB Nativo e 1600GB Compressado Storage Media P\/N: 48185 - Loja Opening\" \/>\n<meta property=\"og:description\" content=\"Fita magn\u00e9tica para Grava\u00e7\u00e3o de dados LTO-4 ULTRIUM FUJIFILM 800GB Nativo e 1600GB Compressado Storage Media P\/N: 4818548185\" \/>\n<meta property=\"og:url\" content=\"\" \/>\n<meta property=\"og:site_name\" content=\"Loja Opening\" \/>\n<meta property=\"article:modified_time\" content=\"2023-05-27T19:21:25+00:00\" \/>\n<meta property=\"og:image\" content=\"https:\/\/lojaopening.com.br\/wp-content\/uploads\/2020\/09\/Fita-magnE9tica-para-GravaE7E3o-de-dados-LTO252d4-ULTRIUM-FUJIFILM-800GB-Nativo-e-1600GB-Compressado-Storage-Media-P7B477DN3A-48185.png\" \/>\n\t<meta property=\"og:image:width\" content=\"241\" \/>\n\t<meta property=\"og:image:height\" content=\"241\" \/>\n\t<meta property=\"og:image:type\" content=\"image\/png\" \/>\n<meta name=\"twitter:card\" content=\"summary_large_image\" \/>\n<meta name=\"twitter:label1\" content=\"Tempo estimado de leitura\" \/>\n\t<meta name=\"twitter:data1\" content=\"1 minuto\" \/>\n<script type=\"application\/ld+json\" class=\"yoast-schema-graph\">{\"@context\":\"https:\/\/schema.org\",\"@graph\":[{\"@type\":\"WebPage\",\"@id\":\"https:\/\/lojaopening.com.br\/shopp\/produto\/fita-magn%e9tica-para-grava%e7%e3o-de-dados-lto%252d4-ultrium-fujifilm-800gb-nativo-e-1600gb-compressado-storage-media-p%7b47%7dn%3a-48185\/\",\"url\":\"https:\/\/lojaopening.com.br\/shopp\/produto\/fita-magn%e9tica-para-grava%e7%e3o-de-dados-lto%252d4-ultrium-fujifilm-800gb-nativo-e-1600gb-compressado-storage-media-p%7b47%7dn%3a-48185\/\",\"name\":\"Fita magn\u00e9tica para Grava\u00e7\u00e3o de dados LTO-4 ULTRIUM FUJIFILM 800GB Nativo e 1600GB Compressado Storage Media P\/N: 48185 - Loja Opening\",\"isPartOf\":{\"@id\":\"https:\/\/lojaopening.com.br\/shopp\/#website\"},\"primaryImageOfPage\":{\"@id\":\"https:\/\/lojaopening.com.br\/shopp\/produto\/fita-magn%e9tica-para-grava%e7%e3o-de-dados-lto%252d4-ultrium-fujifilm-800gb-nativo-e-1600gb-compressado-storage-media-p%7b47%7dn%3a-48185\/#primaryimage\"},\"image\":{\"@id\":\"https:\/\/lojaopening.com.br\/shopp\/produto\/fita-magn%e9tica-para-grava%e7%e3o-de-dados-lto%252d4-ultrium-fujifilm-800gb-nativo-e-1600gb-compressado-storage-media-p%7b47%7dn%3a-48185\/#primaryimage\"},\"thumbnailUrl\":\"https:\/\/lojaopening.com.br\/wp-content\/uploads\/2020\/09\/Fita-magnE9tica-para-GravaE7E3o-de-dados-LTO252d4-ULTRIUM-FUJIFILM-800GB-Nativo-e-1600GB-Compressado-Storage-Media-P7B477DN3A-48185.png\",\"datePublished\":\"2020-09-04T04:05:44+00:00\",\"dateModified\":\"2023-05-27T19:21:25+00:00\",\"breadcrumb\":{\"@id\":\"https:\/\/lojaopening.com.br\/shopp\/produto\/fita-magn%e9tica-para-grava%e7%e3o-de-dados-lto%252d4-ultrium-fujifilm-800gb-nativo-e-1600gb-compressado-storage-media-p%7b47%7dn%3a-48185\/#breadcrumb\"},\"inLanguage\":\"pt-PT\",\"potentialAction\":[{\"@type\":\"ReadAction\",\"target\":[\"https:\/\/lojaopening.com.br\/shopp\/produto\/fita-magn%e9tica-para-grava%e7%e3o-de-dados-lto%252d4-ultrium-fujifilm-800gb-nativo-e-1600gb-compressado-storage-media-p%7b47%7dn%3a-48185\/\"]}]},{\"@type\":\"ImageObject\",\"inLanguage\":\"pt-PT\",\"@id\":\"https:\/\/lojaopening.com.br\/shopp\/produto\/fita-magn%e9tica-para-grava%e7%e3o-de-dados-lto%252d4-ultrium-fujifilm-800gb-nativo-e-1600gb-compressado-storage-media-p%7b47%7dn%3a-48185\/#primaryimage\",\"url\":\"https:\/\/lojaopening.com.br\/wp-content\/uploads\/2020\/09\/Fita-magnE9tica-para-GravaE7E3o-de-dados-LTO252d4-ULTRIUM-FUJIFILM-800GB-Nativo-e-1600GB-Compressado-Storage-Media-P7B477DN3A-48185.png\",\"contentUrl\":\"https:\/\/lojaopening.com.br\/wp-content\/uploads\/2020\/09\/Fita-magnE9tica-para-GravaE7E3o-de-dados-LTO252d4-ULTRIUM-FUJIFILM-800GB-Nativo-e-1600GB-Compressado-Storage-Media-P7B477DN3A-48185.png\",\"width\":241,\"height\":241},{\"@type\":\"BreadcrumbList\",\"@id\":\"https:\/\/lojaopening.com.br\/shopp\/produto\/fita-magn%e9tica-para-grava%e7%e3o-de-dados-lto%252d4-ultrium-fujifilm-800gb-nativo-e-1600gb-compressado-storage-media-p%7b47%7dn%3a-48185\/#breadcrumb\",\"itemListElement\":[{\"@type\":\"ListItem\",\"position\":1,\"name\":\"In\u00edcio\",\"item\":\"https:\/\/lojaopening.com.br\/shopp\/\"},{\"@type\":\"ListItem\",\"position\":2,\"name\":\"Shop\",\"item\":\"https:\/\/lojaopening.com.br\/shopp\/shopp\/\"},{\"@type\":\"ListItem\",\"position\":3,\"name\":\"Fita magn\u00e9tica para Grava\u00e7\u00e3o de dados LTO-4 ULTRIUM FUJIFILM 800GB Nativo e 1600GB Compressado Storage Media P\/N: 48185\"}]},{\"@type\":\"WebSite\",\"@id\":\"https:\/\/lojaopening.com.br\/shopp\/#website\",\"url\":\"https:\/\/lojaopening.com.br\/shopp\/\",\"name\":\"Loja Opening\",\"description\":\"\",\"publisher\":{\"@id\":\"https:\/\/lojaopening.com.br\/shopp\/#organization\"},\"potentialAction\":[{\"@type\":\"SearchAction\",\"target\":{\"@type\":\"EntryPoint\",\"urlTemplate\":\"https:\/\/lojaopening.com.br\/shopp\/?s={search_term_string}\"},\"query-input\":{\"@type\":\"PropertyValueSpecification\",\"valueRequired\":true,\"valueName\":\"search_term_string\"}}],\"inLanguage\":\"pt-PT\"},{\"@type\":\"Organization\",\"@id\":\"https:\/\/lojaopening.com.br\/shopp\/#organization\",\"name\":\"Opening World Coml Import Export Ltda\",\"url\":\"https:\/\/lojaopening.com.br\/shopp\/\",\"logo\":{\"@type\":\"ImageObject\",\"inLanguage\":\"pt-PT\",\"@id\":\"https:\/\/lojaopening.com.br\/shopp\/#\/schema\/logo\/image\/\",\"url\":\"https:\/\/lojaopening.com.br\/wp-content\/uploads\/2020\/09\/logo_header.png\",\"contentUrl\":\"https:\/\/lojaopening.com.br\/wp-content\/uploads\/2020\/09\/logo_header.png\",\"width\":1279,\"height\":328,\"caption\":\"Opening World Coml Import Export Ltda\"},\"image\":{\"@id\":\"https:\/\/lojaopening.com.br\/shopp\/#\/schema\/logo\/image\/\"}}]}<\/script>\n<!-- \/ Yoast SEO plugin. -->","yoast_head_json":{"title":"Fita magn\u00e9tica para Grava\u00e7\u00e3o de dados LTO-4 ULTRIUM FUJIFILM 800GB Nativo e 1600GB Compressado Storage Media P\/N: 48185 - Loja Opening","robots":{"index":"index","follow":"follow","max-snippet":"max-snippet:-1","max-image-preview":"max-image-preview:large","max-video-preview":"max-video-preview:-1"},"canonical":"https:\/\/lojaopening.com.br\/shopp\/produto\/fita-magn?tica-para-grava??o-de-dados-lto%2d4-ultrium-fujifilm-800gb-nativo-e-1600gb-compressado-storage-media-p{47}n:-48185\/","og_locale":"pt_PT","og_type":"article","og_title":"Fita magn\u00e9tica para Grava\u00e7\u00e3o de dados LTO-4 ULTRIUM FUJIFILM 800GB Nativo e 1600GB Compressado Storage Media P\/N: 48185 - Loja Opening","og_description":"Fita magn\u00e9tica para Grava\u00e7\u00e3o de dados LTO-4 ULTRIUM FUJIFILM 800GB Nativo e 1600GB Compressado Storage Media P\/N: 4818548185","og_url":"https:\/\/lojaopening.com.br\/shopp\/produto\/fita-magn?tica-para-grava??o-de-dados-lto%2d4-ultrium-fujifilm-800gb-nativo-e-1600gb-compressado-storage-media-p{47}n:-48185\/","og_site_name":"Loja Opening","article_modified_time":"2023-05-27T19:21:25+00:00","og_image":[{"width":241,"height":241,"url":"https:\/\/lojaopening.com.br\/wp-content\/uploads\/2020\/09\/Fita-magnE9tica-para-GravaE7E3o-de-dados-LTO252d4-ULTRIUM-FUJIFILM-800GB-Nativo-e-1600GB-Compressado-Storage-Media-P7B477DN3A-48185.png","type":"image\/png"}],"twitter_card":"summary_large_image","twitter_misc":{"Tempo estimado de leitura":"1 minuto"},"schema":{"@context":"https:\/\/schema.org","@graph":[{"@type":"WebPage","@id":"https:\/\/lojaopening.com.br\/shopp\/produto\/fita-magn%e9tica-para-grava%e7%e3o-de-dados-lto%252d4-ultrium-fujifilm-800gb-nativo-e-1600gb-compressado-storage-media-p%7b47%7dn%3a-48185\/","url":"https:\/\/lojaopening.com.br\/shopp\/produto\/fita-magn%e9tica-para-grava%e7%e3o-de-dados-lto%252d4-ultrium-fujifilm-800gb-nativo-e-1600gb-compressado-storage-media-p%7b47%7dn%3a-48185\/","name":"Fita magn\u00e9tica para Grava\u00e7\u00e3o de dados LTO-4 ULTRIUM FUJIFILM 800GB Nativo e 1600GB Compressado Storage Media P\/N: 48185 - Loja Opening","isPartOf":{"@id":"https:\/\/lojaopening.com.br\/shopp\/#website"},"primaryImageOfPage":{"@id":"https:\/\/lojaopening.com.br\/shopp\/produto\/fita-magn%e9tica-para-grava%e7%e3o-de-dados-lto%252d4-ultrium-fujifilm-800gb-nativo-e-1600gb-compressado-storage-media-p%7b47%7dn%3a-48185\/#primaryimage"},"image":{"@id":"https:\/\/lojaopening.com.br\/shopp\/produto\/fita-magn%e9tica-para-grava%e7%e3o-de-dados-lto%252d4-ultrium-fujifilm-800gb-nativo-e-1600gb-compressado-storage-media-p%7b47%7dn%3a-48185\/#primaryimage"},"thumbnailUrl":"https:\/\/lojaopening.com.br\/wp-content\/uploads\/2020\/09\/Fita-magnE9tica-para-GravaE7E3o-de-dados-LTO252d4-ULTRIUM-FUJIFILM-800GB-Nativo-e-1600GB-Compressado-Storage-Media-P7B477DN3A-48185.png","datePublished":"2020-09-04T04:05:44+00:00","dateModified":"2023-05-27T19:21:25+00:00","breadcrumb":{"@id":"https:\/\/lojaopening.com.br\/shopp\/produto\/fita-magn%e9tica-para-grava%e7%e3o-de-dados-lto%252d4-ultrium-fujifilm-800gb-nativo-e-1600gb-compressado-storage-media-p%7b47%7dn%3a-48185\/#breadcrumb"},"inLanguage":"pt-PT","potentialAction":[{"@type":"ReadAction","target":["https:\/\/lojaopening.com.br\/shopp\/produto\/fita-magn%e9tica-para-grava%e7%e3o-de-dados-lto%252d4-ultrium-fujifilm-800gb-nativo-e-1600gb-compressado-storage-media-p%7b47%7dn%3a-48185\/"]}]},{"@type":"ImageObject","inLanguage":"pt-PT","@id":"https:\/\/lojaopening.com.br\/shopp\/produto\/fita-magn%e9tica-para-grava%e7%e3o-de-dados-lto%252d4-ultrium-fujifilm-800gb-nativo-e-1600gb-compressado-storage-media-p%7b47%7dn%3a-48185\/#primaryimage","url":"https:\/\/lojaopening.com.br\/wp-content\/uploads\/2020\/09\/Fita-magnE9tica-para-GravaE7E3o-de-dados-LTO252d4-ULTRIUM-FUJIFILM-800GB-Nativo-e-1600GB-Compressado-Storage-Media-P7B477DN3A-48185.png","contentUrl":"https:\/\/lojaopening.com.br\/wp-content\/uploads\/2020\/09\/Fita-magnE9tica-para-GravaE7E3o-de-dados-LTO252d4-ULTRIUM-FUJIFILM-800GB-Nativo-e-1600GB-Compressado-Storage-Media-P7B477DN3A-48185.png","width":241,"height":241},{"@type":"BreadcrumbList","@id":"https:\/\/lojaopening.com.br\/shopp\/produto\/fita-magn%e9tica-para-grava%e7%e3o-de-dados-lto%252d4-ultrium-fujifilm-800gb-nativo-e-1600gb-compressado-storage-media-p%7b47%7dn%3a-48185\/#breadcrumb","itemListElement":[{"@type":"ListItem","position":1,"name":"In\u00edcio","item":"https:\/\/lojaopening.com.br\/shopp\/"},{"@type":"ListItem","position":2,"name":"Shop","item":"https:\/\/lojaopening.com.br\/shopp\/shopp\/"},{"@type":"ListItem","position":3,"name":"Fita magn\u00e9tica para Grava\u00e7\u00e3o de dados LTO-4 ULTRIUM FUJIFILM 800GB Nativo e 1600GB Compressado Storage Media P\/N: 48185"}]},{"@type":"WebSite","@id":"https:\/\/lojaopening.com.br\/shopp\/#website","url":"https:\/\/lojaopening.com.br\/shopp\/","name":"Loja Opening","description":"","publisher":{"@id":"https:\/\/lojaopening.com.br\/shopp\/#organization"},"potentialAction":[{"@type":"SearchAction","target":{"@type":"EntryPoint","urlTemplate":"https:\/\/lojaopening.com.br\/shopp\/?s={search_term_string}"},"query-input":{"@type":"PropertyValueSpecification","valueRequired":true,"valueName":"search_term_string"}}],"inLanguage":"pt-PT"},{"@type":"Organization","@id":"https:\/\/lojaopening.com.br\/shopp\/#organization","name":"Opening World Coml Import Export Ltda","url":"https:\/\/lojaopening.com.br\/shopp\/","logo":{"@type":"ImageObject","inLanguage":"pt-PT","@id":"https:\/\/lojaopening.com.br\/shopp\/#\/schema\/logo\/image\/","url":"https:\/\/lojaopening.com.br\/wp-content\/uploads\/2020\/09\/logo_header.png","contentUrl":"https:\/\/lojaopening.com.br\/wp-content\/uploads\/2020\/09\/logo_header.png","width":1279,"height":328,"caption":"Opening World Coml Import Export Ltda"},"image":{"@id":"https:\/\/lojaopening.com.br\/shopp\/#\/schema\/logo\/image\/"}}]}},"_links":{"self":[{"href":"https:\/\/lojaopening.com.br\/shopp\/wp-json\/wp\/v2\/product\/740","targetHints":{"allow":["GET"]}}],"collection":[{"href":"https:\/\/lojaopening.com.br\/shopp\/wp-json\/wp\/v2\/product"}],"about":[{"href":"https:\/\/lojaopening.com.br\/shopp\/wp-json\/wp\/v2\/types\/product"}],"wp:featuredmedia":[{"embeddable":true,"href":"https:\/\/lojaopening.com.br\/shopp\/wp-json\/wp\/v2\/media\/827"}],"wp:attachment":[{"href":"https:\/\/lojaopening.com.br\/shopp\/wp-json\/wp\/v2\/media?parent=740"}],"wp:term":[{"taxonomy":"product_brand","embeddable":true,"href":"https:\/\/lojaopening.com.br\/shopp\/wp-json\/wp\/v2\/product_brand?post=740"},{"taxonomy":"product_cat","embeddable":true,"href":"https:\/\/lojaopening.com.br\/shopp\/wp-json\/wp\/v2\/product_cat?post=740"},{"taxonomy":"product_tag","embeddable":true,"href":"https:\/\/lojaopening.com.br\/shopp\/wp-json\/wp\/v2\/product_tag?post=740"}],"curies":[{"name":"wp","href":"https:\/\/api.w.org\/{rel}","templated":true}]}}