{"id":741,"date":"2020-09-04T04:05:54","date_gmt":"2020-09-04T04:05:54","guid":{"rendered":"https:\/\/adsvance.me\/lojaopw\/produto\/fita-magnetica-para-gravacao-de-dados-dat72-170m-hp-36gb-nativo-e-72gb-compressado-storage-media-p-n-c8010a\/"},"modified":"2023-05-27T19:21:25","modified_gmt":"2023-05-27T19:21:25","slug":"fita-magn%e9tica-para-grava%e7%e3o-de-dados-dat72-170m-hp-36gb-nativo-e-72gb-compressado-storage-media-p%7b47%7dn-c8010a","status":"publish","type":"product","link":"https:\/\/lojaopening.com.br\/shopp\/produto\/fita-magn%e9tica-para-grava%e7%e3o-de-dados-dat72-170m-hp-36gb-nativo-e-72gb-compressado-storage-media-p%7b47%7dn-c8010a\/","title":{"rendered":"Fita magn\u00e9tica para Grava\u00e7\u00e3o de dados DAT72 (170M)  HP 36GB Nativo e 72GB Compressado Storage Media P\/N: C8010A"},"content":{"rendered":"<p>HP DAT 72 Data Cartridge \u00a0 \u00a0 \u00a0 \u00a0\u00a0 Especifica\u00e7\u00f5es Tecnologia de grava\u00e7\u00e3o: DAT \u00a0Capacidade: 72 GB Compacta\u00e7\u00e3o 2:1 36 GB Nativos Com suporte \u00a0Formato do suporte: DDS\/DAT \u00a0Etiqueta de m\u00eddia: Sem etiqueta \u00a0Quantidade por embalagem: 1 \u00a0Velocidade de leitura, suporte: 6 MB\/s \u00a0Vida de arquivo: 30 anos \u00a0Cor do produto: Azul \u00a0Comprimento de tape: 170 m \u00a0Largura da fita: 4 mm \u00a0Espessura de tape: 5,1 +\/- 0,2 \u00a0Material b\u00e1sico: Part\u00edcula de Metal \u00a0For\u00e7a magn\u00e9tica coerciva: 2.350 Oe \u00a0Compatibilidade de unidade: Matriz de Compatibilidade de M\u00eddia de Armazenamento \u00a0url de compatibilidade de unidade: http:\/\/www.hptapecompat.com Requisitos operacionais Gama de temperaturas de funcionamento: 5\u00b0 C a 32\u00b0 C Temperatura de armazenamento di\u00e1ria: 5\u00b0 C a 32\u00b0 C Temperatura de armazenamento a longo prazo: 5\u00b0 C a 45\u00b0 C Intervalo de umidade para funcionamento: 5\u00b0 C a 32\u00b0 C, 20% a 60% UR (n\u00e3o-condensante) Umidade de armazenamento: 5\u00b0 C a 45\u00b0 C, 20% a 80% UR (n\u00e3o-condensante) Dimens\u00f5es e peso Dimens\u00f5es m\u00ednimas (L x P x A): 54 x 10,5 x 73 cm Peso: 23 kg O que vem inclu\u00eddo Diferencial: Cartucho de dados HP DAT 72, 72 GB Garantia: Garantia limitada por toda a vida \u00fatil Conte\u00fado da caixa: (1) HP DAT 72 \u2014 Cartucho de Dados 72 GB em capa protetora de policarbonato, (2) etiquetas para escrita, cart\u00e3o de uso e gerenciamento \u00a0 \u00a0 NCM: 8523.29.29\u00a0 ICMS 18% &#8211; INCLUSO CFOP-5.102 CST: 200 Pre\u00e7os v\u00e1lidos para faturamento para empresas com CNPJ ativo, CONSUMIDOR FINAL, CONTRIBUINTE para uso e consumo pr\u00f3prio\/Ativo Nno Estado de Minas Gerais Para empresas fora do estado de Minas Gerais, acrescentar o ICMS de 4% na Opera\u00e7\u00e3o Interestadual.conforme Resolu\u00e7\u00e3o do Senado Federal 13\/2012<\/p>\n","protected":false},"excerpt":{"rendered":"<p>Fita magn\u00e9tica para Grava\u00e7\u00e3o de dados DAT72 (170M) HP 36GB Nativo e 72GB Compressado Storage Media P\/N: C8010AC8010A<\/p>\n","protected":false},"featured_media":818,"template":"","meta":[],"product_brand":[],"product_cat":[68,44],"product_tag":[],"class_list":{"0":"post-741","1":"product","2":"type-product","3":"status-publish","4":"has-post-thumbnail","6":"product_cat-hp","7":"product_cat-informatica-industrial","9":"first","10":"onbackorder","11":"shipping-taxable","12":"purchasable","13":"product-type-simple"},"yoast_head":"<!-- This site is optimized with the Yoast SEO plugin v27.2 - https:\/\/yoast.com\/product\/yoast-seo-wordpress\/ -->\n<title>Fita magn\u00e9tica para Grava\u00e7\u00e3o de dados DAT72 (170M) HP 36GB Nativo e 72GB Compressado Storage Media P\/N: C8010A - Loja Opening<\/title>\n<meta name=\"robots\" content=\"index, follow, max-snippet:-1, max-image-preview:large, max-video-preview:-1\" \/>\n<link rel=\"canonical\" href=\"https:\/\/lojaopening.com.br\/shopp\/produto\/fita-magn?tica-para-grava??o-de-dados-dat72-170m-hp-36gb-nativo-e-72gb-compressado-storage-media-p47n-c8010a\/\" \/>\n<meta property=\"og:locale\" content=\"pt_PT\" \/>\n<meta property=\"og:type\" content=\"article\" \/>\n<meta property=\"og:title\" content=\"Fita magn\u00e9tica para Grava\u00e7\u00e3o de dados DAT72 (170M) HP 36GB Nativo e 72GB Compressado Storage Media P\/N: C8010A - Loja Opening\" \/>\n<meta property=\"og:description\" content=\"Fita magn\u00e9tica para Grava\u00e7\u00e3o de dados DAT72 (170M) HP 36GB Nativo e 72GB Compressado Storage Media P\/N: C8010AC8010A\" \/>\n<meta property=\"og:url\" content=\"\" \/>\n<meta property=\"og:site_name\" content=\"Loja Opening\" \/>\n<meta property=\"article:modified_time\" content=\"2023-05-27T19:21:25+00:00\" \/>\n<meta property=\"og:image\" content=\"https:\/\/lojaopening.com.br\/wp-content\/uploads\/2020\/09\/Fita-magnetica-para-Gravacao-de-dados-DAT72-170M-HP-36GB-Nativo-e-72GB-Compressado-Storage-Media-C8010A.jpg\" \/>\n\t<meta property=\"og:image:width\" content=\"487\" \/>\n\t<meta property=\"og:image:height\" content=\"226\" \/>\n\t<meta property=\"og:image:type\" content=\"image\/jpeg\" \/>\n<meta name=\"twitter:card\" content=\"summary_large_image\" \/>\n<meta name=\"twitter:label1\" content=\"Tempo estimado de leitura\" \/>\n\t<meta name=\"twitter:data1\" content=\"1 minuto\" \/>\n<script type=\"application\/ld+json\" class=\"yoast-schema-graph\">{\"@context\":\"https:\/\/schema.org\",\"@graph\":[{\"@type\":\"WebPage\",\"@id\":\"https:\/\/lojaopening.com.br\/shopp\/produto\/fita-magn%e9tica-para-grava%e7%e3o-de-dados-dat72-170m-hp-36gb-nativo-e-72gb-compressado-storage-media-p%7b47%7dn-c8010a\/\",\"url\":\"https:\/\/lojaopening.com.br\/shopp\/produto\/fita-magn%e9tica-para-grava%e7%e3o-de-dados-dat72-170m-hp-36gb-nativo-e-72gb-compressado-storage-media-p%7b47%7dn-c8010a\/\",\"name\":\"Fita magn\u00e9tica para Grava\u00e7\u00e3o de dados DAT72 (170M) HP 36GB Nativo e 72GB Compressado Storage Media P\/N: C8010A - Loja Opening\",\"isPartOf\":{\"@id\":\"https:\/\/lojaopening.com.br\/shopp\/#website\"},\"primaryImageOfPage\":{\"@id\":\"https:\/\/lojaopening.com.br\/shopp\/produto\/fita-magn%e9tica-para-grava%e7%e3o-de-dados-dat72-170m-hp-36gb-nativo-e-72gb-compressado-storage-media-p%7b47%7dn-c8010a\/#primaryimage\"},\"image\":{\"@id\":\"https:\/\/lojaopening.com.br\/shopp\/produto\/fita-magn%e9tica-para-grava%e7%e3o-de-dados-dat72-170m-hp-36gb-nativo-e-72gb-compressado-storage-media-p%7b47%7dn-c8010a\/#primaryimage\"},\"thumbnailUrl\":\"https:\/\/lojaopening.com.br\/wp-content\/uploads\/2020\/09\/Fita-magnetica-para-Gravacao-de-dados-DAT72-170M-HP-36GB-Nativo-e-72GB-Compressado-Storage-Media-C8010A.jpg\",\"datePublished\":\"2020-09-04T04:05:54+00:00\",\"dateModified\":\"2023-05-27T19:21:25+00:00\",\"breadcrumb\":{\"@id\":\"https:\/\/lojaopening.com.br\/shopp\/produto\/fita-magn%e9tica-para-grava%e7%e3o-de-dados-dat72-170m-hp-36gb-nativo-e-72gb-compressado-storage-media-p%7b47%7dn-c8010a\/#breadcrumb\"},\"inLanguage\":\"pt-PT\",\"potentialAction\":[{\"@type\":\"ReadAction\",\"target\":[\"https:\/\/lojaopening.com.br\/shopp\/produto\/fita-magn%e9tica-para-grava%e7%e3o-de-dados-dat72-170m-hp-36gb-nativo-e-72gb-compressado-storage-media-p%7b47%7dn-c8010a\/\"]}]},{\"@type\":\"ImageObject\",\"inLanguage\":\"pt-PT\",\"@id\":\"https:\/\/lojaopening.com.br\/shopp\/produto\/fita-magn%e9tica-para-grava%e7%e3o-de-dados-dat72-170m-hp-36gb-nativo-e-72gb-compressado-storage-media-p%7b47%7dn-c8010a\/#primaryimage\",\"url\":\"https:\/\/lojaopening.com.br\/wp-content\/uploads\/2020\/09\/Fita-magnetica-para-Gravacao-de-dados-DAT72-170M-HP-36GB-Nativo-e-72GB-Compressado-Storage-Media-C8010A.jpg\",\"contentUrl\":\"https:\/\/lojaopening.com.br\/wp-content\/uploads\/2020\/09\/Fita-magnetica-para-Gravacao-de-dados-DAT72-170M-HP-36GB-Nativo-e-72GB-Compressado-Storage-Media-C8010A.jpg\",\"width\":487,\"height\":226},{\"@type\":\"BreadcrumbList\",\"@id\":\"https:\/\/lojaopening.com.br\/shopp\/produto\/fita-magn%e9tica-para-grava%e7%e3o-de-dados-dat72-170m-hp-36gb-nativo-e-72gb-compressado-storage-media-p%7b47%7dn-c8010a\/#breadcrumb\",\"itemListElement\":[{\"@type\":\"ListItem\",\"position\":1,\"name\":\"In\u00edcio\",\"item\":\"https:\/\/lojaopening.com.br\/shopp\/\"},{\"@type\":\"ListItem\",\"position\":2,\"name\":\"Shop\",\"item\":\"https:\/\/lojaopening.com.br\/shopp\/shopp\/\"},{\"@type\":\"ListItem\",\"position\":3,\"name\":\"Fita magn\u00e9tica para Grava\u00e7\u00e3o de dados DAT72 (170M) HP 36GB Nativo e 72GB Compressado Storage Media P\/N: C8010A\"}]},{\"@type\":\"WebSite\",\"@id\":\"https:\/\/lojaopening.com.br\/shopp\/#website\",\"url\":\"https:\/\/lojaopening.com.br\/shopp\/\",\"name\":\"Loja Opening\",\"description\":\"\",\"publisher\":{\"@id\":\"https:\/\/lojaopening.com.br\/shopp\/#organization\"},\"potentialAction\":[{\"@type\":\"SearchAction\",\"target\":{\"@type\":\"EntryPoint\",\"urlTemplate\":\"https:\/\/lojaopening.com.br\/shopp\/?s={search_term_string}\"},\"query-input\":{\"@type\":\"PropertyValueSpecification\",\"valueRequired\":true,\"valueName\":\"search_term_string\"}}],\"inLanguage\":\"pt-PT\"},{\"@type\":\"Organization\",\"@id\":\"https:\/\/lojaopening.com.br\/shopp\/#organization\",\"name\":\"Opening World Coml Import Export Ltda\",\"url\":\"https:\/\/lojaopening.com.br\/shopp\/\",\"logo\":{\"@type\":\"ImageObject\",\"inLanguage\":\"pt-PT\",\"@id\":\"https:\/\/lojaopening.com.br\/shopp\/#\/schema\/logo\/image\/\",\"url\":\"https:\/\/lojaopening.com.br\/wp-content\/uploads\/2020\/09\/logo_header.png\",\"contentUrl\":\"https:\/\/lojaopening.com.br\/wp-content\/uploads\/2020\/09\/logo_header.png\",\"width\":1279,\"height\":328,\"caption\":\"Opening World Coml Import Export Ltda\"},\"image\":{\"@id\":\"https:\/\/lojaopening.com.br\/shopp\/#\/schema\/logo\/image\/\"}}]}<\/script>\n<!-- \/ Yoast SEO plugin. -->","yoast_head_json":{"title":"Fita magn\u00e9tica para Grava\u00e7\u00e3o de dados DAT72 (170M) HP 36GB Nativo e 72GB Compressado Storage Media P\/N: C8010A - Loja Opening","robots":{"index":"index","follow":"follow","max-snippet":"max-snippet:-1","max-image-preview":"max-image-preview:large","max-video-preview":"max-video-preview:-1"},"canonical":"https:\/\/lojaopening.com.br\/shopp\/produto\/fita-magn?tica-para-grava??o-de-dados-dat72-170m-hp-36gb-nativo-e-72gb-compressado-storage-media-p{47}n-c8010a\/","og_locale":"pt_PT","og_type":"article","og_title":"Fita magn\u00e9tica para Grava\u00e7\u00e3o de dados DAT72 (170M) HP 36GB Nativo e 72GB Compressado Storage Media P\/N: C8010A - Loja Opening","og_description":"Fita magn\u00e9tica para Grava\u00e7\u00e3o de dados DAT72 (170M) HP 36GB Nativo e 72GB Compressado Storage Media P\/N: C8010AC8010A","og_url":"https:\/\/lojaopening.com.br\/shopp\/produto\/fita-magn?tica-para-grava??o-de-dados-dat72-170m-hp-36gb-nativo-e-72gb-compressado-storage-media-p{47}n-c8010a\/","og_site_name":"Loja Opening","article_modified_time":"2023-05-27T19:21:25+00:00","og_image":[{"width":487,"height":226,"url":"https:\/\/lojaopening.com.br\/wp-content\/uploads\/2020\/09\/Fita-magnetica-para-Gravacao-de-dados-DAT72-170M-HP-36GB-Nativo-e-72GB-Compressado-Storage-Media-C8010A.jpg","type":"image\/jpeg"}],"twitter_card":"summary_large_image","twitter_misc":{"Tempo estimado de leitura":"1 minuto"},"schema":{"@context":"https:\/\/schema.org","@graph":[{"@type":"WebPage","@id":"https:\/\/lojaopening.com.br\/shopp\/produto\/fita-magn%e9tica-para-grava%e7%e3o-de-dados-dat72-170m-hp-36gb-nativo-e-72gb-compressado-storage-media-p%7b47%7dn-c8010a\/","url":"https:\/\/lojaopening.com.br\/shopp\/produto\/fita-magn%e9tica-para-grava%e7%e3o-de-dados-dat72-170m-hp-36gb-nativo-e-72gb-compressado-storage-media-p%7b47%7dn-c8010a\/","name":"Fita magn\u00e9tica para Grava\u00e7\u00e3o de dados DAT72 (170M) HP 36GB Nativo e 72GB Compressado Storage Media P\/N: C8010A - Loja Opening","isPartOf":{"@id":"https:\/\/lojaopening.com.br\/shopp\/#website"},"primaryImageOfPage":{"@id":"https:\/\/lojaopening.com.br\/shopp\/produto\/fita-magn%e9tica-para-grava%e7%e3o-de-dados-dat72-170m-hp-36gb-nativo-e-72gb-compressado-storage-media-p%7b47%7dn-c8010a\/#primaryimage"},"image":{"@id":"https:\/\/lojaopening.com.br\/shopp\/produto\/fita-magn%e9tica-para-grava%e7%e3o-de-dados-dat72-170m-hp-36gb-nativo-e-72gb-compressado-storage-media-p%7b47%7dn-c8010a\/#primaryimage"},"thumbnailUrl":"https:\/\/lojaopening.com.br\/wp-content\/uploads\/2020\/09\/Fita-magnetica-para-Gravacao-de-dados-DAT72-170M-HP-36GB-Nativo-e-72GB-Compressado-Storage-Media-C8010A.jpg","datePublished":"2020-09-04T04:05:54+00:00","dateModified":"2023-05-27T19:21:25+00:00","breadcrumb":{"@id":"https:\/\/lojaopening.com.br\/shopp\/produto\/fita-magn%e9tica-para-grava%e7%e3o-de-dados-dat72-170m-hp-36gb-nativo-e-72gb-compressado-storage-media-p%7b47%7dn-c8010a\/#breadcrumb"},"inLanguage":"pt-PT","potentialAction":[{"@type":"ReadAction","target":["https:\/\/lojaopening.com.br\/shopp\/produto\/fita-magn%e9tica-para-grava%e7%e3o-de-dados-dat72-170m-hp-36gb-nativo-e-72gb-compressado-storage-media-p%7b47%7dn-c8010a\/"]}]},{"@type":"ImageObject","inLanguage":"pt-PT","@id":"https:\/\/lojaopening.com.br\/shopp\/produto\/fita-magn%e9tica-para-grava%e7%e3o-de-dados-dat72-170m-hp-36gb-nativo-e-72gb-compressado-storage-media-p%7b47%7dn-c8010a\/#primaryimage","url":"https:\/\/lojaopening.com.br\/wp-content\/uploads\/2020\/09\/Fita-magnetica-para-Gravacao-de-dados-DAT72-170M-HP-36GB-Nativo-e-72GB-Compressado-Storage-Media-C8010A.jpg","contentUrl":"https:\/\/lojaopening.com.br\/wp-content\/uploads\/2020\/09\/Fita-magnetica-para-Gravacao-de-dados-DAT72-170M-HP-36GB-Nativo-e-72GB-Compressado-Storage-Media-C8010A.jpg","width":487,"height":226},{"@type":"BreadcrumbList","@id":"https:\/\/lojaopening.com.br\/shopp\/produto\/fita-magn%e9tica-para-grava%e7%e3o-de-dados-dat72-170m-hp-36gb-nativo-e-72gb-compressado-storage-media-p%7b47%7dn-c8010a\/#breadcrumb","itemListElement":[{"@type":"ListItem","position":1,"name":"In\u00edcio","item":"https:\/\/lojaopening.com.br\/shopp\/"},{"@type":"ListItem","position":2,"name":"Shop","item":"https:\/\/lojaopening.com.br\/shopp\/shopp\/"},{"@type":"ListItem","position":3,"name":"Fita magn\u00e9tica para Grava\u00e7\u00e3o de dados DAT72 (170M) HP 36GB Nativo e 72GB Compressado Storage Media P\/N: C8010A"}]},{"@type":"WebSite","@id":"https:\/\/lojaopening.com.br\/shopp\/#website","url":"https:\/\/lojaopening.com.br\/shopp\/","name":"Loja Opening","description":"","publisher":{"@id":"https:\/\/lojaopening.com.br\/shopp\/#organization"},"potentialAction":[{"@type":"SearchAction","target":{"@type":"EntryPoint","urlTemplate":"https:\/\/lojaopening.com.br\/shopp\/?s={search_term_string}"},"query-input":{"@type":"PropertyValueSpecification","valueRequired":true,"valueName":"search_term_string"}}],"inLanguage":"pt-PT"},{"@type":"Organization","@id":"https:\/\/lojaopening.com.br\/shopp\/#organization","name":"Opening World Coml Import Export Ltda","url":"https:\/\/lojaopening.com.br\/shopp\/","logo":{"@type":"ImageObject","inLanguage":"pt-PT","@id":"https:\/\/lojaopening.com.br\/shopp\/#\/schema\/logo\/image\/","url":"https:\/\/lojaopening.com.br\/wp-content\/uploads\/2020\/09\/logo_header.png","contentUrl":"https:\/\/lojaopening.com.br\/wp-content\/uploads\/2020\/09\/logo_header.png","width":1279,"height":328,"caption":"Opening World Coml Import Export Ltda"},"image":{"@id":"https:\/\/lojaopening.com.br\/shopp\/#\/schema\/logo\/image\/"}}]}},"_links":{"self":[{"href":"https:\/\/lojaopening.com.br\/shopp\/wp-json\/wp\/v2\/product\/741","targetHints":{"allow":["GET"]}}],"collection":[{"href":"https:\/\/lojaopening.com.br\/shopp\/wp-json\/wp\/v2\/product"}],"about":[{"href":"https:\/\/lojaopening.com.br\/shopp\/wp-json\/wp\/v2\/types\/product"}],"wp:featuredmedia":[{"embeddable":true,"href":"https:\/\/lojaopening.com.br\/shopp\/wp-json\/wp\/v2\/media\/818"}],"wp:attachment":[{"href":"https:\/\/lojaopening.com.br\/shopp\/wp-json\/wp\/v2\/media?parent=741"}],"wp:term":[{"taxonomy":"product_brand","embeddable":true,"href":"https:\/\/lojaopening.com.br\/shopp\/wp-json\/wp\/v2\/product_brand?post=741"},{"taxonomy":"product_cat","embeddable":true,"href":"https:\/\/lojaopening.com.br\/shopp\/wp-json\/wp\/v2\/product_cat?post=741"},{"taxonomy":"product_tag","embeddable":true,"href":"https:\/\/lojaopening.com.br\/shopp\/wp-json\/wp\/v2\/product_tag?post=741"}],"curies":[{"name":"wp","href":"https:\/\/api.w.org\/{rel}","templated":true}]}}