{"id":744,"date":"2020-09-04T04:06:24","date_gmt":"2020-09-04T04:06:24","guid":{"rendered":"https:\/\/adsvance.me\/lojaopw\/produto\/roupeiro-plastico-c-tampa-464l-cor-cristal-rpcsr-265-sanremo\/"},"modified":"2023-05-27T19:21:24","modified_gmt":"2023-05-27T19:21:24","slug":"roupeiro-pl%e1stico-c%7b47%7d-tampa-46%2c4l-cor-cristal-rpcsr%252d265-%252d-sanremo","status":"publish","type":"product","link":"https:\/\/lojaopening.com.br\/shopp\/produto\/roupeiro-pl%e1stico-c%7b47%7d-tampa-46%2c4l-cor-cristal-rpcsr%252d265-%252d-sanremo\/","title":{"rendered":"Roupeiro Pl\u00e1stico c\/ Tampa 46,4L Cor Cristal RPCSR-265 &#8211; SANREMO"},"content":{"rendered":"<p>Descri\u00e7\u00e3o Ideal para acondicionamento de roupas at\u00e9 a lavanderia ou banheiro. Frente e verso \u00a0telados para melhor ventila\u00e7\u00e3o e visualiza\u00e7\u00e3o do conte\u00fado interno. \u00a0Pegas lareiais que facilitam e asseguram o transporte do roupeiro. Design coordenado com baldes e bacias Hydrus. Roupeiro de Pl\u00e1stico c\/ tampa Cor Cristal 46,4L ref. 265 &#8211; SANREMO \u00a0\u00a0 Especifica\u00e7\u00f5es T\u00e9cnicas \u00a0 Capacidade ml: 46400 Dimens\u00f5es por Pe\u00e7a: 542x369x530mm \u00a0EAN: 7896359006106 DUN: 27896359006100 \u00a0 NCM: 3924.90.00 ICMS-ST- Pago anteriormente por substitui\u00e7\u00e3o tribut\u00e1ria na condi\u00e7\u00e3o de Contribuinte substitu\u00eddo CFOP-5.405\u00a0 CST: 060 Pre\u00e7os v\u00e1lidos para faturamento para empresas com CNPJ ativo, CONSUMIDOR FINAL, CONTRIBUINTE para uso e consumo pr\u00f3prio\/ATIVO para o Estado de Minas Gerais.\u00a0\u00a0\u00a0\u00a0 Para outros Estados, solicite sua cota\u00e7\u00e3o para receber as condi\u00e7\u00f5es comerciais<\/p>\n","protected":false},"excerpt":{"rendered":"<p>Roupeiro Pl\u00e1stico c\/ Tampa 46,4L Cor Cristal RPCSR-265 &#8211; SANREMO265<\/p>\n","protected":false},"featured_media":816,"template":"","meta":[],"product_brand":[],"product_cat":[42,632],"product_tag":[],"class_list":{"0":"post-744","1":"product","2":"type-product","3":"status-publish","4":"has-post-thumbnail","6":"product_cat-hotelaria","7":"product_cat-sanremo","9":"first","10":"onbackorder","11":"shipping-taxable","12":"purchasable","13":"product-type-simple"},"yoast_head":"<!-- This site is optimized with the Yoast SEO plugin v27.2 - https:\/\/yoast.com\/product\/yoast-seo-wordpress\/ -->\n<title>Roupeiro Pl\u00e1stico c\/ Tampa 46,4L Cor Cristal RPCSR-265 - SANREMO - Loja Opening<\/title>\n<meta name=\"robots\" content=\"index, follow, max-snippet:-1, max-image-preview:large, max-video-preview:-1\" \/>\n<link rel=\"canonical\" href=\"https:\/\/lojaopening.com.br\/shopp\/produto\/roupeiro-pl?stico-c47-tampa-46,4l-cor-cristal-rpcsr%2d265-%2d-sanremo\/\" \/>\n<meta property=\"og:locale\" content=\"pt_PT\" \/>\n<meta property=\"og:type\" content=\"article\" \/>\n<meta property=\"og:title\" content=\"Roupeiro Pl\u00e1stico c\/ Tampa 46,4L Cor Cristal RPCSR-265 - SANREMO - Loja Opening\" \/>\n<meta property=\"og:description\" content=\"Roupeiro Pl\u00e1stico c\/ Tampa 46,4L Cor Cristal RPCSR-265 - SANREMO265\" \/>\n<meta property=\"og:url\" content=\"\" \/>\n<meta property=\"og:site_name\" content=\"Loja Opening\" \/>\n<meta property=\"article:modified_time\" content=\"2023-05-27T19:21:24+00:00\" \/>\n<meta property=\"og:image\" content=\"https:\/\/lojaopening.com.br\/wp-content\/uploads\/2020\/09\/Roupeiro-Plastico-com-Tampa-464L-Cor-Cristal-RPCSR-265-SANREMO.jpg\" \/>\n\t<meta property=\"og:image:width\" content=\"431\" \/>\n\t<meta property=\"og:image:height\" content=\"501\" \/>\n\t<meta property=\"og:image:type\" content=\"image\/jpeg\" \/>\n<meta name=\"twitter:card\" content=\"summary_large_image\" \/>\n<meta name=\"twitter:label1\" content=\"Tempo estimado de leitura\" \/>\n\t<meta name=\"twitter:data1\" content=\"1 minuto\" \/>\n<script type=\"application\/ld+json\" class=\"yoast-schema-graph\">{\"@context\":\"https:\/\/schema.org\",\"@graph\":[{\"@type\":\"WebPage\",\"@id\":\"https:\/\/lojaopening.com.br\/shopp\/produto\/roupeiro-pl%e1stico-c%7b47%7d-tampa-46%2c4l-cor-cristal-rpcsr%252d265-%252d-sanremo\/\",\"url\":\"https:\/\/lojaopening.com.br\/shopp\/produto\/roupeiro-pl%e1stico-c%7b47%7d-tampa-46%2c4l-cor-cristal-rpcsr%252d265-%252d-sanremo\/\",\"name\":\"Roupeiro Pl\u00e1stico c\/ Tampa 46,4L Cor Cristal RPCSR-265 - SANREMO - Loja Opening\",\"isPartOf\":{\"@id\":\"https:\/\/lojaopening.com.br\/shopp\/#website\"},\"primaryImageOfPage\":{\"@id\":\"https:\/\/lojaopening.com.br\/shopp\/produto\/roupeiro-pl%e1stico-c%7b47%7d-tampa-46%2c4l-cor-cristal-rpcsr%252d265-%252d-sanremo\/#primaryimage\"},\"image\":{\"@id\":\"https:\/\/lojaopening.com.br\/shopp\/produto\/roupeiro-pl%e1stico-c%7b47%7d-tampa-46%2c4l-cor-cristal-rpcsr%252d265-%252d-sanremo\/#primaryimage\"},\"thumbnailUrl\":\"https:\/\/lojaopening.com.br\/wp-content\/uploads\/2020\/09\/Roupeiro-Plastico-com-Tampa-464L-Cor-Cristal-RPCSR-265-SANREMO.jpg\",\"datePublished\":\"2020-09-04T04:06:24+00:00\",\"dateModified\":\"2023-05-27T19:21:24+00:00\",\"breadcrumb\":{\"@id\":\"https:\/\/lojaopening.com.br\/shopp\/produto\/roupeiro-pl%e1stico-c%7b47%7d-tampa-46%2c4l-cor-cristal-rpcsr%252d265-%252d-sanremo\/#breadcrumb\"},\"inLanguage\":\"pt-PT\",\"potentialAction\":[{\"@type\":\"ReadAction\",\"target\":[\"https:\/\/lojaopening.com.br\/shopp\/produto\/roupeiro-pl%e1stico-c%7b47%7d-tampa-46%2c4l-cor-cristal-rpcsr%252d265-%252d-sanremo\/\"]}]},{\"@type\":\"ImageObject\",\"inLanguage\":\"pt-PT\",\"@id\":\"https:\/\/lojaopening.com.br\/shopp\/produto\/roupeiro-pl%e1stico-c%7b47%7d-tampa-46%2c4l-cor-cristal-rpcsr%252d265-%252d-sanremo\/#primaryimage\",\"url\":\"https:\/\/lojaopening.com.br\/wp-content\/uploads\/2020\/09\/Roupeiro-Plastico-com-Tampa-464L-Cor-Cristal-RPCSR-265-SANREMO.jpg\",\"contentUrl\":\"https:\/\/lojaopening.com.br\/wp-content\/uploads\/2020\/09\/Roupeiro-Plastico-com-Tampa-464L-Cor-Cristal-RPCSR-265-SANREMO.jpg\",\"width\":431,\"height\":501},{\"@type\":\"BreadcrumbList\",\"@id\":\"https:\/\/lojaopening.com.br\/shopp\/produto\/roupeiro-pl%e1stico-c%7b47%7d-tampa-46%2c4l-cor-cristal-rpcsr%252d265-%252d-sanremo\/#breadcrumb\",\"itemListElement\":[{\"@type\":\"ListItem\",\"position\":1,\"name\":\"In\u00edcio\",\"item\":\"https:\/\/lojaopening.com.br\/shopp\/\"},{\"@type\":\"ListItem\",\"position\":2,\"name\":\"Shop\",\"item\":\"https:\/\/lojaopening.com.br\/shopp\/shopp\/\"},{\"@type\":\"ListItem\",\"position\":3,\"name\":\"Roupeiro Pl\u00e1stico c\/ Tampa 46,4L Cor Cristal RPCSR-265 &#8211; SANREMO\"}]},{\"@type\":\"WebSite\",\"@id\":\"https:\/\/lojaopening.com.br\/shopp\/#website\",\"url\":\"https:\/\/lojaopening.com.br\/shopp\/\",\"name\":\"Loja Opening\",\"description\":\"\",\"publisher\":{\"@id\":\"https:\/\/lojaopening.com.br\/shopp\/#organization\"},\"potentialAction\":[{\"@type\":\"SearchAction\",\"target\":{\"@type\":\"EntryPoint\",\"urlTemplate\":\"https:\/\/lojaopening.com.br\/shopp\/?s={search_term_string}\"},\"query-input\":{\"@type\":\"PropertyValueSpecification\",\"valueRequired\":true,\"valueName\":\"search_term_string\"}}],\"inLanguage\":\"pt-PT\"},{\"@type\":\"Organization\",\"@id\":\"https:\/\/lojaopening.com.br\/shopp\/#organization\",\"name\":\"Opening World Coml Import Export Ltda\",\"url\":\"https:\/\/lojaopening.com.br\/shopp\/\",\"logo\":{\"@type\":\"ImageObject\",\"inLanguage\":\"pt-PT\",\"@id\":\"https:\/\/lojaopening.com.br\/shopp\/#\/schema\/logo\/image\/\",\"url\":\"https:\/\/lojaopening.com.br\/wp-content\/uploads\/2020\/09\/logo_header.png\",\"contentUrl\":\"https:\/\/lojaopening.com.br\/wp-content\/uploads\/2020\/09\/logo_header.png\",\"width\":1279,\"height\":328,\"caption\":\"Opening World Coml Import Export Ltda\"},\"image\":{\"@id\":\"https:\/\/lojaopening.com.br\/shopp\/#\/schema\/logo\/image\/\"}}]}<\/script>\n<!-- \/ Yoast SEO plugin. -->","yoast_head_json":{"title":"Roupeiro Pl\u00e1stico c\/ Tampa 46,4L Cor Cristal RPCSR-265 - SANREMO - Loja Opening","robots":{"index":"index","follow":"follow","max-snippet":"max-snippet:-1","max-image-preview":"max-image-preview:large","max-video-preview":"max-video-preview:-1"},"canonical":"https:\/\/lojaopening.com.br\/shopp\/produto\/roupeiro-pl?stico-c{47}-tampa-46,4l-cor-cristal-rpcsr%2d265-%2d-sanremo\/","og_locale":"pt_PT","og_type":"article","og_title":"Roupeiro Pl\u00e1stico c\/ Tampa 46,4L Cor Cristal RPCSR-265 - SANREMO - Loja Opening","og_description":"Roupeiro Pl\u00e1stico c\/ Tampa 46,4L Cor Cristal RPCSR-265 - SANREMO265","og_url":"https:\/\/lojaopening.com.br\/shopp\/produto\/roupeiro-pl?stico-c{47}-tampa-46,4l-cor-cristal-rpcsr%2d265-%2d-sanremo\/","og_site_name":"Loja Opening","article_modified_time":"2023-05-27T19:21:24+00:00","og_image":[{"width":431,"height":501,"url":"https:\/\/lojaopening.com.br\/wp-content\/uploads\/2020\/09\/Roupeiro-Plastico-com-Tampa-464L-Cor-Cristal-RPCSR-265-SANREMO.jpg","type":"image\/jpeg"}],"twitter_card":"summary_large_image","twitter_misc":{"Tempo estimado de leitura":"1 minuto"},"schema":{"@context":"https:\/\/schema.org","@graph":[{"@type":"WebPage","@id":"https:\/\/lojaopening.com.br\/shopp\/produto\/roupeiro-pl%e1stico-c%7b47%7d-tampa-46%2c4l-cor-cristal-rpcsr%252d265-%252d-sanremo\/","url":"https:\/\/lojaopening.com.br\/shopp\/produto\/roupeiro-pl%e1stico-c%7b47%7d-tampa-46%2c4l-cor-cristal-rpcsr%252d265-%252d-sanremo\/","name":"Roupeiro Pl\u00e1stico c\/ Tampa 46,4L Cor Cristal RPCSR-265 - SANREMO - Loja Opening","isPartOf":{"@id":"https:\/\/lojaopening.com.br\/shopp\/#website"},"primaryImageOfPage":{"@id":"https:\/\/lojaopening.com.br\/shopp\/produto\/roupeiro-pl%e1stico-c%7b47%7d-tampa-46%2c4l-cor-cristal-rpcsr%252d265-%252d-sanremo\/#primaryimage"},"image":{"@id":"https:\/\/lojaopening.com.br\/shopp\/produto\/roupeiro-pl%e1stico-c%7b47%7d-tampa-46%2c4l-cor-cristal-rpcsr%252d265-%252d-sanremo\/#primaryimage"},"thumbnailUrl":"https:\/\/lojaopening.com.br\/wp-content\/uploads\/2020\/09\/Roupeiro-Plastico-com-Tampa-464L-Cor-Cristal-RPCSR-265-SANREMO.jpg","datePublished":"2020-09-04T04:06:24+00:00","dateModified":"2023-05-27T19:21:24+00:00","breadcrumb":{"@id":"https:\/\/lojaopening.com.br\/shopp\/produto\/roupeiro-pl%e1stico-c%7b47%7d-tampa-46%2c4l-cor-cristal-rpcsr%252d265-%252d-sanremo\/#breadcrumb"},"inLanguage":"pt-PT","potentialAction":[{"@type":"ReadAction","target":["https:\/\/lojaopening.com.br\/shopp\/produto\/roupeiro-pl%e1stico-c%7b47%7d-tampa-46%2c4l-cor-cristal-rpcsr%252d265-%252d-sanremo\/"]}]},{"@type":"ImageObject","inLanguage":"pt-PT","@id":"https:\/\/lojaopening.com.br\/shopp\/produto\/roupeiro-pl%e1stico-c%7b47%7d-tampa-46%2c4l-cor-cristal-rpcsr%252d265-%252d-sanremo\/#primaryimage","url":"https:\/\/lojaopening.com.br\/wp-content\/uploads\/2020\/09\/Roupeiro-Plastico-com-Tampa-464L-Cor-Cristal-RPCSR-265-SANREMO.jpg","contentUrl":"https:\/\/lojaopening.com.br\/wp-content\/uploads\/2020\/09\/Roupeiro-Plastico-com-Tampa-464L-Cor-Cristal-RPCSR-265-SANREMO.jpg","width":431,"height":501},{"@type":"BreadcrumbList","@id":"https:\/\/lojaopening.com.br\/shopp\/produto\/roupeiro-pl%e1stico-c%7b47%7d-tampa-46%2c4l-cor-cristal-rpcsr%252d265-%252d-sanremo\/#breadcrumb","itemListElement":[{"@type":"ListItem","position":1,"name":"In\u00edcio","item":"https:\/\/lojaopening.com.br\/shopp\/"},{"@type":"ListItem","position":2,"name":"Shop","item":"https:\/\/lojaopening.com.br\/shopp\/shopp\/"},{"@type":"ListItem","position":3,"name":"Roupeiro Pl\u00e1stico c\/ Tampa 46,4L Cor Cristal RPCSR-265 &#8211; SANREMO"}]},{"@type":"WebSite","@id":"https:\/\/lojaopening.com.br\/shopp\/#website","url":"https:\/\/lojaopening.com.br\/shopp\/","name":"Loja Opening","description":"","publisher":{"@id":"https:\/\/lojaopening.com.br\/shopp\/#organization"},"potentialAction":[{"@type":"SearchAction","target":{"@type":"EntryPoint","urlTemplate":"https:\/\/lojaopening.com.br\/shopp\/?s={search_term_string}"},"query-input":{"@type":"PropertyValueSpecification","valueRequired":true,"valueName":"search_term_string"}}],"inLanguage":"pt-PT"},{"@type":"Organization","@id":"https:\/\/lojaopening.com.br\/shopp\/#organization","name":"Opening World Coml Import Export Ltda","url":"https:\/\/lojaopening.com.br\/shopp\/","logo":{"@type":"ImageObject","inLanguage":"pt-PT","@id":"https:\/\/lojaopening.com.br\/shopp\/#\/schema\/logo\/image\/","url":"https:\/\/lojaopening.com.br\/wp-content\/uploads\/2020\/09\/logo_header.png","contentUrl":"https:\/\/lojaopening.com.br\/wp-content\/uploads\/2020\/09\/logo_header.png","width":1279,"height":328,"caption":"Opening World Coml Import Export Ltda"},"image":{"@id":"https:\/\/lojaopening.com.br\/shopp\/#\/schema\/logo\/image\/"}}]}},"_links":{"self":[{"href":"https:\/\/lojaopening.com.br\/shopp\/wp-json\/wp\/v2\/product\/744","targetHints":{"allow":["GET"]}}],"collection":[{"href":"https:\/\/lojaopening.com.br\/shopp\/wp-json\/wp\/v2\/product"}],"about":[{"href":"https:\/\/lojaopening.com.br\/shopp\/wp-json\/wp\/v2\/types\/product"}],"wp:featuredmedia":[{"embeddable":true,"href":"https:\/\/lojaopening.com.br\/shopp\/wp-json\/wp\/v2\/media\/816"}],"wp:attachment":[{"href":"https:\/\/lojaopening.com.br\/shopp\/wp-json\/wp\/v2\/media?parent=744"}],"wp:term":[{"taxonomy":"product_brand","embeddable":true,"href":"https:\/\/lojaopening.com.br\/shopp\/wp-json\/wp\/v2\/product_brand?post=744"},{"taxonomy":"product_cat","embeddable":true,"href":"https:\/\/lojaopening.com.br\/shopp\/wp-json\/wp\/v2\/product_cat?post=744"},{"taxonomy":"product_tag","embeddable":true,"href":"https:\/\/lojaopening.com.br\/shopp\/wp-json\/wp\/v2\/product_tag?post=744"}],"curies":[{"name":"wp","href":"https:\/\/api.w.org\/{rel}","templated":true}]}}