{"id":746,"date":"2020-09-04T04:06:44","date_gmt":"2020-09-04T04:06:44","guid":{"rendered":"https:\/\/adsvance.me\/lojaopw\/produto\/tripe-profissional-manfrotto-475b-sem-cabecote\/"},"modified":"2023-05-27T19:21:23","modified_gmt":"2023-05-27T19:21:23","slug":"tripe-profissional-manfrotto-475b-sem-cabecote","status":"publish","type":"product","link":"https:\/\/lojaopening.com.br\/shopp\/produto\/tripe-profissional-manfrotto-475b-sem-cabecote\/","title":{"rendered":"TRIP\u00c9 PROFISSIONAL MANFROTTO 475B SEM CABE\u00c7OTE"},"content":{"rendered":"<div class=\"divTabArea on\" id=\"div2\">\n<p><span style=\"font-family: arial black,avant garde;\">&nbsp;<\/span><\/p>\n<p>&nbsp;<\/p>\n<p>&nbsp;<\/p>\n<p><img fetchpriority=\"high\" decoding=\"async\" title=\"TRIPE_475B_MANFROTTO.JPG\" class=\"__mce_add_custom__\" src=\"http:\/\/lojaopening.com.br\/shopp\/product_images\/uploaded_images\/TRIPE_475B_MANFROTTO.JPG\" alt=\"TRIPE_475B_MANFROTTO.JPG\" width=\"235\" height=\"389\"><\/p>\n<p><strong>Trip\u00e9 Manfrotto 475B Digital PRO (Preto) 12Kg<\/strong><\/p>\n<p>Trip\u00e9 475B \u00e9 todo construido em alum\u00ednio e projetado para fornecer uma especial estabilidade, A coluna central do trip\u00e9 475B \u00e9 com engrenagem e incorporam um sistema unico &nbsp;de tirantes (raios) telesc\u00f3picos&nbsp; \u00e0 m\u00e9dia altura com fechamentos &nbsp;de a\u00e7\u00e3o r\u00e1pida para obter diferentes \u00e2ngulos de expan\u00e7\u00e3o de cada perna com total confian\u00e7a, A&nbsp; coluna central \u00e9 engrenada que permite o ajuste de altura seguro e preciso mesmo sob cargas pesadas e com sistema anti-rota\u00e7\u00e3o, uma bolha de n\u00edvel. Os p\u00e9s de borracha com&nbsp; ponteiras retr\u00e1teis de padr\u00e3o manfrotto. O sistema revolucion\u00e1rio dos tirantes no meio das pernas do trip\u00e9 pode ser operado em movimentos simetricos ou asimetricos. Isto permite que voc\u00ea consiga dois resultados importantes: posicionar r\u00e1pido travando os tirantes (raios) de modo que todos os p\u00e9s espalhem ao mesmo \u00e2ngulo e abram imediatamente, ou ajuste individual de \u00e2ngulo para cada p\u00e9, para aproveitar toda flexibilidade dispon\u00edvel no trip\u00e9, evitando de &nbsp;se irritar na demora paranivelar o trip\u00e9, os tirantes (raios) telesc\u00f3picos central foi projetado com duas inova\u00e7\u00f5es: A primeira \u201cas posi\u00e7\u00f5es de clique rapido\u201d que permitem que voc\u00ea encontre f\u00e0cilmente o mesmo \u00e2ngulo da propaga\u00e7\u00e3o em todos os tr\u00eas p\u00e9s e a segunda melhoria \u00e9 o sistema que trava todos os p\u00e9s<\/p>\n<p><strong>Indica\u00e7\u00e3o:<\/strong> Fotografia e Video.<\/p>\n<p><strong>Cabe\u00e7as indicadas para fotografia:<\/strong><br \/>Cabe\u00e7as Ball:&nbsp; 468MG, 488, 490, 490RC.<br \/>Cabe\u00e7as 2 movimentos: a seu crit\u00e9rio<br \/>Cabe\u00e7as 3 movimentos: 029, 160, 229, 329RC4, 808RC4<br \/>Cabe\u00e7as Engrenada: 400, 405.<\/p>\n<p><strong>Cabe\u00e7as indicadas para Video: <\/strong>128RC, 701RC, 501, 503, 516.<\/p>\n<p><strong>Dollies recomendadas:<\/strong> 114, 181.<\/p>\n<p><strong>Bolha de n\u00edvel:<\/strong> sim.<\/p>\n<p>&nbsp;<\/p>\n<p><strong>Estojo para transporte:<\/strong> N\u00e3o possui.<\/p>\n<p>&nbsp;<\/p>\n<p><strong>Di\u00e2metro:<\/strong> parafuso de&nbsp; 3\/8&#8243;<\/p>\n<p>&nbsp;<\/p>\n<p><strong>Dimens\u00f5es:<\/strong><br \/><span style=\"font-family: Verdana,Arial; font-size: x-small;\"><span lang=\"en-us\">&nbsp;<\/span><\/span>80cm Fechado<br \/>43cm Com pernas totalmente abertas<br \/>162cm Altura maxima sem coluna central aberta<br \/>188cm Altura maxima com a coluna central aberta<\/p>\n<p><strong>Capacidade de Carga:<\/strong> 12 Kg.<\/p>\n<p><strong>Peso:<\/strong> 4300 gramas.<\/p>\n<p>Para maiores informa\u00e7\u00f5es consulte: http:\/\/www.manfrotto.com<\/p>\n<p>&nbsp;<\/p>\n<p><span style=\"text-decoration: underline;\"><em><strong>CONDI\u00c7\u00d5ES COMERCIAIS<\/strong>:<\/em><\/span><\/p>\n<ul>\n<li>NCM: 9620.00.00<\/li>\n<li>Data de entrega: Imediato<\/li>\n<li>Local de entrega: Ex-Works &#8211; Belo Horizonte-MG &#8211; Informar transportadora de sua prefer\u00eancia<\/li>\n<li>ICMS: 18% incluso &#8211; V\u00e1lido para Minas Gerais ( outros Estados converter para a al\u00edquota de ICMS de 4% conforme RESOLU\u00c7\u00c3O SENADO FEDERAL 13\/2012)<\/li>\n<li>PIS: 0,65% &#8211; Incluso<\/li>\n<li>COFINS: 3%&nbsp; Incluso<\/li>\n<li>IRPJ: 1% Incluso<\/li>\n<li>CSSL: 1,2% Incluso<\/li>\n<li>IPI: 0% &#8211; N\u00e3o Incidente<\/li>\n<li>Condi\u00e7\u00f5es de Pagamento: A NEGOCIAR DE ACORDO COM O VOLUME DE COMPRAS &#8211;&nbsp; mediante aprova\u00e7\u00e3o Cadastral contra dep\u00f3sito no Banco do Brasil S\/A<\/li>\n<li>Origem do Produto: Importado, adquirido no mercado interno , integralmente tributado<\/li>\n<li>Fabricante: Manfrotto &#8211; USA<\/li>\n<li>CNPJ de faturamento: 71.347.934\/0001-42 &#8211;&nbsp; Opening World Coml Import Export Ltda<\/li>\n<\/ul>\n<p>&nbsp;<\/p>\n<ul>\n<li><em>PRE\u00c7OS V\u00c1LIDOS PARA FATURAMENTO PARA&nbsp;EMPRESAS COM CNPJ ATIVO, CONSUMIDOR FINAL CONTRIBUINTE, PARA USO E CONSUMO PR\u00d3PRIO\/ATIVO NO ESTADO DE MINAS GERAIS. PARA OUTROS ESTADOS SOLICITE SUA COTA\u00c7\u00c3O PARA RECEBIMENTO DAS CONDI\u00c7\u00d5ES COMERCIAIS<\/em><\/li>\n<\/ul>\n<p>&nbsp;<\/p>\n<ul>\n<\/ul>\n<div class=\"Block Moveable Panel\" id=\"ProductWarranty\">\n<h3>Informa\u00e7\u00f5es sobre garantia<\/h3>\n<div class=\"ProductWarrantyContainer\">\n\t\t12 meses\n\t<\/div>\n<hr style=\"\" class=\"ProductSectionSeparator\">\n<\/div>\n<\/p><\/div>\n","protected":false},"excerpt":{"rendered":"<p>TRIP\u00c9 PROFISSIONAL MANFROTTO 475B SEM CABE\u00c7OTE475B<\/p>\n","protected":false},"featured_media":814,"template":"","meta":[],"product_brand":[],"product_cat":[250],"product_tag":[],"class_list":{"0":"post-746","1":"product","2":"type-product","3":"status-publish","4":"has-post-thumbnail","6":"product_cat-manfrotto","8":"first","9":"onbackorder","10":"shipping-taxable","11":"purchasable","12":"product-type-simple"},"yoast_head":"<!-- This site is optimized with the Yoast SEO plugin v27.2 - https:\/\/yoast.com\/product\/yoast-seo-wordpress\/ -->\n<title>TRIP\u00c9 PROFISSIONAL MANFROTTO 475B SEM CABE\u00c7OTE - Loja Opening<\/title>\n<meta name=\"robots\" content=\"index, follow, max-snippet:-1, max-image-preview:large, max-video-preview:-1\" \/>\n<link rel=\"canonical\" href=\"https:\/\/lojaopening.com.br\/shopp\/produto\/tripe-profissional-manfrotto-475b-sem-cabecote\/\" \/>\n<meta property=\"og:locale\" content=\"pt_PT\" \/>\n<meta property=\"og:type\" content=\"article\" \/>\n<meta property=\"og:title\" content=\"TRIP\u00c9 PROFISSIONAL MANFROTTO 475B SEM CABE\u00c7OTE - Loja Opening\" \/>\n<meta property=\"og:description\" content=\"TRIP\u00c9 PROFISSIONAL MANFROTTO 475B SEM CABE\u00c7OTE475B\" \/>\n<meta property=\"og:url\" content=\"https:\/\/lojaopening.com.br\/shopp\/produto\/tripe-profissional-manfrotto-475b-sem-cabecote\/\" \/>\n<meta property=\"og:site_name\" content=\"Loja Opening\" \/>\n<meta property=\"article:modified_time\" content=\"2023-05-27T19:21:23+00:00\" \/>\n<meta property=\"og:image\" content=\"https:\/\/lojaopening.com.br\/wp-content\/uploads\/2020\/09\/TRIPE-PROFISSIONAL-MANFROTTO-475B-SEM-CABECOTE.jpg\" \/>\n\t<meta property=\"og:image:width\" content=\"387\" \/>\n\t<meta property=\"og:image:height\" content=\"495\" \/>\n\t<meta property=\"og:image:type\" content=\"image\/jpeg\" \/>\n<meta name=\"twitter:card\" content=\"summary_large_image\" \/>\n<meta name=\"twitter:label1\" content=\"Tempo estimado de leitura\" \/>\n\t<meta name=\"twitter:data1\" content=\"2 minutos\" \/>\n<script type=\"application\/ld+json\" class=\"yoast-schema-graph\">{\"@context\":\"https:\/\/schema.org\",\"@graph\":[{\"@type\":\"WebPage\",\"@id\":\"https:\/\/lojaopening.com.br\/shopp\/produto\/tripe-profissional-manfrotto-475b-sem-cabecote\/\",\"url\":\"https:\/\/lojaopening.com.br\/shopp\/produto\/tripe-profissional-manfrotto-475b-sem-cabecote\/\",\"name\":\"TRIP\u00c9 PROFISSIONAL MANFROTTO 475B SEM CABE\u00c7OTE - Loja Opening\",\"isPartOf\":{\"@id\":\"https:\/\/lojaopening.com.br\/shopp\/#website\"},\"primaryImageOfPage\":{\"@id\":\"https:\/\/lojaopening.com.br\/shopp\/produto\/tripe-profissional-manfrotto-475b-sem-cabecote\/#primaryimage\"},\"image\":{\"@id\":\"https:\/\/lojaopening.com.br\/shopp\/produto\/tripe-profissional-manfrotto-475b-sem-cabecote\/#primaryimage\"},\"thumbnailUrl\":\"https:\/\/lojaopening.com.br\/wp-content\/uploads\/2020\/09\/TRIPE-PROFISSIONAL-MANFROTTO-475B-SEM-CABECOTE.jpg\",\"datePublished\":\"2020-09-04T04:06:44+00:00\",\"dateModified\":\"2023-05-27T19:21:23+00:00\",\"breadcrumb\":{\"@id\":\"https:\/\/lojaopening.com.br\/shopp\/produto\/tripe-profissional-manfrotto-475b-sem-cabecote\/#breadcrumb\"},\"inLanguage\":\"pt-PT\",\"potentialAction\":[{\"@type\":\"ReadAction\",\"target\":[\"https:\/\/lojaopening.com.br\/shopp\/produto\/tripe-profissional-manfrotto-475b-sem-cabecote\/\"]}]},{\"@type\":\"ImageObject\",\"inLanguage\":\"pt-PT\",\"@id\":\"https:\/\/lojaopening.com.br\/shopp\/produto\/tripe-profissional-manfrotto-475b-sem-cabecote\/#primaryimage\",\"url\":\"https:\/\/lojaopening.com.br\/wp-content\/uploads\/2020\/09\/TRIPE-PROFISSIONAL-MANFROTTO-475B-SEM-CABECOTE.jpg\",\"contentUrl\":\"https:\/\/lojaopening.com.br\/wp-content\/uploads\/2020\/09\/TRIPE-PROFISSIONAL-MANFROTTO-475B-SEM-CABECOTE.jpg\",\"width\":387,\"height\":495},{\"@type\":\"BreadcrumbList\",\"@id\":\"https:\/\/lojaopening.com.br\/shopp\/produto\/tripe-profissional-manfrotto-475b-sem-cabecote\/#breadcrumb\",\"itemListElement\":[{\"@type\":\"ListItem\",\"position\":1,\"name\":\"In\u00edcio\",\"item\":\"https:\/\/lojaopening.com.br\/shopp\/\"},{\"@type\":\"ListItem\",\"position\":2,\"name\":\"Shop\",\"item\":\"https:\/\/lojaopening.com.br\/shopp\/shopp\/\"},{\"@type\":\"ListItem\",\"position\":3,\"name\":\"TRIP\u00c9 PROFISSIONAL MANFROTTO 475B SEM CABE\u00c7OTE\"}]},{\"@type\":\"WebSite\",\"@id\":\"https:\/\/lojaopening.com.br\/shopp\/#website\",\"url\":\"https:\/\/lojaopening.com.br\/shopp\/\",\"name\":\"Loja Opening\",\"description\":\"\",\"publisher\":{\"@id\":\"https:\/\/lojaopening.com.br\/shopp\/#organization\"},\"potentialAction\":[{\"@type\":\"SearchAction\",\"target\":{\"@type\":\"EntryPoint\",\"urlTemplate\":\"https:\/\/lojaopening.com.br\/shopp\/?s={search_term_string}\"},\"query-input\":{\"@type\":\"PropertyValueSpecification\",\"valueRequired\":true,\"valueName\":\"search_term_string\"}}],\"inLanguage\":\"pt-PT\"},{\"@type\":\"Organization\",\"@id\":\"https:\/\/lojaopening.com.br\/shopp\/#organization\",\"name\":\"Opening World Coml Import Export Ltda\",\"url\":\"https:\/\/lojaopening.com.br\/shopp\/\",\"logo\":{\"@type\":\"ImageObject\",\"inLanguage\":\"pt-PT\",\"@id\":\"https:\/\/lojaopening.com.br\/shopp\/#\/schema\/logo\/image\/\",\"url\":\"https:\/\/lojaopening.com.br\/wp-content\/uploads\/2020\/09\/logo_header.png\",\"contentUrl\":\"https:\/\/lojaopening.com.br\/wp-content\/uploads\/2020\/09\/logo_header.png\",\"width\":1279,\"height\":328,\"caption\":\"Opening World Coml Import Export Ltda\"},\"image\":{\"@id\":\"https:\/\/lojaopening.com.br\/shopp\/#\/schema\/logo\/image\/\"}}]}<\/script>\n<!-- \/ Yoast SEO plugin. -->","yoast_head_json":{"title":"TRIP\u00c9 PROFISSIONAL MANFROTTO 475B SEM CABE\u00c7OTE - Loja Opening","robots":{"index":"index","follow":"follow","max-snippet":"max-snippet:-1","max-image-preview":"max-image-preview:large","max-video-preview":"max-video-preview:-1"},"canonical":"https:\/\/lojaopening.com.br\/shopp\/produto\/tripe-profissional-manfrotto-475b-sem-cabecote\/","og_locale":"pt_PT","og_type":"article","og_title":"TRIP\u00c9 PROFISSIONAL MANFROTTO 475B SEM CABE\u00c7OTE - Loja Opening","og_description":"TRIP\u00c9 PROFISSIONAL MANFROTTO 475B SEM CABE\u00c7OTE475B","og_url":"https:\/\/lojaopening.com.br\/shopp\/produto\/tripe-profissional-manfrotto-475b-sem-cabecote\/","og_site_name":"Loja Opening","article_modified_time":"2023-05-27T19:21:23+00:00","og_image":[{"width":387,"height":495,"url":"https:\/\/lojaopening.com.br\/wp-content\/uploads\/2020\/09\/TRIPE-PROFISSIONAL-MANFROTTO-475B-SEM-CABECOTE.jpg","type":"image\/jpeg"}],"twitter_card":"summary_large_image","twitter_misc":{"Tempo estimado de leitura":"2 minutos"},"schema":{"@context":"https:\/\/schema.org","@graph":[{"@type":"WebPage","@id":"https:\/\/lojaopening.com.br\/shopp\/produto\/tripe-profissional-manfrotto-475b-sem-cabecote\/","url":"https:\/\/lojaopening.com.br\/shopp\/produto\/tripe-profissional-manfrotto-475b-sem-cabecote\/","name":"TRIP\u00c9 PROFISSIONAL MANFROTTO 475B SEM CABE\u00c7OTE - Loja Opening","isPartOf":{"@id":"https:\/\/lojaopening.com.br\/shopp\/#website"},"primaryImageOfPage":{"@id":"https:\/\/lojaopening.com.br\/shopp\/produto\/tripe-profissional-manfrotto-475b-sem-cabecote\/#primaryimage"},"image":{"@id":"https:\/\/lojaopening.com.br\/shopp\/produto\/tripe-profissional-manfrotto-475b-sem-cabecote\/#primaryimage"},"thumbnailUrl":"https:\/\/lojaopening.com.br\/wp-content\/uploads\/2020\/09\/TRIPE-PROFISSIONAL-MANFROTTO-475B-SEM-CABECOTE.jpg","datePublished":"2020-09-04T04:06:44+00:00","dateModified":"2023-05-27T19:21:23+00:00","breadcrumb":{"@id":"https:\/\/lojaopening.com.br\/shopp\/produto\/tripe-profissional-manfrotto-475b-sem-cabecote\/#breadcrumb"},"inLanguage":"pt-PT","potentialAction":[{"@type":"ReadAction","target":["https:\/\/lojaopening.com.br\/shopp\/produto\/tripe-profissional-manfrotto-475b-sem-cabecote\/"]}]},{"@type":"ImageObject","inLanguage":"pt-PT","@id":"https:\/\/lojaopening.com.br\/shopp\/produto\/tripe-profissional-manfrotto-475b-sem-cabecote\/#primaryimage","url":"https:\/\/lojaopening.com.br\/wp-content\/uploads\/2020\/09\/TRIPE-PROFISSIONAL-MANFROTTO-475B-SEM-CABECOTE.jpg","contentUrl":"https:\/\/lojaopening.com.br\/wp-content\/uploads\/2020\/09\/TRIPE-PROFISSIONAL-MANFROTTO-475B-SEM-CABECOTE.jpg","width":387,"height":495},{"@type":"BreadcrumbList","@id":"https:\/\/lojaopening.com.br\/shopp\/produto\/tripe-profissional-manfrotto-475b-sem-cabecote\/#breadcrumb","itemListElement":[{"@type":"ListItem","position":1,"name":"In\u00edcio","item":"https:\/\/lojaopening.com.br\/shopp\/"},{"@type":"ListItem","position":2,"name":"Shop","item":"https:\/\/lojaopening.com.br\/shopp\/shopp\/"},{"@type":"ListItem","position":3,"name":"TRIP\u00c9 PROFISSIONAL MANFROTTO 475B SEM CABE\u00c7OTE"}]},{"@type":"WebSite","@id":"https:\/\/lojaopening.com.br\/shopp\/#website","url":"https:\/\/lojaopening.com.br\/shopp\/","name":"Loja Opening","description":"","publisher":{"@id":"https:\/\/lojaopening.com.br\/shopp\/#organization"},"potentialAction":[{"@type":"SearchAction","target":{"@type":"EntryPoint","urlTemplate":"https:\/\/lojaopening.com.br\/shopp\/?s={search_term_string}"},"query-input":{"@type":"PropertyValueSpecification","valueRequired":true,"valueName":"search_term_string"}}],"inLanguage":"pt-PT"},{"@type":"Organization","@id":"https:\/\/lojaopening.com.br\/shopp\/#organization","name":"Opening World Coml Import Export Ltda","url":"https:\/\/lojaopening.com.br\/shopp\/","logo":{"@type":"ImageObject","inLanguage":"pt-PT","@id":"https:\/\/lojaopening.com.br\/shopp\/#\/schema\/logo\/image\/","url":"https:\/\/lojaopening.com.br\/wp-content\/uploads\/2020\/09\/logo_header.png","contentUrl":"https:\/\/lojaopening.com.br\/wp-content\/uploads\/2020\/09\/logo_header.png","width":1279,"height":328,"caption":"Opening World Coml Import Export Ltda"},"image":{"@id":"https:\/\/lojaopening.com.br\/shopp\/#\/schema\/logo\/image\/"}}]}},"_links":{"self":[{"href":"https:\/\/lojaopening.com.br\/shopp\/wp-json\/wp\/v2\/product\/746","targetHints":{"allow":["GET"]}}],"collection":[{"href":"https:\/\/lojaopening.com.br\/shopp\/wp-json\/wp\/v2\/product"}],"about":[{"href":"https:\/\/lojaopening.com.br\/shopp\/wp-json\/wp\/v2\/types\/product"}],"wp:featuredmedia":[{"embeddable":true,"href":"https:\/\/lojaopening.com.br\/shopp\/wp-json\/wp\/v2\/media\/814"}],"wp:attachment":[{"href":"https:\/\/lojaopening.com.br\/shopp\/wp-json\/wp\/v2\/media?parent=746"}],"wp:term":[{"taxonomy":"product_brand","embeddable":true,"href":"https:\/\/lojaopening.com.br\/shopp\/wp-json\/wp\/v2\/product_brand?post=746"},{"taxonomy":"product_cat","embeddable":true,"href":"https:\/\/lojaopening.com.br\/shopp\/wp-json\/wp\/v2\/product_cat?post=746"},{"taxonomy":"product_tag","embeddable":true,"href":"https:\/\/lojaopening.com.br\/shopp\/wp-json\/wp\/v2\/product_tag?post=746"}],"curies":[{"name":"wp","href":"https:\/\/api.w.org\/{rel}","templated":true}]}}