{"id":747,"date":"2020-09-04T04:06:54","date_gmt":"2020-09-04T04:06:54","guid":{"rendered":"https:\/\/adsvance.me\/lojaopw\/produto\/cabecote-junior-geared-head-410-para-tripe-profissional-manfrotto\/"},"modified":"2023-05-27T19:21:22","modified_gmt":"2023-05-27T19:21:22","slug":"cabecote-junior-geared-head-410-para-tripe-profissional-manfrotto","status":"publish","type":"product","link":"https:\/\/lojaopening.com.br\/shopp\/produto\/cabecote-junior-geared-head-410-para-tripe-profissional-manfrotto\/","title":{"rendered":"CABE\u00c7OTE &#8211; Junior Geared Head 410 PARA TRIP\u00c9 PROFISSIONAL MANFROTTO"},"content":{"rendered":"<div class=\"divTabArea on\" id=\"div2\">\n<p><span style=\"font-family: arial black,avant garde;\"><br \/><\/span><\/p>\n<p>&nbsp;<\/p>\n<p>&nbsp;<\/p>\n<p>Para maiores informa\u00e7\u00f5es consulte: http:\/\/www.manfrotto.com<\/p>\n<p>&nbsp;<\/p>\n<p><span style=\"text-decoration: underline;\"><em><strong>CONDI\u00c7\u00d5ES COMERCIAIS<\/strong>:<\/em><\/span><\/p>\n<ul>\n<li>NCM: 9620.00.00<\/li>\n<li>EAN\/GTIN: 8024221060812<\/li>\n<li>Data de entrega: Imediato<\/li>\n<li>Local de entrega: Ex-Works &#8211; Belo Horizonte-MG &#8211; Informar transportadora de sua prefer\u00eancia<\/li>\n<li>ICMS: 18% incluso &#8211; V\u00e1lido para Minas Gerais ( outros Estados converter para a al\u00edquota de ICMS de 4% conforme RESOLU\u00c7\u00c3O SENADO FEDERAL 13\/2012)<\/li>\n<li>PIS: 0,65% &#8211; Incluso<\/li>\n<li>COFINS: 3%&nbsp; Incluso<\/li>\n<li>IRPJ: 1% Incluso<\/li>\n<li>CSSL: 1,2% Incluso<\/li>\n<li>IPI: 0% &#8211; N\u00e3o Incidente<\/li>\n<li>Condi\u00e7\u00f5es de Pagamento: A NEGOCIAR DE ACORDO COM O VOLUME DE COMPRAS &#8211;&nbsp; mediante aprova\u00e7\u00e3o Cadastral contra dep\u00f3sito no Banco do Brasil S\/A<\/li>\n<li>Origem do Produto: Importado, adquirido no mercado interno , integralmente tributado<\/li>\n<li>Fabricante: Manfrotto &#8211; USA<\/li>\n<li>CNPJ de faturamento: 71.347.934\/0001-42 &#8211;&nbsp; Opening World Coml Import Export Ltda<\/li>\n<\/ul>\n<p>&nbsp;<\/p>\n<ul>\n<li><em>PRE\u00c7OS V\u00c1LIDOS PARA FATURAMENTO PARA&nbsp;EMPRESAS COM CNPJ ATIVO, CONSUMIDOR FINAL. CONTRIBUINTE, PARA USO E CONSUMO PR\u00d3PRIO\/ATIVO NO ESTADO DE MINAS GERAIS. PARA OUTROS ESTADOS SOLICITE SUA COTA\u00c7\u00c3O PARA RECEBIMENTO DAS CONDI\u00c7\u00d5ES COMERCIAIS<\/em><\/li>\n<\/ul>\n<div class=\"Block Moveable Panel\" id=\"ProductWarranty\">\n<h3>Informa\u00e7\u00f5es sobre garantia<\/h3>\n<div class=\"ProductWarrantyContainer\">\n\t\t12 meses\n\t<\/div>\n<hr style=\"\" class=\"ProductSectionSeparator\">\n<\/div>\n<\/p><\/div>\n","protected":false},"excerpt":{"rendered":"<p>CABE\u00c7OTE &#8211; Junior Geared Head 410 PARA TRIP\u00c9 PROFISSIONAL MANFROTTO410<\/p>\n","protected":false},"featured_media":813,"template":"","meta":[],"product_brand":[],"product_cat":[250],"product_tag":[],"class_list":{"0":"post-747","1":"product","2":"type-product","3":"status-publish","4":"has-post-thumbnail","6":"product_cat-manfrotto","8":"first","9":"onbackorder","10":"shipping-taxable","11":"purchasable","12":"product-type-simple"},"yoast_head":"<!-- This site is optimized with the Yoast SEO plugin v27.2 - https:\/\/yoast.com\/product\/yoast-seo-wordpress\/ -->\n<title>CABE\u00c7OTE - Junior Geared Head 410 PARA TRIP\u00c9 PROFISSIONAL MANFROTTO - Loja Opening<\/title>\n<meta name=\"robots\" content=\"index, follow, max-snippet:-1, max-image-preview:large, max-video-preview:-1\" \/>\n<link rel=\"canonical\" href=\"https:\/\/lojaopening.com.br\/shopp\/produto\/cabecote-junior-geared-head-410-para-tripe-profissional-manfrotto\/\" \/>\n<meta property=\"og:locale\" content=\"pt_PT\" \/>\n<meta property=\"og:type\" content=\"article\" \/>\n<meta property=\"og:title\" content=\"CABE\u00c7OTE - Junior Geared Head 410 PARA TRIP\u00c9 PROFISSIONAL MANFROTTO - Loja Opening\" \/>\n<meta property=\"og:description\" content=\"CABE\u00c7OTE - Junior Geared Head 410 PARA TRIP\u00c9 PROFISSIONAL MANFROTTO410\" \/>\n<meta property=\"og:url\" content=\"https:\/\/lojaopening.com.br\/shopp\/produto\/cabecote-junior-geared-head-410-para-tripe-profissional-manfrotto\/\" \/>\n<meta property=\"og:site_name\" content=\"Loja Opening\" \/>\n<meta property=\"article:modified_time\" content=\"2023-05-27T19:21:22+00:00\" \/>\n<meta property=\"og:image\" content=\"https:\/\/lojaopening.com.br\/wp-content\/uploads\/2020\/09\/CABECOTE-Junior-Geared-Head-410-PARA-TRIPE-PROFISSIONAL-MANFROTTO.png\" \/>\n\t<meta property=\"og:image:width\" content=\"192\" \/>\n\t<meta property=\"og:image:height\" content=\"220\" \/>\n\t<meta property=\"og:image:type\" content=\"image\/png\" \/>\n<meta name=\"twitter:card\" content=\"summary_large_image\" \/>\n<meta name=\"twitter:label1\" content=\"Tempo estimado de leitura\" \/>\n\t<meta name=\"twitter:data1\" content=\"1 minuto\" \/>\n<script type=\"application\/ld+json\" class=\"yoast-schema-graph\">{\"@context\":\"https:\/\/schema.org\",\"@graph\":[{\"@type\":\"WebPage\",\"@id\":\"https:\/\/lojaopening.com.br\/shopp\/produto\/cabecote-junior-geared-head-410-para-tripe-profissional-manfrotto\/\",\"url\":\"https:\/\/lojaopening.com.br\/shopp\/produto\/cabecote-junior-geared-head-410-para-tripe-profissional-manfrotto\/\",\"name\":\"CABE\u00c7OTE - Junior Geared Head 410 PARA TRIP\u00c9 PROFISSIONAL MANFROTTO - Loja Opening\",\"isPartOf\":{\"@id\":\"https:\/\/lojaopening.com.br\/shopp\/#website\"},\"primaryImageOfPage\":{\"@id\":\"https:\/\/lojaopening.com.br\/shopp\/produto\/cabecote-junior-geared-head-410-para-tripe-profissional-manfrotto\/#primaryimage\"},\"image\":{\"@id\":\"https:\/\/lojaopening.com.br\/shopp\/produto\/cabecote-junior-geared-head-410-para-tripe-profissional-manfrotto\/#primaryimage\"},\"thumbnailUrl\":\"https:\/\/lojaopening.com.br\/wp-content\/uploads\/2020\/09\/CABECOTE-Junior-Geared-Head-410-PARA-TRIPE-PROFISSIONAL-MANFROTTO.png\",\"datePublished\":\"2020-09-04T04:06:54+00:00\",\"dateModified\":\"2023-05-27T19:21:22+00:00\",\"breadcrumb\":{\"@id\":\"https:\/\/lojaopening.com.br\/shopp\/produto\/cabecote-junior-geared-head-410-para-tripe-profissional-manfrotto\/#breadcrumb\"},\"inLanguage\":\"pt-PT\",\"potentialAction\":[{\"@type\":\"ReadAction\",\"target\":[\"https:\/\/lojaopening.com.br\/shopp\/produto\/cabecote-junior-geared-head-410-para-tripe-profissional-manfrotto\/\"]}]},{\"@type\":\"ImageObject\",\"inLanguage\":\"pt-PT\",\"@id\":\"https:\/\/lojaopening.com.br\/shopp\/produto\/cabecote-junior-geared-head-410-para-tripe-profissional-manfrotto\/#primaryimage\",\"url\":\"https:\/\/lojaopening.com.br\/wp-content\/uploads\/2020\/09\/CABECOTE-Junior-Geared-Head-410-PARA-TRIPE-PROFISSIONAL-MANFROTTO.png\",\"contentUrl\":\"https:\/\/lojaopening.com.br\/wp-content\/uploads\/2020\/09\/CABECOTE-Junior-Geared-Head-410-PARA-TRIPE-PROFISSIONAL-MANFROTTO.png\",\"width\":192,\"height\":220},{\"@type\":\"BreadcrumbList\",\"@id\":\"https:\/\/lojaopening.com.br\/shopp\/produto\/cabecote-junior-geared-head-410-para-tripe-profissional-manfrotto\/#breadcrumb\",\"itemListElement\":[{\"@type\":\"ListItem\",\"position\":1,\"name\":\"In\u00edcio\",\"item\":\"https:\/\/lojaopening.com.br\/shopp\/\"},{\"@type\":\"ListItem\",\"position\":2,\"name\":\"Shop\",\"item\":\"https:\/\/lojaopening.com.br\/shopp\/shopp\/\"},{\"@type\":\"ListItem\",\"position\":3,\"name\":\"CABE\u00c7OTE &#8211; Junior Geared Head 410 PARA TRIP\u00c9 PROFISSIONAL MANFROTTO\"}]},{\"@type\":\"WebSite\",\"@id\":\"https:\/\/lojaopening.com.br\/shopp\/#website\",\"url\":\"https:\/\/lojaopening.com.br\/shopp\/\",\"name\":\"Loja Opening\",\"description\":\"\",\"publisher\":{\"@id\":\"https:\/\/lojaopening.com.br\/shopp\/#organization\"},\"potentialAction\":[{\"@type\":\"SearchAction\",\"target\":{\"@type\":\"EntryPoint\",\"urlTemplate\":\"https:\/\/lojaopening.com.br\/shopp\/?s={search_term_string}\"},\"query-input\":{\"@type\":\"PropertyValueSpecification\",\"valueRequired\":true,\"valueName\":\"search_term_string\"}}],\"inLanguage\":\"pt-PT\"},{\"@type\":\"Organization\",\"@id\":\"https:\/\/lojaopening.com.br\/shopp\/#organization\",\"name\":\"Opening World Coml Import Export Ltda\",\"url\":\"https:\/\/lojaopening.com.br\/shopp\/\",\"logo\":{\"@type\":\"ImageObject\",\"inLanguage\":\"pt-PT\",\"@id\":\"https:\/\/lojaopening.com.br\/shopp\/#\/schema\/logo\/image\/\",\"url\":\"https:\/\/lojaopening.com.br\/wp-content\/uploads\/2020\/09\/logo_header.png\",\"contentUrl\":\"https:\/\/lojaopening.com.br\/wp-content\/uploads\/2020\/09\/logo_header.png\",\"width\":1279,\"height\":328,\"caption\":\"Opening World Coml Import Export Ltda\"},\"image\":{\"@id\":\"https:\/\/lojaopening.com.br\/shopp\/#\/schema\/logo\/image\/\"}}]}<\/script>\n<!-- \/ Yoast SEO plugin. -->","yoast_head_json":{"title":"CABE\u00c7OTE - Junior Geared Head 410 PARA TRIP\u00c9 PROFISSIONAL MANFROTTO - Loja Opening","robots":{"index":"index","follow":"follow","max-snippet":"max-snippet:-1","max-image-preview":"max-image-preview:large","max-video-preview":"max-video-preview:-1"},"canonical":"https:\/\/lojaopening.com.br\/shopp\/produto\/cabecote-junior-geared-head-410-para-tripe-profissional-manfrotto\/","og_locale":"pt_PT","og_type":"article","og_title":"CABE\u00c7OTE - Junior Geared Head 410 PARA TRIP\u00c9 PROFISSIONAL MANFROTTO - Loja Opening","og_description":"CABE\u00c7OTE - Junior Geared Head 410 PARA TRIP\u00c9 PROFISSIONAL MANFROTTO410","og_url":"https:\/\/lojaopening.com.br\/shopp\/produto\/cabecote-junior-geared-head-410-para-tripe-profissional-manfrotto\/","og_site_name":"Loja Opening","article_modified_time":"2023-05-27T19:21:22+00:00","og_image":[{"width":192,"height":220,"url":"https:\/\/lojaopening.com.br\/wp-content\/uploads\/2020\/09\/CABECOTE-Junior-Geared-Head-410-PARA-TRIPE-PROFISSIONAL-MANFROTTO.png","type":"image\/png"}],"twitter_card":"summary_large_image","twitter_misc":{"Tempo estimado de leitura":"1 minuto"},"schema":{"@context":"https:\/\/schema.org","@graph":[{"@type":"WebPage","@id":"https:\/\/lojaopening.com.br\/shopp\/produto\/cabecote-junior-geared-head-410-para-tripe-profissional-manfrotto\/","url":"https:\/\/lojaopening.com.br\/shopp\/produto\/cabecote-junior-geared-head-410-para-tripe-profissional-manfrotto\/","name":"CABE\u00c7OTE - Junior Geared Head 410 PARA TRIP\u00c9 PROFISSIONAL MANFROTTO - Loja Opening","isPartOf":{"@id":"https:\/\/lojaopening.com.br\/shopp\/#website"},"primaryImageOfPage":{"@id":"https:\/\/lojaopening.com.br\/shopp\/produto\/cabecote-junior-geared-head-410-para-tripe-profissional-manfrotto\/#primaryimage"},"image":{"@id":"https:\/\/lojaopening.com.br\/shopp\/produto\/cabecote-junior-geared-head-410-para-tripe-profissional-manfrotto\/#primaryimage"},"thumbnailUrl":"https:\/\/lojaopening.com.br\/wp-content\/uploads\/2020\/09\/CABECOTE-Junior-Geared-Head-410-PARA-TRIPE-PROFISSIONAL-MANFROTTO.png","datePublished":"2020-09-04T04:06:54+00:00","dateModified":"2023-05-27T19:21:22+00:00","breadcrumb":{"@id":"https:\/\/lojaopening.com.br\/shopp\/produto\/cabecote-junior-geared-head-410-para-tripe-profissional-manfrotto\/#breadcrumb"},"inLanguage":"pt-PT","potentialAction":[{"@type":"ReadAction","target":["https:\/\/lojaopening.com.br\/shopp\/produto\/cabecote-junior-geared-head-410-para-tripe-profissional-manfrotto\/"]}]},{"@type":"ImageObject","inLanguage":"pt-PT","@id":"https:\/\/lojaopening.com.br\/shopp\/produto\/cabecote-junior-geared-head-410-para-tripe-profissional-manfrotto\/#primaryimage","url":"https:\/\/lojaopening.com.br\/wp-content\/uploads\/2020\/09\/CABECOTE-Junior-Geared-Head-410-PARA-TRIPE-PROFISSIONAL-MANFROTTO.png","contentUrl":"https:\/\/lojaopening.com.br\/wp-content\/uploads\/2020\/09\/CABECOTE-Junior-Geared-Head-410-PARA-TRIPE-PROFISSIONAL-MANFROTTO.png","width":192,"height":220},{"@type":"BreadcrumbList","@id":"https:\/\/lojaopening.com.br\/shopp\/produto\/cabecote-junior-geared-head-410-para-tripe-profissional-manfrotto\/#breadcrumb","itemListElement":[{"@type":"ListItem","position":1,"name":"In\u00edcio","item":"https:\/\/lojaopening.com.br\/shopp\/"},{"@type":"ListItem","position":2,"name":"Shop","item":"https:\/\/lojaopening.com.br\/shopp\/shopp\/"},{"@type":"ListItem","position":3,"name":"CABE\u00c7OTE &#8211; Junior Geared Head 410 PARA TRIP\u00c9 PROFISSIONAL MANFROTTO"}]},{"@type":"WebSite","@id":"https:\/\/lojaopening.com.br\/shopp\/#website","url":"https:\/\/lojaopening.com.br\/shopp\/","name":"Loja Opening","description":"","publisher":{"@id":"https:\/\/lojaopening.com.br\/shopp\/#organization"},"potentialAction":[{"@type":"SearchAction","target":{"@type":"EntryPoint","urlTemplate":"https:\/\/lojaopening.com.br\/shopp\/?s={search_term_string}"},"query-input":{"@type":"PropertyValueSpecification","valueRequired":true,"valueName":"search_term_string"}}],"inLanguage":"pt-PT"},{"@type":"Organization","@id":"https:\/\/lojaopening.com.br\/shopp\/#organization","name":"Opening World Coml Import Export Ltda","url":"https:\/\/lojaopening.com.br\/shopp\/","logo":{"@type":"ImageObject","inLanguage":"pt-PT","@id":"https:\/\/lojaopening.com.br\/shopp\/#\/schema\/logo\/image\/","url":"https:\/\/lojaopening.com.br\/wp-content\/uploads\/2020\/09\/logo_header.png","contentUrl":"https:\/\/lojaopening.com.br\/wp-content\/uploads\/2020\/09\/logo_header.png","width":1279,"height":328,"caption":"Opening World Coml Import Export Ltda"},"image":{"@id":"https:\/\/lojaopening.com.br\/shopp\/#\/schema\/logo\/image\/"}}]}},"_links":{"self":[{"href":"https:\/\/lojaopening.com.br\/shopp\/wp-json\/wp\/v2\/product\/747","targetHints":{"allow":["GET"]}}],"collection":[{"href":"https:\/\/lojaopening.com.br\/shopp\/wp-json\/wp\/v2\/product"}],"about":[{"href":"https:\/\/lojaopening.com.br\/shopp\/wp-json\/wp\/v2\/types\/product"}],"wp:featuredmedia":[{"embeddable":true,"href":"https:\/\/lojaopening.com.br\/shopp\/wp-json\/wp\/v2\/media\/813"}],"wp:attachment":[{"href":"https:\/\/lojaopening.com.br\/shopp\/wp-json\/wp\/v2\/media?parent=747"}],"wp:term":[{"taxonomy":"product_brand","embeddable":true,"href":"https:\/\/lojaopening.com.br\/shopp\/wp-json\/wp\/v2\/product_brand?post=747"},{"taxonomy":"product_cat","embeddable":true,"href":"https:\/\/lojaopening.com.br\/shopp\/wp-json\/wp\/v2\/product_cat?post=747"},{"taxonomy":"product_tag","embeddable":true,"href":"https:\/\/lojaopening.com.br\/shopp\/wp-json\/wp\/v2\/product_tag?post=747"}],"curies":[{"name":"wp","href":"https:\/\/api.w.org\/{rel}","templated":true}]}}