{"id":748,"date":"2020-09-04T04:07:14","date_gmt":"2020-09-04T04:07:14","guid":{"rendered":"https:\/\/adsvance.me\/lojaopw\/produto\/aquecedor-eletrico-para-quadro-de-distribuicao-csk-060-06030-0-00\/"},"modified":"2023-05-27T19:21:22","modified_gmt":"2023-05-27T19:21:22","slug":"aquecedor-eletrico-para-quadro-de-distribuicao-csk-060-06030-0-00","status":"publish","type":"product","link":"https:\/\/lojaopening.com.br\/shopp\/produto\/aquecedor-eletrico-para-quadro-de-distribuicao-csk-060-06030-0-00\/","title":{"rendered":"Aquecedor El\u00e9trico para Quadro de Distribui\u00e7\u00e3o CSK 060 06030.0-00"},"content":{"rendered":"<h1>\u00a0 AQUECEDOR EL\u00c9TRICO CSK 060 PARA QUADRO DE DISTRIBUI\u00c7\u00c3O\/ARM\u00c1RIOS<\/h1>\n<p>&nbsp;<\/p>\n<p>Os aquecedores s\u00e3o usados para evitar \u00e1gua de condensa\u00e7\u00e3o e diminui\u00e7\u00e3o de temperatura em arm\u00e1rios de comuta\u00e7\u00e3o. Os aquecedores somente podem ser usados em arm\u00e1rios de comuta\u00e7\u00e3o estacion\u00e1rios e fechados. Nos aquecedores sem termostato integrado, \u00e9 necess\u00e1rio ligar um termostato adequado em linha com o aquecedor, para o controle da temperatura. \u00a0Os aquecedores n\u00e3o podem ser usados para aquecimento de quartos. \u00a0 \u00a0\u00a0 \u00a0DICAS DE SEGURAN\u00c7A \u00a0 \u00b7<\/p>\n<p>A instala\u00e7\u00e3o pode ser efetuada apenas por pessoal especializado em instala\u00e7\u00f5es el\u00e9tricas e qualificado, sob observa\u00e7\u00e3o das diretrizes de abastecimento \u00a0 el\u00e9trico caracter\u00edsticas do Pa\u00eds de localiza\u00e7\u00e3o ( IEC 60364). \u00b7<\/p>\n<p>As medidas de seguran\u00e7a confome VDE 0100 devem ser garantidas. \u00b7<\/p>\n<p>Os dados t\u00e9cnicos da placa de identifica\u00e7\u00e3o devem ser rigorosamente respeitados \u00b7<\/p>\n<p>Ao instal\u00e1-lo, o detentor do aquecedor deve assegurar que, pe\u00e7as que se encontrem montadas acima da grade de sa\u00edda de ar, n\u00e3o sejam danificadas pelo ar quente de sa\u00edda.<\/p>\n<p>O aparelho deve ser conectado \u00e0 rede por meio de um dispositivo de separa\u00e7\u00e3o de todos os polos (com dist\u00e2ncia de contato no m\u00ednimo de 3mm, quando desativado.) \u00b7<\/p>\n<p>O aparelho n\u00e3o pode operar em ambientes com ar agressivo. \u00b7<\/p>\n<p>O aparelho \u00e9 montado na horizontal ( dire\u00e7\u00e3o de sa\u00edda do ar para cima) \u00b7<\/p>\n<p>Ao reconhecer danos ou mau funcionamento do aquecedor, o aparelho n\u00e3o deve ser consertado ou ligado ( desfazer-se do aquecedor ) \u00b7<\/p>\n<p>Desmontar o aquecedor somente quando este tiver se resfriado.<\/p>\n<p>ATEN\u00c7\u00c3O\u00a0 \u00a0O AQUECEDOR N\u00c3O PODE SER MONTADO SOBRE MATERIAIS QUE INFLAMEM COM FACILIDADE ( Exemplo: Madeira, Pl\u00e1sticos etc..)<\/p>\n<p>Condi\u00e7\u00f5es Comerciais<\/p>\n<p>ICMS: 18% \u00a0&#8211; INCLUSO \u2013 ( Dentro de MG )<\/p>\n<p>Para opera\u00e7\u00f5es Interestaduais ( outros estados) converter para a al\u00edquota do estado de destino considerando a al\u00edquota Interestadual para produtos importados conforme Resolu\u00e7\u00e3o do Senado Federal 13\/2012.<\/p>\n<p>NCM: 8505.19.90<\/p>\n<p>PIS: 0,65% e\u00a0 COFINS: 3% INCLUSOS ( Op\u00e7\u00e3o: Lucro Presumido, Cumulativo)<\/p>\n<p>Local de entrega: EX-WORKS \u2013 Sua transportadora retira<\/p>\n<p>Prazo de entrega: Imediato ( Salvo venda pr\u00e9via )<\/p>\n<p>Origem: Importado ,integralmente tributado CFOP \u2013 5.102 ( Vendas para DENTRO DO ESTADO DE MG)<\/p>\n<p>CFOP: 6.102 ( Vendas para FORA DO ESTADO DE MG) CST &#8211; 200<\/p>\n<p>Destina\u00e7\u00e3o: Consumo<\/p>\n<p>Garantia: 6 meses<\/p>\n<p>Condi\u00e7\u00f5es de pagamento: 30 dias ap\u00f3s entrega mediante aprova\u00e7\u00e3o cadastral<\/p>\n<p>Refer\u00eancia Oferta v\u00e1lida para empresas contribuintes do ICMS com CNPJ e Inscri\u00e7\u00e3o Estadual Ativos<\/p>\n<p>Quantidade m\u00ednima: 1 Unidade<\/p>\n<p>Peso por caixa: 170g<\/p>\n<p>Dimens\u00f5es da caixa: (C X LX A): \u00a00,98 x 0,75 x 0,38cm<\/p>\n<p>CNPJ de faturamento: 71.347.934\/0001-42<\/p>\n<p>DUNS : 90556-8056<\/p>\n","protected":false},"excerpt":{"rendered":"<p>Aquecedor El\u00e9trico para Quadro de Distribui\u00e7\u00e3o CSK 06006030.0-00<\/p>\n","protected":false},"featured_media":824,"template":"","meta":[],"product_brand":[],"product_cat":[38,602],"product_tag":[],"class_list":{"0":"post-748","1":"product","2":"type-product","3":"status-publish","4":"has-post-thumbnail","6":"product_cat-automacao-industrial","7":"product_cat-stego","9":"first","10":"onbackorder","11":"shipping-taxable","12":"purchasable","13":"product-type-simple"},"yoast_head":"<!-- This site is optimized with the Yoast SEO plugin v27.2 - https:\/\/yoast.com\/product\/yoast-seo-wordpress\/ -->\n<title>Aquecedor El\u00e9trico para Quadro de Distribui\u00e7\u00e3o CSK 060 06030.0-00 - Loja Opening<\/title>\n<meta name=\"robots\" content=\"index, follow, max-snippet:-1, max-image-preview:large, max-video-preview:-1\" \/>\n<link rel=\"canonical\" href=\"https:\/\/lojaopening.com.br\/shopp\/produto\/aquecedor-eletrico-para-quadro-de-distribuicao-csk-060-06030-0-00\/\" \/>\n<meta property=\"og:locale\" content=\"pt_PT\" \/>\n<meta property=\"og:type\" content=\"article\" \/>\n<meta property=\"og:title\" content=\"Aquecedor El\u00e9trico para Quadro de Distribui\u00e7\u00e3o CSK 060 06030.0-00 - Loja Opening\" \/>\n<meta property=\"og:description\" content=\"Aquecedor El\u00e9trico para Quadro de Distribui\u00e7\u00e3o CSK 06006030.0-00\" \/>\n<meta property=\"og:url\" content=\"https:\/\/lojaopening.com.br\/shopp\/produto\/aquecedor-eletrico-para-quadro-de-distribuicao-csk-060-06030-0-00\/\" \/>\n<meta property=\"og:site_name\" content=\"Loja Opening\" \/>\n<meta property=\"article:modified_time\" content=\"2023-05-27T19:21:22+00:00\" \/>\n<meta property=\"og:image\" content=\"https:\/\/lojaopening.com.br\/wp-content\/uploads\/2020\/09\/Aquecedor-ElE9trico-para-Quadro-de-DistribuiE7E3o-CSK-060.jpg\" \/>\n\t<meta property=\"og:image:width\" content=\"180\" \/>\n\t<meta property=\"og:image:height\" content=\"237\" \/>\n\t<meta property=\"og:image:type\" content=\"image\/jpeg\" \/>\n<meta name=\"twitter:card\" content=\"summary_large_image\" \/>\n<meta name=\"twitter:label1\" content=\"Tempo estimado de leitura\" \/>\n\t<meta name=\"twitter:data1\" content=\"2 minutos\" \/>\n<script type=\"application\/ld+json\" class=\"yoast-schema-graph\">{\"@context\":\"https:\/\/schema.org\",\"@graph\":[{\"@type\":\"WebPage\",\"@id\":\"https:\/\/lojaopening.com.br\/shopp\/produto\/aquecedor-eletrico-para-quadro-de-distribuicao-csk-060-06030-0-00\/\",\"url\":\"https:\/\/lojaopening.com.br\/shopp\/produto\/aquecedor-eletrico-para-quadro-de-distribuicao-csk-060-06030-0-00\/\",\"name\":\"Aquecedor El\u00e9trico para Quadro de Distribui\u00e7\u00e3o CSK 060 06030.0-00 - Loja Opening\",\"isPartOf\":{\"@id\":\"https:\/\/lojaopening.com.br\/shopp\/#website\"},\"primaryImageOfPage\":{\"@id\":\"https:\/\/lojaopening.com.br\/shopp\/produto\/aquecedor-eletrico-para-quadro-de-distribuicao-csk-060-06030-0-00\/#primaryimage\"},\"image\":{\"@id\":\"https:\/\/lojaopening.com.br\/shopp\/produto\/aquecedor-eletrico-para-quadro-de-distribuicao-csk-060-06030-0-00\/#primaryimage\"},\"thumbnailUrl\":\"https:\/\/lojaopening.com.br\/wp-content\/uploads\/2020\/09\/Aquecedor-ElE9trico-para-Quadro-de-DistribuiE7E3o-CSK-060.jpg\",\"datePublished\":\"2020-09-04T04:07:14+00:00\",\"dateModified\":\"2023-05-27T19:21:22+00:00\",\"breadcrumb\":{\"@id\":\"https:\/\/lojaopening.com.br\/shopp\/produto\/aquecedor-eletrico-para-quadro-de-distribuicao-csk-060-06030-0-00\/#breadcrumb\"},\"inLanguage\":\"pt-PT\",\"potentialAction\":[{\"@type\":\"ReadAction\",\"target\":[\"https:\/\/lojaopening.com.br\/shopp\/produto\/aquecedor-eletrico-para-quadro-de-distribuicao-csk-060-06030-0-00\/\"]}]},{\"@type\":\"ImageObject\",\"inLanguage\":\"pt-PT\",\"@id\":\"https:\/\/lojaopening.com.br\/shopp\/produto\/aquecedor-eletrico-para-quadro-de-distribuicao-csk-060-06030-0-00\/#primaryimage\",\"url\":\"https:\/\/lojaopening.com.br\/wp-content\/uploads\/2020\/09\/Aquecedor-ElE9trico-para-Quadro-de-DistribuiE7E3o-CSK-060.jpg\",\"contentUrl\":\"https:\/\/lojaopening.com.br\/wp-content\/uploads\/2020\/09\/Aquecedor-ElE9trico-para-Quadro-de-DistribuiE7E3o-CSK-060.jpg\",\"width\":180,\"height\":237},{\"@type\":\"BreadcrumbList\",\"@id\":\"https:\/\/lojaopening.com.br\/shopp\/produto\/aquecedor-eletrico-para-quadro-de-distribuicao-csk-060-06030-0-00\/#breadcrumb\",\"itemListElement\":[{\"@type\":\"ListItem\",\"position\":1,\"name\":\"In\u00edcio\",\"item\":\"https:\/\/lojaopening.com.br\/shopp\/\"},{\"@type\":\"ListItem\",\"position\":2,\"name\":\"Shop\",\"item\":\"https:\/\/lojaopening.com.br\/shopp\/shopp\/\"},{\"@type\":\"ListItem\",\"position\":3,\"name\":\"Aquecedor El\u00e9trico para Quadro de Distribui\u00e7\u00e3o CSK 060 06030.0-00\"}]},{\"@type\":\"WebSite\",\"@id\":\"https:\/\/lojaopening.com.br\/shopp\/#website\",\"url\":\"https:\/\/lojaopening.com.br\/shopp\/\",\"name\":\"Loja Opening\",\"description\":\"\",\"publisher\":{\"@id\":\"https:\/\/lojaopening.com.br\/shopp\/#organization\"},\"potentialAction\":[{\"@type\":\"SearchAction\",\"target\":{\"@type\":\"EntryPoint\",\"urlTemplate\":\"https:\/\/lojaopening.com.br\/shopp\/?s={search_term_string}\"},\"query-input\":{\"@type\":\"PropertyValueSpecification\",\"valueRequired\":true,\"valueName\":\"search_term_string\"}}],\"inLanguage\":\"pt-PT\"},{\"@type\":\"Organization\",\"@id\":\"https:\/\/lojaopening.com.br\/shopp\/#organization\",\"name\":\"Opening World Coml Import Export Ltda\",\"url\":\"https:\/\/lojaopening.com.br\/shopp\/\",\"logo\":{\"@type\":\"ImageObject\",\"inLanguage\":\"pt-PT\",\"@id\":\"https:\/\/lojaopening.com.br\/shopp\/#\/schema\/logo\/image\/\",\"url\":\"https:\/\/lojaopening.com.br\/wp-content\/uploads\/2020\/09\/logo_header.png\",\"contentUrl\":\"https:\/\/lojaopening.com.br\/wp-content\/uploads\/2020\/09\/logo_header.png\",\"width\":1279,\"height\":328,\"caption\":\"Opening World Coml Import Export Ltda\"},\"image\":{\"@id\":\"https:\/\/lojaopening.com.br\/shopp\/#\/schema\/logo\/image\/\"}}]}<\/script>\n<!-- \/ Yoast SEO plugin. -->","yoast_head_json":{"title":"Aquecedor El\u00e9trico para Quadro de Distribui\u00e7\u00e3o CSK 060 06030.0-00 - Loja Opening","robots":{"index":"index","follow":"follow","max-snippet":"max-snippet:-1","max-image-preview":"max-image-preview:large","max-video-preview":"max-video-preview:-1"},"canonical":"https:\/\/lojaopening.com.br\/shopp\/produto\/aquecedor-eletrico-para-quadro-de-distribuicao-csk-060-06030-0-00\/","og_locale":"pt_PT","og_type":"article","og_title":"Aquecedor El\u00e9trico para Quadro de Distribui\u00e7\u00e3o CSK 060 06030.0-00 - Loja Opening","og_description":"Aquecedor El\u00e9trico para Quadro de Distribui\u00e7\u00e3o CSK 06006030.0-00","og_url":"https:\/\/lojaopening.com.br\/shopp\/produto\/aquecedor-eletrico-para-quadro-de-distribuicao-csk-060-06030-0-00\/","og_site_name":"Loja Opening","article_modified_time":"2023-05-27T19:21:22+00:00","og_image":[{"width":180,"height":237,"url":"https:\/\/lojaopening.com.br\/wp-content\/uploads\/2020\/09\/Aquecedor-ElE9trico-para-Quadro-de-DistribuiE7E3o-CSK-060.jpg","type":"image\/jpeg"}],"twitter_card":"summary_large_image","twitter_misc":{"Tempo estimado de leitura":"2 minutos"},"schema":{"@context":"https:\/\/schema.org","@graph":[{"@type":"WebPage","@id":"https:\/\/lojaopening.com.br\/shopp\/produto\/aquecedor-eletrico-para-quadro-de-distribuicao-csk-060-06030-0-00\/","url":"https:\/\/lojaopening.com.br\/shopp\/produto\/aquecedor-eletrico-para-quadro-de-distribuicao-csk-060-06030-0-00\/","name":"Aquecedor El\u00e9trico para Quadro de Distribui\u00e7\u00e3o CSK 060 06030.0-00 - Loja Opening","isPartOf":{"@id":"https:\/\/lojaopening.com.br\/shopp\/#website"},"primaryImageOfPage":{"@id":"https:\/\/lojaopening.com.br\/shopp\/produto\/aquecedor-eletrico-para-quadro-de-distribuicao-csk-060-06030-0-00\/#primaryimage"},"image":{"@id":"https:\/\/lojaopening.com.br\/shopp\/produto\/aquecedor-eletrico-para-quadro-de-distribuicao-csk-060-06030-0-00\/#primaryimage"},"thumbnailUrl":"https:\/\/lojaopening.com.br\/wp-content\/uploads\/2020\/09\/Aquecedor-ElE9trico-para-Quadro-de-DistribuiE7E3o-CSK-060.jpg","datePublished":"2020-09-04T04:07:14+00:00","dateModified":"2023-05-27T19:21:22+00:00","breadcrumb":{"@id":"https:\/\/lojaopening.com.br\/shopp\/produto\/aquecedor-eletrico-para-quadro-de-distribuicao-csk-060-06030-0-00\/#breadcrumb"},"inLanguage":"pt-PT","potentialAction":[{"@type":"ReadAction","target":["https:\/\/lojaopening.com.br\/shopp\/produto\/aquecedor-eletrico-para-quadro-de-distribuicao-csk-060-06030-0-00\/"]}]},{"@type":"ImageObject","inLanguage":"pt-PT","@id":"https:\/\/lojaopening.com.br\/shopp\/produto\/aquecedor-eletrico-para-quadro-de-distribuicao-csk-060-06030-0-00\/#primaryimage","url":"https:\/\/lojaopening.com.br\/wp-content\/uploads\/2020\/09\/Aquecedor-ElE9trico-para-Quadro-de-DistribuiE7E3o-CSK-060.jpg","contentUrl":"https:\/\/lojaopening.com.br\/wp-content\/uploads\/2020\/09\/Aquecedor-ElE9trico-para-Quadro-de-DistribuiE7E3o-CSK-060.jpg","width":180,"height":237},{"@type":"BreadcrumbList","@id":"https:\/\/lojaopening.com.br\/shopp\/produto\/aquecedor-eletrico-para-quadro-de-distribuicao-csk-060-06030-0-00\/#breadcrumb","itemListElement":[{"@type":"ListItem","position":1,"name":"In\u00edcio","item":"https:\/\/lojaopening.com.br\/shopp\/"},{"@type":"ListItem","position":2,"name":"Shop","item":"https:\/\/lojaopening.com.br\/shopp\/shopp\/"},{"@type":"ListItem","position":3,"name":"Aquecedor El\u00e9trico para Quadro de Distribui\u00e7\u00e3o CSK 060 06030.0-00"}]},{"@type":"WebSite","@id":"https:\/\/lojaopening.com.br\/shopp\/#website","url":"https:\/\/lojaopening.com.br\/shopp\/","name":"Loja Opening","description":"","publisher":{"@id":"https:\/\/lojaopening.com.br\/shopp\/#organization"},"potentialAction":[{"@type":"SearchAction","target":{"@type":"EntryPoint","urlTemplate":"https:\/\/lojaopening.com.br\/shopp\/?s={search_term_string}"},"query-input":{"@type":"PropertyValueSpecification","valueRequired":true,"valueName":"search_term_string"}}],"inLanguage":"pt-PT"},{"@type":"Organization","@id":"https:\/\/lojaopening.com.br\/shopp\/#organization","name":"Opening World Coml Import Export Ltda","url":"https:\/\/lojaopening.com.br\/shopp\/","logo":{"@type":"ImageObject","inLanguage":"pt-PT","@id":"https:\/\/lojaopening.com.br\/shopp\/#\/schema\/logo\/image\/","url":"https:\/\/lojaopening.com.br\/wp-content\/uploads\/2020\/09\/logo_header.png","contentUrl":"https:\/\/lojaopening.com.br\/wp-content\/uploads\/2020\/09\/logo_header.png","width":1279,"height":328,"caption":"Opening World Coml Import Export Ltda"},"image":{"@id":"https:\/\/lojaopening.com.br\/shopp\/#\/schema\/logo\/image\/"}}]}},"_links":{"self":[{"href":"https:\/\/lojaopening.com.br\/shopp\/wp-json\/wp\/v2\/product\/748","targetHints":{"allow":["GET"]}}],"collection":[{"href":"https:\/\/lojaopening.com.br\/shopp\/wp-json\/wp\/v2\/product"}],"about":[{"href":"https:\/\/lojaopening.com.br\/shopp\/wp-json\/wp\/v2\/types\/product"}],"wp:featuredmedia":[{"embeddable":true,"href":"https:\/\/lojaopening.com.br\/shopp\/wp-json\/wp\/v2\/media\/824"}],"wp:attachment":[{"href":"https:\/\/lojaopening.com.br\/shopp\/wp-json\/wp\/v2\/media?parent=748"}],"wp:term":[{"taxonomy":"product_brand","embeddable":true,"href":"https:\/\/lojaopening.com.br\/shopp\/wp-json\/wp\/v2\/product_brand?post=748"},{"taxonomy":"product_cat","embeddable":true,"href":"https:\/\/lojaopening.com.br\/shopp\/wp-json\/wp\/v2\/product_cat?post=748"},{"taxonomy":"product_tag","embeddable":true,"href":"https:\/\/lojaopening.com.br\/shopp\/wp-json\/wp\/v2\/product_tag?post=748"}],"curies":[{"name":"wp","href":"https:\/\/api.w.org\/{rel}","templated":true}]}}