{"id":749,"date":"2020-09-04T04:07:25","date_gmt":"2020-09-04T04:07:25","guid":{"rendered":"https:\/\/adsvance.me\/lojaopw\/produto\/filamento-abs-premium-1-75mm-para-impressora-3d-carretel-com-1kg-f3db-fil3d\/"},"modified":"2023-05-27T19:21:21","modified_gmt":"2023-05-27T19:21:21","slug":"filamento-abs-premium-1-75mm-para-impressora-3d-carretel-com-1kg-f3db-fil3d","status":"publish","type":"product","link":"https:\/\/lojaopening.com.br\/shopp\/produto\/filamento-abs-premium-1-75mm-para-impressora-3d-carretel-com-1kg-f3db-fil3d\/","title":{"rendered":"Filamento ABS Premium 1.75mm para impressora 3D &#8211; Carretel com 1Kg &#8211; F3DB FIL3D"},"content":{"rendered":"<h3>QUAL \u00c9 A DIFEREN\u00c7A ENTRE ABS E PLA?<\/h3>\n<p>Goste ou n\u00e3o, voc\u00ea \u00a0n\u00e3o pode simplesmente sair e \u00a0come\u00e7ar uma impress\u00e3o 3D sem algum conhecimento pr\u00e9vio sobre filamentos.\u00a0N\u00e3o importa o qu\u00e3o impressionante a impressora 3D \u00e9, escolher o filamento errado pode fazer a sua pr\u00f3xima impress\u00e3o parecer que saiu de uma guerra.\u00a0Portanto, neste artigo, iremos abordar o b\u00e1sico para a impress\u00e3o com os dois tipos de filamentos mais populares &#8211; ABS e PLA O que \u00e9 o filamento para impress\u00e3o 3D? Impressoras 3D n\u00e3o apenas produzem modelos por si s\u00f3, \u00e9 necess\u00e1rio que algum tipo de material seja utilizado, a fim de fazer com que o modelo obtido atenda as necessidades e funcionalidades pr\u00e9 estabelecidas.\u00a0O material em quest\u00e3o \u00e9 chamado de filamento, e \u00e9 ele o ingrediente principal na sua impressora 3D. Sua defini\u00e7\u00e3o formal \u00e9 monofilamento pl\u00e1stico e o mesmo \u00e9 fornecido normalmente em carret\u00e9is de 1kg, podendo ser encontrado tamb\u00e9m em por\u00e7\u00f5es menores de 0,5 e 250 gr. Os dois mais&#8230; Hoje no mundo das impressoras 3D, dois s\u00e3o os materiais mais utilizados. Estamos falando do ABS e do PLA. Existem v\u00e1rios outros tipos de materiais que iremos abordar em outras oportunidades. Na sua grande maioria materiais para fun\u00e7\u00f5es especificas. Como este mercado \u00e9 muito din\u00e2mico, neste momento mesmo algum material novo est\u00e1 sendo criado. Como a ideia aqui \u00e9 falarmos dos mais usados, iremos nos ater na dupla din\u00e2mica mesmo. Sendo assim, vamos ao que interessa. ABS Provavelmente ainda o mais utilizado dos filamentos\u00a0\u00e9 a\u00a0acrilonitrila butadieno estireno, ou simplesmente ABS \u00e9 um dos tipos mais facilmente encontrados. \u00c9 utilizado para fazer uma variedade muito grande de objetos devido as suas caracter\u00edsticas. Sua utiliza\u00e7\u00e3o depende de uma m\u00e1quina com mesa aquecida e de um pouquinho de conhecimento, principalmente para domar um tal de \u201cwarp\u201d (processo de encolhimento do material) o qual causa descolamento de camadas e tb da mesa. Tamb\u00e9m tem o fato de algumas pessoas n\u00e3o gostarem do cheiro dos gases liberados durante a impress\u00e3o. ABS \u00e9 definitivamente o mais barato dos dois, e \u00e9 mais adequado para \u00a0usu\u00e1rios avan\u00e7ados, devido a alguns ajustes extras que se fazem necess\u00e1rios em sua impressora para obter as defini\u00e7\u00f5es corretas.\u00a0O fato de ser \u00a0menos fr\u00e1gil do que o PLA significa que as pe\u00e7as ter\u00e3o uma vida \u00fatil maior, sem preocupa\u00e7\u00f5es futuras. Este material \u00e9 provavelmente o mais antigo usado em impressoras 3D e isso se deu devido principalmente a sua facilidade geral de extrus\u00e3o, maior resist\u00eancia \u00e0 temperatura, a sua for\u00e7a e o fato de ser um \u00f3timo material para engenheiros, bem como para aplica\u00e7\u00f5es profissionais. PLA PLA, ou\u00a0\u00e1cido polil\u00e1tico\u00a0, um dos materiais mais usados entre os f\u00e3s de impress\u00e3o 3D.\u00a0Derivado do milho e outros amidos renov\u00e1veis, este material biodegrad\u00e1vel \u00e9 ambientalmente amig\u00e1vel e tem cheiro levemente adocicado. PLA tamb\u00e9m \u00e9 mais r\u00edgido e &#8220;pegajoso&#8221; do que ABS, por isso \u00e9 menos propenso a deforma\u00e7\u00e3o.\u00a0PLA n\u00e3o necessariamente\u00a0precisa de\u00a0uma mesa aquecida, por\u00e9m para a garantia de uma melhor qualidade de impress\u00e3o e poss\u00edvel descolamento, recomenda-se o uso da mesa aquecida em temperaturas de 50-60 \u00b0 C. Enfim, PLA \u00e9 um \u00f3timo material para uso tanto dom\u00e9stico como industrial.\u00a0Sua apar\u00eancia lustrosa, grande variedade de cores e op\u00e7\u00f5es diferentes de transpar\u00eancia fazem dele uma escolha ideal para os amadores e entusiastas de impress\u00e3o. Abaixo est\u00e1 uma tabela que destaca as diferen\u00e7as em cada filamento. \u00a0 \u00a0 Foto do famoso Esquilo da esquerda para a direita, sem e com acabamento feito atrav\u00e9s de vapor de acetona. \u00a0 Os pr\u00f3s e contras de ABS e PLA N\u00e3o podemos lhe dizer qual material que voc\u00ea deve usar, principalmente porque n\u00e3o sabemos qual pe\u00e7a ir\u00e1 imprimir.\u00a0Mas, podemos lhe auxiliar na sua escolha, fornecendo-lhe os pr\u00f3s e contras de cada um.\u00a0Se voc\u00ea realmente gosta dos \u00a0pr\u00f3s e pode lidar com os contras, ent\u00e3o este filamento \u00e9 a sua resposta. \u00a0 Pe\u00e7a feita em PLA F3DBl. Acabamento brilhoso e riqueza de detalhes Quando usar cada filamento Bom, agora j\u00e1 soubemos os detalhes para cada tipo e como ele faz isso, bom ou ruim em determinadas condi\u00e7\u00f5es.\u00a0Ent\u00e3o, sabendo das informa\u00e7\u00f5es acima, iremos ajudar, indicando os momentos em que voc\u00ea deve usar ABS, ou quando voc\u00ea deve optar pelo uso do \u00a0PLA. \u00a0 \u00a0 Conclus\u00e3o Estes s\u00e3o apenas dois tipos de filamentos mais usados e seus usos em uma impress\u00e3o 3D. Temos uma infinidade de tipos e a cada momento est\u00e3o desenvolvendo novos filamentos por ai. N\u00f3s mesmos estamos em constantes pesquisas para fornecer aos nossos clientes as novidades do mercado.<\/p>\n<p>Deixe sua opini\u00e3o a respeito de qual ou quais filamentos voc\u00ea gosta e gostaria de usar<\/p>\n<p>Condi\u00e7\u00f5es Comerciais<\/p>\n<p>&nbsp;<\/p>\n<p>Valor Unit\u00e1rio: ( Clique no bot\u00e3o COTA\u00c7\u00d5ES acima,\u00a0 e especifique sua necessidade que nosso departamento Comercial ir\u00e1 retornar com as informa\u00e7\u00f5es ICMS ( D\u00e9bito-Cr\u00e9dito)<\/p>\n<p>Regime Peri\u00f3dico de Tributa\u00e7\u00e3o: 12% para opera\u00e7\u00f5es Interestaduais e 18% para Opera\u00e7\u00f5es Internas<\/p>\n<p>IPI: 0% N\u00e3o Incidente<\/p>\n<p>NCM: 3916.90.10<\/p>\n<p>PIS: 0,65% &#8211;\u00a0 ( Op\u00e7\u00e3o: Lucro Presumido, Cumulativo) COFINS: 3% &#8211; ( Op\u00e7\u00e3o: Lucro Presumido, Cumulativo)<\/p>\n<p>Local de entrega: FOB &#8211; BELO HORIZONTE &#8211; MG &#8211; Sua Transportadora retira.<\/p>\n<p>Para cota\u00e7\u00f5es CIF consultar nosso departamento Comercial<\/p>\n<p>Prazo de entrega: Imediato &#8211; Com estoque permanente<\/p>\n<p>Origem: Nacional CFOP: 5.102 ( Dentro do Estado) 6.102 &#8211; ( Fora do estado)<\/p>\n<p>CST: 000<\/p>\n<p>Condi\u00e7\u00f5es de pagamento: 30 dias ( Mediante aprova\u00e7\u00e3o Cadastral)<\/p>\n<p>CNPJ de Faturamento: 71.347.934\/0001-42 &#8211; OPENING WORLD COMERCIAL IMPORTADORA EXPORTADORA LTDA<\/p>\n<p>Condi\u00e7\u00f5es Comerciais V\u00e1lidas para vendas a empresas Contribuintes do ICMS com CNPJ e Inscri\u00e7\u00e3o Estadual ATIVOS<\/p>\n<p>Opening World Coml Import Export Ltda CNPJ: 71.347.934\/0001-42 \u00a0 I.E : 062.857.540.0044 Rua Amarilis, 251 &#8211;<br \/>\nBairro Santo Andr\u00e9<br \/>\n31230-170<br \/>\nBelo Horizonte &#8211; MG<br \/>\nTels: (31) 3411-7030 \u00a0 (31) 3411-7575<br \/>\nWeb Site: http:\/\/www.openingworld.com.br<br \/>\nLoja Virtual: http:\/\/www.lojaopening.com.br<br \/>\n&#8220;25 anos encontrando solu\u00e7\u00f5es&#8221;<\/p>\n","protected":false},"excerpt":{"rendered":"<p>Filamento ABS Premium 1.75mm para impressora 3D &#8211; Carretel com 1Kg &#8211; F3DBFIL3D<\/p>\n","protected":false},"featured_media":810,"template":"","meta":[],"product_brand":[],"product_cat":[40,575],"product_tag":[],"class_list":{"0":"post-749","1":"product","2":"type-product","3":"status-publish","4":"has-post-thumbnail","6":"product_cat-design-automotivo","7":"product_cat-f3db","9":"first","10":"onbackorder","11":"featured","12":"shipping-taxable","13":"purchasable","14":"product-type-simple"},"yoast_head":"<!-- This site is optimized with the Yoast SEO plugin v27.2 - https:\/\/yoast.com\/product\/yoast-seo-wordpress\/ -->\n<title>Filamento ABS Premium 1.75mm para impressora 3D - Carretel com 1Kg - F3DB FIL3D - Loja Opening<\/title>\n<meta name=\"robots\" content=\"index, follow, max-snippet:-1, max-image-preview:large, max-video-preview:-1\" \/>\n<link rel=\"canonical\" href=\"https:\/\/lojaopening.com.br\/shopp\/produto\/filamento-abs-premium-1-75mm-para-impressora-3d-carretel-com-1kg-f3db-fil3d\/\" \/>\n<meta property=\"og:locale\" content=\"pt_PT\" \/>\n<meta property=\"og:type\" content=\"article\" \/>\n<meta property=\"og:title\" content=\"Filamento ABS Premium 1.75mm para impressora 3D - Carretel com 1Kg - F3DB FIL3D - Loja Opening\" \/>\n<meta property=\"og:description\" content=\"Filamento ABS Premium 1.75mm para impressora 3D - Carretel com 1Kg - F3DBFIL3D\" \/>\n<meta property=\"og:url\" content=\"https:\/\/lojaopening.com.br\/shopp\/produto\/filamento-abs-premium-1-75mm-para-impressora-3d-carretel-com-1kg-f3db-fil3d\/\" \/>\n<meta property=\"og:site_name\" content=\"Loja Opening\" \/>\n<meta property=\"article:modified_time\" content=\"2023-05-27T19:21:21+00:00\" \/>\n<meta property=\"og:image\" content=\"https:\/\/lojaopening.com.br\/wp-content\/uploads\/2020\/09\/filamento_natural__36761_zoom.png\" \/>\n\t<meta property=\"og:image:width\" content=\"354\" \/>\n\t<meta property=\"og:image:height\" content=\"239\" \/>\n\t<meta property=\"og:image:type\" content=\"image\/png\" \/>\n<meta name=\"twitter:card\" content=\"summary_large_image\" \/>\n<meta name=\"twitter:label1\" content=\"Tempo estimado de leitura\" \/>\n\t<meta name=\"twitter:data1\" content=\"5 minutos\" \/>\n<script type=\"application\/ld+json\" class=\"yoast-schema-graph\">{\"@context\":\"https:\/\/schema.org\",\"@graph\":[{\"@type\":\"WebPage\",\"@id\":\"https:\/\/lojaopening.com.br\/shopp\/produto\/filamento-abs-premium-1-75mm-para-impressora-3d-carretel-com-1kg-f3db-fil3d\/\",\"url\":\"https:\/\/lojaopening.com.br\/shopp\/produto\/filamento-abs-premium-1-75mm-para-impressora-3d-carretel-com-1kg-f3db-fil3d\/\",\"name\":\"Filamento ABS Premium 1.75mm para impressora 3D - Carretel com 1Kg - F3DB FIL3D - Loja Opening\",\"isPartOf\":{\"@id\":\"https:\/\/lojaopening.com.br\/shopp\/#website\"},\"primaryImageOfPage\":{\"@id\":\"https:\/\/lojaopening.com.br\/shopp\/produto\/filamento-abs-premium-1-75mm-para-impressora-3d-carretel-com-1kg-f3db-fil3d\/#primaryimage\"},\"image\":{\"@id\":\"https:\/\/lojaopening.com.br\/shopp\/produto\/filamento-abs-premium-1-75mm-para-impressora-3d-carretel-com-1kg-f3db-fil3d\/#primaryimage\"},\"thumbnailUrl\":\"https:\/\/lojaopening.com.br\/wp-content\/uploads\/2020\/09\/filamento_natural__36761_zoom.png\",\"datePublished\":\"2020-09-04T04:07:25+00:00\",\"dateModified\":\"2023-05-27T19:21:21+00:00\",\"breadcrumb\":{\"@id\":\"https:\/\/lojaopening.com.br\/shopp\/produto\/filamento-abs-premium-1-75mm-para-impressora-3d-carretel-com-1kg-f3db-fil3d\/#breadcrumb\"},\"inLanguage\":\"pt-PT\",\"potentialAction\":[{\"@type\":\"ReadAction\",\"target\":[\"https:\/\/lojaopening.com.br\/shopp\/produto\/filamento-abs-premium-1-75mm-para-impressora-3d-carretel-com-1kg-f3db-fil3d\/\"]}]},{\"@type\":\"ImageObject\",\"inLanguage\":\"pt-PT\",\"@id\":\"https:\/\/lojaopening.com.br\/shopp\/produto\/filamento-abs-premium-1-75mm-para-impressora-3d-carretel-com-1kg-f3db-fil3d\/#primaryimage\",\"url\":\"https:\/\/lojaopening.com.br\/wp-content\/uploads\/2020\/09\/filamento_natural__36761_zoom.png\",\"contentUrl\":\"https:\/\/lojaopening.com.br\/wp-content\/uploads\/2020\/09\/filamento_natural__36761_zoom.png\",\"width\":354,\"height\":239},{\"@type\":\"BreadcrumbList\",\"@id\":\"https:\/\/lojaopening.com.br\/shopp\/produto\/filamento-abs-premium-1-75mm-para-impressora-3d-carretel-com-1kg-f3db-fil3d\/#breadcrumb\",\"itemListElement\":[{\"@type\":\"ListItem\",\"position\":1,\"name\":\"In\u00edcio\",\"item\":\"https:\/\/lojaopening.com.br\/shopp\/\"},{\"@type\":\"ListItem\",\"position\":2,\"name\":\"Shop\",\"item\":\"https:\/\/lojaopening.com.br\/shopp\/shopp\/\"},{\"@type\":\"ListItem\",\"position\":3,\"name\":\"Filamento ABS Premium 1.75mm para impressora 3D &#8211; Carretel com 1Kg &#8211; F3DB FIL3D\"}]},{\"@type\":\"WebSite\",\"@id\":\"https:\/\/lojaopening.com.br\/shopp\/#website\",\"url\":\"https:\/\/lojaopening.com.br\/shopp\/\",\"name\":\"Loja Opening\",\"description\":\"\",\"publisher\":{\"@id\":\"https:\/\/lojaopening.com.br\/shopp\/#organization\"},\"potentialAction\":[{\"@type\":\"SearchAction\",\"target\":{\"@type\":\"EntryPoint\",\"urlTemplate\":\"https:\/\/lojaopening.com.br\/shopp\/?s={search_term_string}\"},\"query-input\":{\"@type\":\"PropertyValueSpecification\",\"valueRequired\":true,\"valueName\":\"search_term_string\"}}],\"inLanguage\":\"pt-PT\"},{\"@type\":\"Organization\",\"@id\":\"https:\/\/lojaopening.com.br\/shopp\/#organization\",\"name\":\"Opening World Coml Import Export Ltda\",\"url\":\"https:\/\/lojaopening.com.br\/shopp\/\",\"logo\":{\"@type\":\"ImageObject\",\"inLanguage\":\"pt-PT\",\"@id\":\"https:\/\/lojaopening.com.br\/shopp\/#\/schema\/logo\/image\/\",\"url\":\"https:\/\/lojaopening.com.br\/wp-content\/uploads\/2020\/09\/logo_header.png\",\"contentUrl\":\"https:\/\/lojaopening.com.br\/wp-content\/uploads\/2020\/09\/logo_header.png\",\"width\":1279,\"height\":328,\"caption\":\"Opening World Coml Import Export Ltda\"},\"image\":{\"@id\":\"https:\/\/lojaopening.com.br\/shopp\/#\/schema\/logo\/image\/\"}}]}<\/script>\n<!-- \/ Yoast SEO plugin. -->","yoast_head_json":{"title":"Filamento ABS Premium 1.75mm para impressora 3D - Carretel com 1Kg - F3DB FIL3D - Loja Opening","robots":{"index":"index","follow":"follow","max-snippet":"max-snippet:-1","max-image-preview":"max-image-preview:large","max-video-preview":"max-video-preview:-1"},"canonical":"https:\/\/lojaopening.com.br\/shopp\/produto\/filamento-abs-premium-1-75mm-para-impressora-3d-carretel-com-1kg-f3db-fil3d\/","og_locale":"pt_PT","og_type":"article","og_title":"Filamento ABS Premium 1.75mm para impressora 3D - Carretel com 1Kg - F3DB FIL3D - Loja Opening","og_description":"Filamento ABS Premium 1.75mm para impressora 3D - Carretel com 1Kg - F3DBFIL3D","og_url":"https:\/\/lojaopening.com.br\/shopp\/produto\/filamento-abs-premium-1-75mm-para-impressora-3d-carretel-com-1kg-f3db-fil3d\/","og_site_name":"Loja Opening","article_modified_time":"2023-05-27T19:21:21+00:00","og_image":[{"width":354,"height":239,"url":"https:\/\/lojaopening.com.br\/wp-content\/uploads\/2020\/09\/filamento_natural__36761_zoom.png","type":"image\/png"}],"twitter_card":"summary_large_image","twitter_misc":{"Tempo estimado de leitura":"5 minutos"},"schema":{"@context":"https:\/\/schema.org","@graph":[{"@type":"WebPage","@id":"https:\/\/lojaopening.com.br\/shopp\/produto\/filamento-abs-premium-1-75mm-para-impressora-3d-carretel-com-1kg-f3db-fil3d\/","url":"https:\/\/lojaopening.com.br\/shopp\/produto\/filamento-abs-premium-1-75mm-para-impressora-3d-carretel-com-1kg-f3db-fil3d\/","name":"Filamento ABS Premium 1.75mm para impressora 3D - Carretel com 1Kg - F3DB FIL3D - Loja Opening","isPartOf":{"@id":"https:\/\/lojaopening.com.br\/shopp\/#website"},"primaryImageOfPage":{"@id":"https:\/\/lojaopening.com.br\/shopp\/produto\/filamento-abs-premium-1-75mm-para-impressora-3d-carretel-com-1kg-f3db-fil3d\/#primaryimage"},"image":{"@id":"https:\/\/lojaopening.com.br\/shopp\/produto\/filamento-abs-premium-1-75mm-para-impressora-3d-carretel-com-1kg-f3db-fil3d\/#primaryimage"},"thumbnailUrl":"https:\/\/lojaopening.com.br\/wp-content\/uploads\/2020\/09\/filamento_natural__36761_zoom.png","datePublished":"2020-09-04T04:07:25+00:00","dateModified":"2023-05-27T19:21:21+00:00","breadcrumb":{"@id":"https:\/\/lojaopening.com.br\/shopp\/produto\/filamento-abs-premium-1-75mm-para-impressora-3d-carretel-com-1kg-f3db-fil3d\/#breadcrumb"},"inLanguage":"pt-PT","potentialAction":[{"@type":"ReadAction","target":["https:\/\/lojaopening.com.br\/shopp\/produto\/filamento-abs-premium-1-75mm-para-impressora-3d-carretel-com-1kg-f3db-fil3d\/"]}]},{"@type":"ImageObject","inLanguage":"pt-PT","@id":"https:\/\/lojaopening.com.br\/shopp\/produto\/filamento-abs-premium-1-75mm-para-impressora-3d-carretel-com-1kg-f3db-fil3d\/#primaryimage","url":"https:\/\/lojaopening.com.br\/wp-content\/uploads\/2020\/09\/filamento_natural__36761_zoom.png","contentUrl":"https:\/\/lojaopening.com.br\/wp-content\/uploads\/2020\/09\/filamento_natural__36761_zoom.png","width":354,"height":239},{"@type":"BreadcrumbList","@id":"https:\/\/lojaopening.com.br\/shopp\/produto\/filamento-abs-premium-1-75mm-para-impressora-3d-carretel-com-1kg-f3db-fil3d\/#breadcrumb","itemListElement":[{"@type":"ListItem","position":1,"name":"In\u00edcio","item":"https:\/\/lojaopening.com.br\/shopp\/"},{"@type":"ListItem","position":2,"name":"Shop","item":"https:\/\/lojaopening.com.br\/shopp\/shopp\/"},{"@type":"ListItem","position":3,"name":"Filamento ABS Premium 1.75mm para impressora 3D &#8211; Carretel com 1Kg &#8211; F3DB FIL3D"}]},{"@type":"WebSite","@id":"https:\/\/lojaopening.com.br\/shopp\/#website","url":"https:\/\/lojaopening.com.br\/shopp\/","name":"Loja Opening","description":"","publisher":{"@id":"https:\/\/lojaopening.com.br\/shopp\/#organization"},"potentialAction":[{"@type":"SearchAction","target":{"@type":"EntryPoint","urlTemplate":"https:\/\/lojaopening.com.br\/shopp\/?s={search_term_string}"},"query-input":{"@type":"PropertyValueSpecification","valueRequired":true,"valueName":"search_term_string"}}],"inLanguage":"pt-PT"},{"@type":"Organization","@id":"https:\/\/lojaopening.com.br\/shopp\/#organization","name":"Opening World Coml Import Export Ltda","url":"https:\/\/lojaopening.com.br\/shopp\/","logo":{"@type":"ImageObject","inLanguage":"pt-PT","@id":"https:\/\/lojaopening.com.br\/shopp\/#\/schema\/logo\/image\/","url":"https:\/\/lojaopening.com.br\/wp-content\/uploads\/2020\/09\/logo_header.png","contentUrl":"https:\/\/lojaopening.com.br\/wp-content\/uploads\/2020\/09\/logo_header.png","width":1279,"height":328,"caption":"Opening World Coml Import Export Ltda"},"image":{"@id":"https:\/\/lojaopening.com.br\/shopp\/#\/schema\/logo\/image\/"}}]}},"_links":{"self":[{"href":"https:\/\/lojaopening.com.br\/shopp\/wp-json\/wp\/v2\/product\/749","targetHints":{"allow":["GET"]}}],"collection":[{"href":"https:\/\/lojaopening.com.br\/shopp\/wp-json\/wp\/v2\/product"}],"about":[{"href":"https:\/\/lojaopening.com.br\/shopp\/wp-json\/wp\/v2\/types\/product"}],"wp:featuredmedia":[{"embeddable":true,"href":"https:\/\/lojaopening.com.br\/shopp\/wp-json\/wp\/v2\/media\/810"}],"wp:attachment":[{"href":"https:\/\/lojaopening.com.br\/shopp\/wp-json\/wp\/v2\/media?parent=749"}],"wp:term":[{"taxonomy":"product_brand","embeddable":true,"href":"https:\/\/lojaopening.com.br\/shopp\/wp-json\/wp\/v2\/product_brand?post=749"},{"taxonomy":"product_cat","embeddable":true,"href":"https:\/\/lojaopening.com.br\/shopp\/wp-json\/wp\/v2\/product_cat?post=749"},{"taxonomy":"product_tag","embeddable":true,"href":"https:\/\/lojaopening.com.br\/shopp\/wp-json\/wp\/v2\/product_tag?post=749"}],"curies":[{"name":"wp","href":"https:\/\/api.w.org\/{rel}","templated":true}]}}