{"id":859,"date":"2022-07-13T04:28:25","date_gmt":"2022-07-13T04:28:25","guid":{"rendered":"http:\/\/openingworld.net.br\/?post_type=product&#038;p=859"},"modified":"2023-05-27T19:21:20","modified_gmt":"2023-05-27T19:21:20","slug":"ribbon-de-cera-premium-110mm-x-450m-para-impressoras-codigo-de-barras-brd110450gpgc","status":"publish","type":"product","link":"https:\/\/lojaopening.com.br\/shopp\/produto\/ribbon-de-cera-premium-110mm-x-450m-para-impressoras-codigo-de-barras-brd110450gpgc\/","title":{"rendered":"Ribbon de Cera Premium 110mm X 450M para Impressoras C\u00f3digo de Barras &#8211; BRD110450GPGC"},"content":{"rendered":"<div id=\"div2\" class=\"divTabArea on\">\n<p><span style=\"font-size: 10.5pt;\"><img fetchpriority=\"high\" decoding=\"async\" class=\"__mce_add_custom__\" title=\"iimak7.png\" src=\"http:\/\/lojaopening.com.br\/shopp\/product_images\/uploaded_images\/iimak7.png\" alt=\"iimak7.png\" width=\"794\" height=\"586\" \/><\/span><\/p>\n<p><span style=\"font-size: 10.5pt;\">Com sua formula\u00e7\u00e3o antiest\u00e1tica torna a escolha ideal para a impress\u00e3o de RFID. Produz imagens n\u00edtidas e c\u00f3digos de barras escuros, textos e gr\u00e1ficos, perfeitos para qualquer r\u00f3tulo\/ etiqueta de uso geral. Boa cobertura e op\u00e7\u00f5es em pap\u00e9is com ou sem brilho nas etiquetas auto adesivas e\/ou tags. Excelente impress\u00e3o para aplica\u00e7\u00f5es de uso geral e que requeiram pouca durabilidade.<\/span><\/p>\n<p><strong><span style=\"font-size: 15pt;\">Benef\u00edcios<\/span><\/strong><\/p>\n<p><span style=\"font-size: 10.5pt;\">\u2022 F\u00f3rmula antiest\u00e1tica com backcoat Guardian 2 que aumenta a vida \u00fatil da cabe\u00e7a de impress\u00e3o<br \/>\n\u2022 Excelente qualidade de impress\u00e3o<br \/>\n\u2022 Imprime em uma variedade de pap\u00e9is<br \/>\n\u2022 Boa durabilidade<\/span><\/p>\n<p><strong><span style=\"font-size: 15pt;\">\u00a0<\/span><\/strong><strong><span style=\"font-size: 15pt;\">Bases recomendadas<\/span><\/strong><\/p>\n<p><span style=\"font-size: 10.5pt;\">\u2022 Papel com ou sem brilho<br \/>\n\u2022 Papel espec\u00edfico para transfer\u00eancia<br \/>\n\u2022 Pap\u00e9is sint\u00e9ticos (Kindura, Polyart)<\/span><\/p>\n<ul>\n<li><span style=\"font-family: Symbol; color: black;\"><span style=\"font-size: 7pt;\">\u00a0\u00a0\u00a0\u00a0 <\/span><\/span><strong><span style=\"font-size: 16pt; font-family: Ubuntu; color: #015ba1;\">Exemplos de Aplica\u00e7\u00f5es<\/span><\/strong><span style=\"font-size: 12pt;\">\u00a0<\/span><\/li>\n<\/ul>\n<p><img decoding=\"async\" class=\"__mce_add_custom__\" title=\"iimak5.jpg\" src=\"http:\/\/lojaopening.com.br\/shopp\/product_images\/uploaded_images\/iimak5.jpg\" alt=\"iimak5.jpg\" width=\"240\" height=\"404\" \/><\/p>\n<p>&nbsp;<\/p>\n<p><span style=\"text-decoration: underline;\"><span style=\"font-size: 16pt;\">Condi\u00e7\u00f5es Comerciais <\/span><\/span><\/p>\n<p>&nbsp;<\/p>\n<p>&nbsp;<\/p>\n<ul>\n<li><strong>Unidade:<\/strong> por Rolo<\/li>\n<li><strong>ICMS<\/strong>: 18% \u00a0&#8211; INCLUSO \u2013 Para opera\u00e7\u00f5es Interestaduais ( outros estados) converter para a al\u00edquota do estado de destino<\/li>\n<li><strong>IPI<\/strong>: 0% N\u00e3o Incidente<\/li>\n<li><strong>NCM<\/strong>: 9612.10.19<\/li>\n<li><strong>PIS<\/strong>: 0,65% e\u00a0 <strong>COFINS<\/strong>: 3% INCLUSOS ( Op\u00e7\u00e3o: Lucro Presumido, Cumulativo)<\/li>\n<li><strong>Local de entrega<\/strong>: EX-WORKS \u2013 Sua transportadora retira<\/li>\n<li><strong>Prazo de entrega<\/strong>: Imediato a 2 dias \u00fateis<\/li>\n<li><strong>Origem<\/strong>: Nacional ,integralmente tributado<\/li>\n<li><strong>CFOP <\/strong>\u2013 5.102 ( Vendas para DENTRO DO ESTADO DE MG)\u00a0 <strong>CFOP: <\/strong>6.102 ( Vendas para FORA DO ESTADO DE MG)<\/li>\n<li><strong>CST <\/strong>&#8211; 000<\/li>\n<li><strong>Destina\u00e7\u00e3<\/strong>o: Consumo<\/li>\n<li><strong>Garantia:<\/strong> 6 meses<\/li>\n<li><strong>Condi\u00e7\u00f5es de pagamento<\/strong>: 30 dias ap\u00f3s entrega mediante aprova\u00e7\u00e3o cadastral<\/li>\n<li><strong>Refer\u00eancia<\/strong>: BRD110450GPGC<\/li>\n<li><strong>Oferta v\u00e1lida para empresas contribuinte do ICMS com CNPJ e Inscri\u00e7\u00e3o Estadual Ativos<\/strong><\/li>\n<li><span style=\"font-family: Symbol; color: black;\"><span style=\"font-size: 7pt;\">\u00a0<\/span><\/span><strong>Quantidade m\u00ednima: <\/strong>Caixa com 12 rolos<\/li>\n<li><span style=\"font-family: Symbol; color: black;\"><span style=\"font-size: 7pt;\">\u00a0<\/span><\/span><strong>Peso por caixa<\/strong>: 7Kg<strong>\u00a0 <\/strong><\/li>\n<li><span style=\"font-family: Symbol; color: black;\"><span style=\"font-size: 7pt;\">\u00a0<\/span><\/span><strong>Dimens\u00f5es da caixa: (C X LX A): <\/strong>\u00a036 x 28 x 28cm<\/li>\n<li><span style=\"font-family: Symbol; color: black;\"><span style=\"font-size: 7pt;\">\u00a0<\/span><\/span><strong>CNPJ de faturamento: <\/strong>71.347.934\/0001-42\u00a0\u00a0\u00a0 DUNS: 90556-8056<\/li>\n<\/ul>\n<div id=\"ProductWarranty\" class=\"Block Moveable Panel\">\n<h3>Informa\u00e7\u00f5es sobre garantia<\/h3>\n<div class=\"ProductWarrantyContainer\">90 dias<\/div>\n<hr class=\"ProductSectionSeparator\" \/>\n<\/div>\n<\/div>\n","protected":false},"excerpt":{"rendered":"<p>Com sua formula\u00e7\u00e3o antiest\u00e1tica torna a escolha ideal para a impress\u00e3o de RFID. Produz imagens n\u00edtidas e c\u00f3digos de barras&hellip;<\/p>\n","protected":false},"featured_media":856,"template":"","meta":[],"product_brand":[],"product_cat":[37],"product_tag":[],"class_list":{"0":"post-859","1":"product","2":"type-product","3":"status-publish","4":"has-post-thumbnail","6":"product_cat-automacao-comercial","8":"first","9":"onbackorder","10":"shipping-taxable","11":"purchasable","12":"product-type-simple"},"yoast_head":"<!-- This site is optimized with the Yoast SEO plugin v27.2 - https:\/\/yoast.com\/product\/yoast-seo-wordpress\/ -->\n<title>Ribbon de Cera Premium 110mm X 450M para Impressoras C\u00f3digo de Barras - BRD110450GPGC - Loja Opening<\/title>\n<meta name=\"robots\" content=\"index, follow, max-snippet:-1, max-image-preview:large, max-video-preview:-1\" \/>\n<link rel=\"canonical\" href=\"https:\/\/lojaopening.com.br\/shopp\/produto\/ribbon-de-cera-premium-110mm-x-450m-para-impressoras-codigo-de-barras-brd110450gpgc\/\" \/>\n<meta property=\"og:locale\" content=\"pt_PT\" \/>\n<meta property=\"og:type\" content=\"article\" \/>\n<meta property=\"og:title\" content=\"Ribbon de Cera Premium 110mm X 450M para Impressoras C\u00f3digo de Barras - BRD110450GPGC - Loja Opening\" \/>\n<meta property=\"og:description\" content=\"Com sua formula\u00e7\u00e3o antiest\u00e1tica torna a escolha ideal para a impress\u00e3o de RFID. Produz imagens n\u00edtidas e c\u00f3digos de barras&hellip;\" \/>\n<meta property=\"og:url\" content=\"https:\/\/lojaopening.com.br\/shopp\/produto\/ribbon-de-cera-premium-110mm-x-450m-para-impressoras-codigo-de-barras-brd110450gpgc\/\" \/>\n<meta property=\"og:site_name\" content=\"Loja Opening\" \/>\n<meta property=\"article:modified_time\" content=\"2023-05-27T19:21:20+00:00\" \/>\n<meta property=\"og:image\" content=\"https:\/\/lojaopening.com.br\/wp-content\/uploads\/2022\/07\/Ribbon-de-Cera-Premium-110mm-X-450M-para-Impressoras-CF3digo-de-Barras-252d-BRD110450GPGC.jpg\" \/>\n\t<meta property=\"og:image:width\" content=\"942\" \/>\n\t<meta property=\"og:image:height\" content=\"301\" \/>\n\t<meta property=\"og:image:type\" content=\"image\/jpeg\" \/>\n<meta name=\"twitter:card\" content=\"summary_large_image\" \/>\n<meta name=\"twitter:label1\" content=\"Tempo estimado de leitura\" \/>\n\t<meta name=\"twitter:data1\" content=\"1 minuto\" \/>\n<script type=\"application\/ld+json\" class=\"yoast-schema-graph\">{\"@context\":\"https:\/\/schema.org\",\"@graph\":[{\"@type\":\"WebPage\",\"@id\":\"https:\/\/lojaopening.com.br\/shopp\/produto\/ribbon-de-cera-premium-110mm-x-450m-para-impressoras-codigo-de-barras-brd110450gpgc\/\",\"url\":\"https:\/\/lojaopening.com.br\/shopp\/produto\/ribbon-de-cera-premium-110mm-x-450m-para-impressoras-codigo-de-barras-brd110450gpgc\/\",\"name\":\"Ribbon de Cera Premium 110mm X 450M para Impressoras C\u00f3digo de Barras - BRD110450GPGC - Loja Opening\",\"isPartOf\":{\"@id\":\"https:\/\/lojaopening.com.br\/shopp\/#website\"},\"primaryImageOfPage\":{\"@id\":\"https:\/\/lojaopening.com.br\/shopp\/produto\/ribbon-de-cera-premium-110mm-x-450m-para-impressoras-codigo-de-barras-brd110450gpgc\/#primaryimage\"},\"image\":{\"@id\":\"https:\/\/lojaopening.com.br\/shopp\/produto\/ribbon-de-cera-premium-110mm-x-450m-para-impressoras-codigo-de-barras-brd110450gpgc\/#primaryimage\"},\"thumbnailUrl\":\"https:\/\/lojaopening.com.br\/wp-content\/uploads\/2022\/07\/Ribbon-de-Cera-Premium-110mm-X-450M-para-Impressoras-CF3digo-de-Barras-252d-BRD110450GPGC.jpg\",\"datePublished\":\"2022-07-13T04:28:25+00:00\",\"dateModified\":\"2023-05-27T19:21:20+00:00\",\"breadcrumb\":{\"@id\":\"https:\/\/lojaopening.com.br\/shopp\/produto\/ribbon-de-cera-premium-110mm-x-450m-para-impressoras-codigo-de-barras-brd110450gpgc\/#breadcrumb\"},\"inLanguage\":\"pt-PT\",\"potentialAction\":[{\"@type\":\"ReadAction\",\"target\":[\"https:\/\/lojaopening.com.br\/shopp\/produto\/ribbon-de-cera-premium-110mm-x-450m-para-impressoras-codigo-de-barras-brd110450gpgc\/\"]}]},{\"@type\":\"ImageObject\",\"inLanguage\":\"pt-PT\",\"@id\":\"https:\/\/lojaopening.com.br\/shopp\/produto\/ribbon-de-cera-premium-110mm-x-450m-para-impressoras-codigo-de-barras-brd110450gpgc\/#primaryimage\",\"url\":\"https:\/\/lojaopening.com.br\/wp-content\/uploads\/2022\/07\/Ribbon-de-Cera-Premium-110mm-X-450M-para-Impressoras-CF3digo-de-Barras-252d-BRD110450GPGC.jpg\",\"contentUrl\":\"https:\/\/lojaopening.com.br\/wp-content\/uploads\/2022\/07\/Ribbon-de-Cera-Premium-110mm-X-450M-para-Impressoras-CF3digo-de-Barras-252d-BRD110450GPGC.jpg\",\"width\":942,\"height\":301},{\"@type\":\"BreadcrumbList\",\"@id\":\"https:\/\/lojaopening.com.br\/shopp\/produto\/ribbon-de-cera-premium-110mm-x-450m-para-impressoras-codigo-de-barras-brd110450gpgc\/#breadcrumb\",\"itemListElement\":[{\"@type\":\"ListItem\",\"position\":1,\"name\":\"In\u00edcio\",\"item\":\"https:\/\/lojaopening.com.br\/shopp\/\"},{\"@type\":\"ListItem\",\"position\":2,\"name\":\"Shop\",\"item\":\"https:\/\/lojaopening.com.br\/shopp\/shopp\/\"},{\"@type\":\"ListItem\",\"position\":3,\"name\":\"Ribbon de Cera Premium 110mm X 450M para Impressoras C\u00f3digo de Barras &#8211; BRD110450GPGC\"}]},{\"@type\":\"WebSite\",\"@id\":\"https:\/\/lojaopening.com.br\/shopp\/#website\",\"url\":\"https:\/\/lojaopening.com.br\/shopp\/\",\"name\":\"Loja Opening\",\"description\":\"\",\"publisher\":{\"@id\":\"https:\/\/lojaopening.com.br\/shopp\/#organization\"},\"potentialAction\":[{\"@type\":\"SearchAction\",\"target\":{\"@type\":\"EntryPoint\",\"urlTemplate\":\"https:\/\/lojaopening.com.br\/shopp\/?s={search_term_string}\"},\"query-input\":{\"@type\":\"PropertyValueSpecification\",\"valueRequired\":true,\"valueName\":\"search_term_string\"}}],\"inLanguage\":\"pt-PT\"},{\"@type\":\"Organization\",\"@id\":\"https:\/\/lojaopening.com.br\/shopp\/#organization\",\"name\":\"Opening World Coml Import Export Ltda\",\"url\":\"https:\/\/lojaopening.com.br\/shopp\/\",\"logo\":{\"@type\":\"ImageObject\",\"inLanguage\":\"pt-PT\",\"@id\":\"https:\/\/lojaopening.com.br\/shopp\/#\/schema\/logo\/image\/\",\"url\":\"https:\/\/lojaopening.com.br\/wp-content\/uploads\/2020\/09\/logo_header.png\",\"contentUrl\":\"https:\/\/lojaopening.com.br\/wp-content\/uploads\/2020\/09\/logo_header.png\",\"width\":1279,\"height\":328,\"caption\":\"Opening World Coml Import Export Ltda\"},\"image\":{\"@id\":\"https:\/\/lojaopening.com.br\/shopp\/#\/schema\/logo\/image\/\"}}]}<\/script>\n<!-- \/ Yoast SEO plugin. -->","yoast_head_json":{"title":"Ribbon de Cera Premium 110mm X 450M para Impressoras C\u00f3digo de Barras - BRD110450GPGC - Loja Opening","robots":{"index":"index","follow":"follow","max-snippet":"max-snippet:-1","max-image-preview":"max-image-preview:large","max-video-preview":"max-video-preview:-1"},"canonical":"https:\/\/lojaopening.com.br\/shopp\/produto\/ribbon-de-cera-premium-110mm-x-450m-para-impressoras-codigo-de-barras-brd110450gpgc\/","og_locale":"pt_PT","og_type":"article","og_title":"Ribbon de Cera Premium 110mm X 450M para Impressoras C\u00f3digo de Barras - BRD110450GPGC - Loja Opening","og_description":"Com sua formula\u00e7\u00e3o antiest\u00e1tica torna a escolha ideal para a impress\u00e3o de RFID. Produz imagens n\u00edtidas e c\u00f3digos de barras&hellip;","og_url":"https:\/\/lojaopening.com.br\/shopp\/produto\/ribbon-de-cera-premium-110mm-x-450m-para-impressoras-codigo-de-barras-brd110450gpgc\/","og_site_name":"Loja Opening","article_modified_time":"2023-05-27T19:21:20+00:00","og_image":[{"width":942,"height":301,"url":"https:\/\/lojaopening.com.br\/wp-content\/uploads\/2022\/07\/Ribbon-de-Cera-Premium-110mm-X-450M-para-Impressoras-CF3digo-de-Barras-252d-BRD110450GPGC.jpg","type":"image\/jpeg"}],"twitter_card":"summary_large_image","twitter_misc":{"Tempo estimado de leitura":"1 minuto"},"schema":{"@context":"https:\/\/schema.org","@graph":[{"@type":"WebPage","@id":"https:\/\/lojaopening.com.br\/shopp\/produto\/ribbon-de-cera-premium-110mm-x-450m-para-impressoras-codigo-de-barras-brd110450gpgc\/","url":"https:\/\/lojaopening.com.br\/shopp\/produto\/ribbon-de-cera-premium-110mm-x-450m-para-impressoras-codigo-de-barras-brd110450gpgc\/","name":"Ribbon de Cera Premium 110mm X 450M para Impressoras C\u00f3digo de Barras - BRD110450GPGC - Loja Opening","isPartOf":{"@id":"https:\/\/lojaopening.com.br\/shopp\/#website"},"primaryImageOfPage":{"@id":"https:\/\/lojaopening.com.br\/shopp\/produto\/ribbon-de-cera-premium-110mm-x-450m-para-impressoras-codigo-de-barras-brd110450gpgc\/#primaryimage"},"image":{"@id":"https:\/\/lojaopening.com.br\/shopp\/produto\/ribbon-de-cera-premium-110mm-x-450m-para-impressoras-codigo-de-barras-brd110450gpgc\/#primaryimage"},"thumbnailUrl":"https:\/\/lojaopening.com.br\/wp-content\/uploads\/2022\/07\/Ribbon-de-Cera-Premium-110mm-X-450M-para-Impressoras-CF3digo-de-Barras-252d-BRD110450GPGC.jpg","datePublished":"2022-07-13T04:28:25+00:00","dateModified":"2023-05-27T19:21:20+00:00","breadcrumb":{"@id":"https:\/\/lojaopening.com.br\/shopp\/produto\/ribbon-de-cera-premium-110mm-x-450m-para-impressoras-codigo-de-barras-brd110450gpgc\/#breadcrumb"},"inLanguage":"pt-PT","potentialAction":[{"@type":"ReadAction","target":["https:\/\/lojaopening.com.br\/shopp\/produto\/ribbon-de-cera-premium-110mm-x-450m-para-impressoras-codigo-de-barras-brd110450gpgc\/"]}]},{"@type":"ImageObject","inLanguage":"pt-PT","@id":"https:\/\/lojaopening.com.br\/shopp\/produto\/ribbon-de-cera-premium-110mm-x-450m-para-impressoras-codigo-de-barras-brd110450gpgc\/#primaryimage","url":"https:\/\/lojaopening.com.br\/wp-content\/uploads\/2022\/07\/Ribbon-de-Cera-Premium-110mm-X-450M-para-Impressoras-CF3digo-de-Barras-252d-BRD110450GPGC.jpg","contentUrl":"https:\/\/lojaopening.com.br\/wp-content\/uploads\/2022\/07\/Ribbon-de-Cera-Premium-110mm-X-450M-para-Impressoras-CF3digo-de-Barras-252d-BRD110450GPGC.jpg","width":942,"height":301},{"@type":"BreadcrumbList","@id":"https:\/\/lojaopening.com.br\/shopp\/produto\/ribbon-de-cera-premium-110mm-x-450m-para-impressoras-codigo-de-barras-brd110450gpgc\/#breadcrumb","itemListElement":[{"@type":"ListItem","position":1,"name":"In\u00edcio","item":"https:\/\/lojaopening.com.br\/shopp\/"},{"@type":"ListItem","position":2,"name":"Shop","item":"https:\/\/lojaopening.com.br\/shopp\/shopp\/"},{"@type":"ListItem","position":3,"name":"Ribbon de Cera Premium 110mm X 450M para Impressoras C\u00f3digo de Barras &#8211; BRD110450GPGC"}]},{"@type":"WebSite","@id":"https:\/\/lojaopening.com.br\/shopp\/#website","url":"https:\/\/lojaopening.com.br\/shopp\/","name":"Loja Opening","description":"","publisher":{"@id":"https:\/\/lojaopening.com.br\/shopp\/#organization"},"potentialAction":[{"@type":"SearchAction","target":{"@type":"EntryPoint","urlTemplate":"https:\/\/lojaopening.com.br\/shopp\/?s={search_term_string}"},"query-input":{"@type":"PropertyValueSpecification","valueRequired":true,"valueName":"search_term_string"}}],"inLanguage":"pt-PT"},{"@type":"Organization","@id":"https:\/\/lojaopening.com.br\/shopp\/#organization","name":"Opening World Coml Import Export Ltda","url":"https:\/\/lojaopening.com.br\/shopp\/","logo":{"@type":"ImageObject","inLanguage":"pt-PT","@id":"https:\/\/lojaopening.com.br\/shopp\/#\/schema\/logo\/image\/","url":"https:\/\/lojaopening.com.br\/wp-content\/uploads\/2020\/09\/logo_header.png","contentUrl":"https:\/\/lojaopening.com.br\/wp-content\/uploads\/2020\/09\/logo_header.png","width":1279,"height":328,"caption":"Opening World Coml Import Export Ltda"},"image":{"@id":"https:\/\/lojaopening.com.br\/shopp\/#\/schema\/logo\/image\/"}}]}},"_links":{"self":[{"href":"https:\/\/lojaopening.com.br\/shopp\/wp-json\/wp\/v2\/product\/859","targetHints":{"allow":["GET"]}}],"collection":[{"href":"https:\/\/lojaopening.com.br\/shopp\/wp-json\/wp\/v2\/product"}],"about":[{"href":"https:\/\/lojaopening.com.br\/shopp\/wp-json\/wp\/v2\/types\/product"}],"wp:featuredmedia":[{"embeddable":true,"href":"https:\/\/lojaopening.com.br\/shopp\/wp-json\/wp\/v2\/media\/856"}],"wp:attachment":[{"href":"https:\/\/lojaopening.com.br\/shopp\/wp-json\/wp\/v2\/media?parent=859"}],"wp:term":[{"taxonomy":"product_brand","embeddable":true,"href":"https:\/\/lojaopening.com.br\/shopp\/wp-json\/wp\/v2\/product_brand?post=859"},{"taxonomy":"product_cat","embeddable":true,"href":"https:\/\/lojaopening.com.br\/shopp\/wp-json\/wp\/v2\/product_cat?post=859"},{"taxonomy":"product_tag","embeddable":true,"href":"https:\/\/lojaopening.com.br\/shopp\/wp-json\/wp\/v2\/product_tag?post=859"}],"curies":[{"name":"wp","href":"https:\/\/api.w.org\/{rel}","templated":true}]}}