{"id":862,"date":"2022-07-13T04:32:13","date_gmt":"2022-07-13T04:32:13","guid":{"rendered":"http:\/\/openingworld.net.br\/?post_type=product&#038;p=862"},"modified":"2023-05-27T19:21:20","modified_gmt":"2023-05-27T19:21:20","slug":"mouse-lenovo-scrollpoint-31p7405","status":"publish","type":"product","link":"https:\/\/lojaopening.com.br\/shopp\/produto\/mouse-lenovo-scrollpoint-31p7405\/","title":{"rendered":"Mouse Lenovo ScrollPoint 31P7405"},"content":{"rendered":"<p>A Lenovo ScrollPoint Mouse (31P7405) \u00e9 um mouse em forma confort\u00e1vel com a tecnologia mais recente. O ScrollPoint Mouse \u00e9 ideal para rolagem horizontal e vertical. Desde que a tecnologia \u00f3ptica proporciona o controle de precis\u00e3o, sem uma bola mec\u00e2nica, n\u00e3o h\u00e1 necessidade de um mouse pad. Este rato de 3 bot\u00f5es, dispon\u00edvel em visita preto com laterais emborrachadas, vem de f\u00e1brica com um conector USB e oferece-lhe conforto, confiabilidade e maior produtividade para trabalhar em planilhas ou navegar na Internet.<\/p>\n","protected":false},"excerpt":{"rendered":"<p>A Lenovo ScrollPoint Mouse (31P7405) \u00e9 um mouse em forma confort\u00e1vel com a tecnologia mais recente. O ScrollPoint Mouse \u00e9&hellip;<\/p>\n","protected":false},"featured_media":863,"template":"","meta":[],"product_brand":[],"product_cat":[445,50],"product_tag":[],"class_list":{"0":"post-862","1":"product","2":"type-product","3":"status-publish","4":"has-post-thumbnail","6":"product_cat-lenovo","7":"product_cat-perifericos","9":"first","10":"onbackorder","11":"shipping-taxable","12":"purchasable","13":"product-type-simple"},"yoast_head":"<!-- This site is optimized with the Yoast SEO plugin v27.2 - https:\/\/yoast.com\/product\/yoast-seo-wordpress\/ -->\n<title>Mouse Lenovo ScrollPoint 31P7405 - Loja Opening<\/title>\n<meta name=\"robots\" content=\"index, follow, max-snippet:-1, max-image-preview:large, max-video-preview:-1\" \/>\n<link rel=\"canonical\" href=\"https:\/\/lojaopening.com.br\/shopp\/produto\/mouse-lenovo-scrollpoint-31p7405\/\" \/>\n<meta property=\"og:locale\" content=\"pt_PT\" \/>\n<meta property=\"og:type\" content=\"article\" \/>\n<meta property=\"og:title\" content=\"Mouse Lenovo ScrollPoint 31P7405 - Loja Opening\" \/>\n<meta property=\"og:description\" content=\"A Lenovo ScrollPoint Mouse (31P7405) \u00e9 um mouse em forma confort\u00e1vel com a tecnologia mais recente. O ScrollPoint Mouse \u00e9&hellip;\" \/>\n<meta property=\"og:url\" content=\"https:\/\/lojaopening.com.br\/shopp\/produto\/mouse-lenovo-scrollpoint-31p7405\/\" \/>\n<meta property=\"og:site_name\" content=\"Loja Opening\" \/>\n<meta property=\"article:modified_time\" content=\"2023-05-27T19:21:20+00:00\" \/>\n<meta property=\"og:image\" content=\"https:\/\/lojaopening.com.br\/wp-content\/uploads\/2022\/07\/Mouse-Lenovo-ScrollPoint-31P7405.jpg\" \/>\n\t<meta property=\"og:image:width\" content=\"419\" \/>\n\t<meta property=\"og:image:height\" content=\"440\" \/>\n\t<meta property=\"og:image:type\" content=\"image\/jpeg\" \/>\n<meta name=\"twitter:card\" content=\"summary_large_image\" \/>\n<script type=\"application\/ld+json\" class=\"yoast-schema-graph\">{\"@context\":\"https:\/\/schema.org\",\"@graph\":[{\"@type\":\"WebPage\",\"@id\":\"https:\/\/lojaopening.com.br\/shopp\/produto\/mouse-lenovo-scrollpoint-31p7405\/\",\"url\":\"https:\/\/lojaopening.com.br\/shopp\/produto\/mouse-lenovo-scrollpoint-31p7405\/\",\"name\":\"Mouse Lenovo ScrollPoint 31P7405 - Loja Opening\",\"isPartOf\":{\"@id\":\"https:\/\/lojaopening.com.br\/shopp\/#website\"},\"primaryImageOfPage\":{\"@id\":\"https:\/\/lojaopening.com.br\/shopp\/produto\/mouse-lenovo-scrollpoint-31p7405\/#primaryimage\"},\"image\":{\"@id\":\"https:\/\/lojaopening.com.br\/shopp\/produto\/mouse-lenovo-scrollpoint-31p7405\/#primaryimage\"},\"thumbnailUrl\":\"https:\/\/lojaopening.com.br\/wp-content\/uploads\/2022\/07\/Mouse-Lenovo-ScrollPoint-31P7405.jpg\",\"datePublished\":\"2022-07-13T04:32:13+00:00\",\"dateModified\":\"2023-05-27T19:21:20+00:00\",\"breadcrumb\":{\"@id\":\"https:\/\/lojaopening.com.br\/shopp\/produto\/mouse-lenovo-scrollpoint-31p7405\/#breadcrumb\"},\"inLanguage\":\"pt-PT\",\"potentialAction\":[{\"@type\":\"ReadAction\",\"target\":[\"https:\/\/lojaopening.com.br\/shopp\/produto\/mouse-lenovo-scrollpoint-31p7405\/\"]}]},{\"@type\":\"ImageObject\",\"inLanguage\":\"pt-PT\",\"@id\":\"https:\/\/lojaopening.com.br\/shopp\/produto\/mouse-lenovo-scrollpoint-31p7405\/#primaryimage\",\"url\":\"https:\/\/lojaopening.com.br\/wp-content\/uploads\/2022\/07\/Mouse-Lenovo-ScrollPoint-31P7405.jpg\",\"contentUrl\":\"https:\/\/lojaopening.com.br\/wp-content\/uploads\/2022\/07\/Mouse-Lenovo-ScrollPoint-31P7405.jpg\",\"width\":419,\"height\":440},{\"@type\":\"BreadcrumbList\",\"@id\":\"https:\/\/lojaopening.com.br\/shopp\/produto\/mouse-lenovo-scrollpoint-31p7405\/#breadcrumb\",\"itemListElement\":[{\"@type\":\"ListItem\",\"position\":1,\"name\":\"In\u00edcio\",\"item\":\"https:\/\/lojaopening.com.br\/shopp\/\"},{\"@type\":\"ListItem\",\"position\":2,\"name\":\"Shop\",\"item\":\"https:\/\/lojaopening.com.br\/shopp\/shopp\/\"},{\"@type\":\"ListItem\",\"position\":3,\"name\":\"Mouse Lenovo ScrollPoint 31P7405\"}]},{\"@type\":\"WebSite\",\"@id\":\"https:\/\/lojaopening.com.br\/shopp\/#website\",\"url\":\"https:\/\/lojaopening.com.br\/shopp\/\",\"name\":\"Loja Opening\",\"description\":\"\",\"publisher\":{\"@id\":\"https:\/\/lojaopening.com.br\/shopp\/#organization\"},\"potentialAction\":[{\"@type\":\"SearchAction\",\"target\":{\"@type\":\"EntryPoint\",\"urlTemplate\":\"https:\/\/lojaopening.com.br\/shopp\/?s={search_term_string}\"},\"query-input\":{\"@type\":\"PropertyValueSpecification\",\"valueRequired\":true,\"valueName\":\"search_term_string\"}}],\"inLanguage\":\"pt-PT\"},{\"@type\":\"Organization\",\"@id\":\"https:\/\/lojaopening.com.br\/shopp\/#organization\",\"name\":\"Opening World Coml Import Export Ltda\",\"url\":\"https:\/\/lojaopening.com.br\/shopp\/\",\"logo\":{\"@type\":\"ImageObject\",\"inLanguage\":\"pt-PT\",\"@id\":\"https:\/\/lojaopening.com.br\/shopp\/#\/schema\/logo\/image\/\",\"url\":\"https:\/\/lojaopening.com.br\/wp-content\/uploads\/2020\/09\/logo_header.png\",\"contentUrl\":\"https:\/\/lojaopening.com.br\/wp-content\/uploads\/2020\/09\/logo_header.png\",\"width\":1279,\"height\":328,\"caption\":\"Opening World Coml Import Export Ltda\"},\"image\":{\"@id\":\"https:\/\/lojaopening.com.br\/shopp\/#\/schema\/logo\/image\/\"}}]}<\/script>\n<!-- \/ Yoast SEO plugin. -->","yoast_head_json":{"title":"Mouse Lenovo ScrollPoint 31P7405 - Loja Opening","robots":{"index":"index","follow":"follow","max-snippet":"max-snippet:-1","max-image-preview":"max-image-preview:large","max-video-preview":"max-video-preview:-1"},"canonical":"https:\/\/lojaopening.com.br\/shopp\/produto\/mouse-lenovo-scrollpoint-31p7405\/","og_locale":"pt_PT","og_type":"article","og_title":"Mouse Lenovo ScrollPoint 31P7405 - Loja Opening","og_description":"A Lenovo ScrollPoint Mouse (31P7405) \u00e9 um mouse em forma confort\u00e1vel com a tecnologia mais recente. O ScrollPoint Mouse \u00e9&hellip;","og_url":"https:\/\/lojaopening.com.br\/shopp\/produto\/mouse-lenovo-scrollpoint-31p7405\/","og_site_name":"Loja Opening","article_modified_time":"2023-05-27T19:21:20+00:00","og_image":[{"width":419,"height":440,"url":"https:\/\/lojaopening.com.br\/wp-content\/uploads\/2022\/07\/Mouse-Lenovo-ScrollPoint-31P7405.jpg","type":"image\/jpeg"}],"twitter_card":"summary_large_image","schema":{"@context":"https:\/\/schema.org","@graph":[{"@type":"WebPage","@id":"https:\/\/lojaopening.com.br\/shopp\/produto\/mouse-lenovo-scrollpoint-31p7405\/","url":"https:\/\/lojaopening.com.br\/shopp\/produto\/mouse-lenovo-scrollpoint-31p7405\/","name":"Mouse Lenovo ScrollPoint 31P7405 - Loja Opening","isPartOf":{"@id":"https:\/\/lojaopening.com.br\/shopp\/#website"},"primaryImageOfPage":{"@id":"https:\/\/lojaopening.com.br\/shopp\/produto\/mouse-lenovo-scrollpoint-31p7405\/#primaryimage"},"image":{"@id":"https:\/\/lojaopening.com.br\/shopp\/produto\/mouse-lenovo-scrollpoint-31p7405\/#primaryimage"},"thumbnailUrl":"https:\/\/lojaopening.com.br\/wp-content\/uploads\/2022\/07\/Mouse-Lenovo-ScrollPoint-31P7405.jpg","datePublished":"2022-07-13T04:32:13+00:00","dateModified":"2023-05-27T19:21:20+00:00","breadcrumb":{"@id":"https:\/\/lojaopening.com.br\/shopp\/produto\/mouse-lenovo-scrollpoint-31p7405\/#breadcrumb"},"inLanguage":"pt-PT","potentialAction":[{"@type":"ReadAction","target":["https:\/\/lojaopening.com.br\/shopp\/produto\/mouse-lenovo-scrollpoint-31p7405\/"]}]},{"@type":"ImageObject","inLanguage":"pt-PT","@id":"https:\/\/lojaopening.com.br\/shopp\/produto\/mouse-lenovo-scrollpoint-31p7405\/#primaryimage","url":"https:\/\/lojaopening.com.br\/wp-content\/uploads\/2022\/07\/Mouse-Lenovo-ScrollPoint-31P7405.jpg","contentUrl":"https:\/\/lojaopening.com.br\/wp-content\/uploads\/2022\/07\/Mouse-Lenovo-ScrollPoint-31P7405.jpg","width":419,"height":440},{"@type":"BreadcrumbList","@id":"https:\/\/lojaopening.com.br\/shopp\/produto\/mouse-lenovo-scrollpoint-31p7405\/#breadcrumb","itemListElement":[{"@type":"ListItem","position":1,"name":"In\u00edcio","item":"https:\/\/lojaopening.com.br\/shopp\/"},{"@type":"ListItem","position":2,"name":"Shop","item":"https:\/\/lojaopening.com.br\/shopp\/shopp\/"},{"@type":"ListItem","position":3,"name":"Mouse Lenovo ScrollPoint 31P7405"}]},{"@type":"WebSite","@id":"https:\/\/lojaopening.com.br\/shopp\/#website","url":"https:\/\/lojaopening.com.br\/shopp\/","name":"Loja Opening","description":"","publisher":{"@id":"https:\/\/lojaopening.com.br\/shopp\/#organization"},"potentialAction":[{"@type":"SearchAction","target":{"@type":"EntryPoint","urlTemplate":"https:\/\/lojaopening.com.br\/shopp\/?s={search_term_string}"},"query-input":{"@type":"PropertyValueSpecification","valueRequired":true,"valueName":"search_term_string"}}],"inLanguage":"pt-PT"},{"@type":"Organization","@id":"https:\/\/lojaopening.com.br\/shopp\/#organization","name":"Opening World Coml Import Export Ltda","url":"https:\/\/lojaopening.com.br\/shopp\/","logo":{"@type":"ImageObject","inLanguage":"pt-PT","@id":"https:\/\/lojaopening.com.br\/shopp\/#\/schema\/logo\/image\/","url":"https:\/\/lojaopening.com.br\/wp-content\/uploads\/2020\/09\/logo_header.png","contentUrl":"https:\/\/lojaopening.com.br\/wp-content\/uploads\/2020\/09\/logo_header.png","width":1279,"height":328,"caption":"Opening World Coml Import Export Ltda"},"image":{"@id":"https:\/\/lojaopening.com.br\/shopp\/#\/schema\/logo\/image\/"}}]}},"_links":{"self":[{"href":"https:\/\/lojaopening.com.br\/shopp\/wp-json\/wp\/v2\/product\/862","targetHints":{"allow":["GET"]}}],"collection":[{"href":"https:\/\/lojaopening.com.br\/shopp\/wp-json\/wp\/v2\/product"}],"about":[{"href":"https:\/\/lojaopening.com.br\/shopp\/wp-json\/wp\/v2\/types\/product"}],"wp:featuredmedia":[{"embeddable":true,"href":"https:\/\/lojaopening.com.br\/shopp\/wp-json\/wp\/v2\/media\/863"}],"wp:attachment":[{"href":"https:\/\/lojaopening.com.br\/shopp\/wp-json\/wp\/v2\/media?parent=862"}],"wp:term":[{"taxonomy":"product_brand","embeddable":true,"href":"https:\/\/lojaopening.com.br\/shopp\/wp-json\/wp\/v2\/product_brand?post=862"},{"taxonomy":"product_cat","embeddable":true,"href":"https:\/\/lojaopening.com.br\/shopp\/wp-json\/wp\/v2\/product_cat?post=862"},{"taxonomy":"product_tag","embeddable":true,"href":"https:\/\/lojaopening.com.br\/shopp\/wp-json\/wp\/v2\/product_tag?post=862"}],"curies":[{"name":"wp","href":"https:\/\/api.w.org\/{rel}","templated":true}]}}