{"id":872,"date":"2022-07-13T04:41:00","date_gmt":"2022-07-13T04:41:00","guid":{"rendered":"http:\/\/openingworld.net.br\/?post_type=product&#038;p=872"},"modified":"2023-05-27T19:21:18","modified_gmt":"2023-05-27T19:21:18","slug":"mem%f3ria-value-ram-ddr3-para-desktop-4gb-%252d-pc3-%252d-10600-%252d-cl9-%252d-240-pin-%252d-dimm-%252d-kvr13n9s8%7b47%7d4-%252d-kingston","status":"publish","type":"product","link":"https:\/\/lojaopening.com.br\/shopp\/produto\/mem%f3ria-value-ram-ddr3-para-desktop-4gb-%252d-pc3-%252d-10600-%252d-cl9-%252d-240-pin-%252d-dimm-%252d-kvr13n9s8%7b47%7d4-%252d-kingston\/","title":{"rendered":"Mem\u00f3ria Value RAM DDR3 para Desktop 4GB &#8211; PC3  &#8211; 10600 &#8211; CL9 &#8211; 240 Pin &#8211; DIMM &#8211; KVR13N9S8\/4 &#8211; Kingston"},"content":{"rendered":"<div id=\"div2\" class=\"divTabArea on\">\n<p><span style=\"font-size: medium;\"><span style=\"font-family: arial,helvetica,sans-serif;\">Mem\u00f3ria Value RAM DDR3 para Desktop 4GB &#8211; PC3\u00a0 &#8211; 10600 &#8211; CL9 &#8211; 240 Pin &#8211; DIMM &#8211; KVR13N9S\/4 &#8211; Kingston<\/span><\/span><\/p>\n<p><span style=\"font-family: arial,helvetica,sans-serif;\">KVR13N9S8\/4 4GB 1Rx8 512M x 64-Bit PC3-10600 CL9 240-Pin DIMM<\/span><\/p>\n<p><span style=\"font-family: arial,helvetica,sans-serif;\">\u00a0<\/span><\/p>\n<p><strong><span style=\"font-size: medium;\"><span style=\"font-family: arial,helvetica,sans-serif;\">Caracter\u00edsticas:<\/span><\/span><\/strong><br \/>\n<span style=\"font-size: small;\"><span style=\"font-family: arial,helvetica,sans-serif;\">\u00a0<\/span><\/span><\/p>\n<ul>\n<li><span style=\"font-size: small;\"><span style=\"font-family: arial,helvetica,sans-serif;\">Marca: Kingston<\/span><\/span><\/li>\n<li><span style=\"font-size: small;\"><span style=\"font-family: arial,helvetica,sans-serif;\">Modelo: KVR13N9S8\/4<\/span><\/span><\/li>\n<\/ul>\n<p><span style=\"font-family: arial,helvetica,sans-serif;\">\u00a0<\/span><\/p>\n<p><strong><span style=\"font-size: medium;\"><span style=\"font-family: arial,helvetica,sans-serif;\">Especifica\u00e7\u00f5es:<\/span><\/span><\/strong><br \/>\n<span style=\"font-size: small;\"><span style=\"font-family: arial,helvetica,sans-serif;\">\u00a0<\/span><\/span><\/p>\n<ul>\n<li><span style=\"font-size: small;\"><span style=\"font-family: arial,helvetica,sans-serif;\">Frequ\u00eancia: 1333Mhz<\/span><\/span><\/li>\n<li><span style=\"font-size: small;\"><span style=\"font-family: arial,helvetica,sans-serif;\">Pinagem: 240-Pin<\/span><\/span><\/li>\n<li><span style=\"font-size: small;\"><span style=\"font-family: arial,helvetica,sans-serif;\">Capacidade: 4GB (1 x 4GB)<\/span><\/span><\/li>\n<li><span style=\"font-size: small;\"><span style=\"font-family: arial,helvetica,sans-serif;\">Lat\u00eancia CAS: DDR3<\/span><\/span><\/li>\n<li><span style=\"font-size: small;\"><span style=\"font-family: arial,helvetica,sans-serif;\">Lat\u00eancia: 9<\/span><\/span><\/li>\n<li><span style=\"font-size: small;\"><span style=\"font-family: arial,helvetica,sans-serif;\">Timing: 9-8-7-6<\/span><\/span><\/li>\n<li><span style=\"font-size: small;\"><span style=\"font-family: arial,helvetica,sans-serif;\">Tens\u00e3o: 1.5V<\/span><\/span><\/li>\n<li><span style=\"font-size: small;\"><span style=\"font-family: arial,helvetica,sans-serif;\">Produto fornecido em blister Individual Padr\u00e3o Kingston<\/span><\/span><\/li>\n<\/ul>\n<p><span style=\"font-size: small;\"><span style=\"font-family: arial,helvetica,sans-serif;\">\u00a0<\/span><\/span><\/p>\n<ul>\n<li><span lang=\"PT\" style=\"font-size: 12pt;\">NCM: 8473.30.42 <\/span><\/li>\n<li><span lang=\"PT\" style=\"font-size: 12pt;\">ICMS incluso: 12% <\/span><\/li>\n<li><span lang=\"PT\" style=\"font-size: 12pt;\">CST: 200 <\/span><\/li>\n<li><em><span style=\"font-size: 12pt;\">Pre\u00e7os v\u00e1lidos para faturamento para empresas com CNPJ ativo, CONSUMIDOR FINAL, CONTRIBUINTE para uso e consumo pr\u00f3prio\/ATIVO<\/span><\/em><\/li>\n<\/ul>\n<div id=\"ProductWarranty\" class=\"Block Moveable Panel\">\n<h3>Informa\u00e7\u00f5es sobre garantia<\/h3>\n<div class=\"ProductWarrantyContainer\">12 MESES<\/div>\n<hr class=\"ProductSectionSeparator\" \/>\n<\/div>\n<\/div>\n","protected":false},"excerpt":{"rendered":"<p>Mem\u00f3ria Value RAM DDR3 para Desktop 4GB &#8211; PC3\u00a0 &#8211; 10600 &#8211; CL9 &#8211; 240 Pin &#8211; DIMM &#8211; KVR13N9S\/4&hellip;<\/p>\n","protected":false},"featured_media":873,"template":"","meta":[],"product_brand":[],"product_cat":[115],"product_tag":[],"class_list":{"0":"post-872","1":"product","2":"type-product","3":"status-publish","4":"has-post-thumbnail","6":"product_cat-kingston","8":"first","9":"onbackorder","10":"shipping-taxable","11":"purchasable","12":"product-type-simple"},"yoast_head":"<!-- This site is optimized with the Yoast SEO plugin v27.2 - https:\/\/yoast.com\/product\/yoast-seo-wordpress\/ -->\n<title>Mem\u00f3ria Value RAM DDR3 para Desktop 4GB - PC3 - 10600 - CL9 - 240 Pin - DIMM - KVR13N9S8\/4 - Kingston - Loja Opening<\/title>\n<meta name=\"robots\" content=\"index, follow, max-snippet:-1, max-image-preview:large, max-video-preview:-1\" \/>\n<link rel=\"canonical\" href=\"https:\/\/lojaopening.com.br\/shopp\/produto\/mem?ria-value-ram-ddr3-para-desktop-4gb-%2d-pc3-%2d-10600-%2d-cl9-%2d-240-pin-%2d-dimm-%2d-kvr13n9s8474-%2d-kingston\/\" \/>\n<meta property=\"og:locale\" content=\"pt_PT\" \/>\n<meta property=\"og:type\" content=\"article\" \/>\n<meta property=\"og:title\" content=\"Mem\u00f3ria Value RAM DDR3 para Desktop 4GB - PC3 - 10600 - CL9 - 240 Pin - DIMM - KVR13N9S8\/4 - Kingston - Loja Opening\" \/>\n<meta property=\"og:description\" content=\"Mem\u00f3ria Value RAM DDR3 para Desktop 4GB &#8211; PC3\u00a0 &#8211; 10600 &#8211; CL9 &#8211; 240 Pin &#8211; DIMM &#8211; KVR13N9S\/4&hellip;\" \/>\n<meta property=\"og:url\" content=\"\" \/>\n<meta property=\"og:site_name\" content=\"Loja Opening\" \/>\n<meta property=\"article:modified_time\" content=\"2023-05-27T19:21:18+00:00\" \/>\n<meta property=\"og:image\" content=\"https:\/\/lojaopening.com.br\/wp-content\/uploads\/2022\/07\/MemF3ria-Value-RAM-DDR3-para-Desktop-4GB-252d-PC3-252d-10600-252d-CL9-252d-240-Pin-252d-DIMM-252d-KVR13N9S87B477D4-252d-Kingston.jpg\" \/>\n\t<meta property=\"og:image:width\" content=\"204\" \/>\n\t<meta property=\"og:image:height\" content=\"105\" \/>\n\t<meta property=\"og:image:type\" content=\"image\/jpeg\" \/>\n<meta name=\"twitter:card\" content=\"summary_large_image\" \/>\n<meta name=\"twitter:label1\" content=\"Tempo estimado de leitura\" \/>\n\t<meta name=\"twitter:data1\" content=\"1 minuto\" \/>\n<script type=\"application\/ld+json\" class=\"yoast-schema-graph\">{\"@context\":\"https:\/\/schema.org\",\"@graph\":[{\"@type\":\"WebPage\",\"@id\":\"https:\/\/lojaopening.com.br\/shopp\/produto\/mem%f3ria-value-ram-ddr3-para-desktop-4gb-%252d-pc3-%252d-10600-%252d-cl9-%252d-240-pin-%252d-dimm-%252d-kvr13n9s8%7b47%7d4-%252d-kingston\/\",\"url\":\"https:\/\/lojaopening.com.br\/shopp\/produto\/mem%f3ria-value-ram-ddr3-para-desktop-4gb-%252d-pc3-%252d-10600-%252d-cl9-%252d-240-pin-%252d-dimm-%252d-kvr13n9s8%7b47%7d4-%252d-kingston\/\",\"name\":\"Mem\u00f3ria Value RAM DDR3 para Desktop 4GB - PC3 - 10600 - CL9 - 240 Pin - DIMM - KVR13N9S8\/4 - Kingston - Loja Opening\",\"isPartOf\":{\"@id\":\"https:\/\/lojaopening.com.br\/shopp\/#website\"},\"primaryImageOfPage\":{\"@id\":\"https:\/\/lojaopening.com.br\/shopp\/produto\/mem%f3ria-value-ram-ddr3-para-desktop-4gb-%252d-pc3-%252d-10600-%252d-cl9-%252d-240-pin-%252d-dimm-%252d-kvr13n9s8%7b47%7d4-%252d-kingston\/#primaryimage\"},\"image\":{\"@id\":\"https:\/\/lojaopening.com.br\/shopp\/produto\/mem%f3ria-value-ram-ddr3-para-desktop-4gb-%252d-pc3-%252d-10600-%252d-cl9-%252d-240-pin-%252d-dimm-%252d-kvr13n9s8%7b47%7d4-%252d-kingston\/#primaryimage\"},\"thumbnailUrl\":\"https:\/\/lojaopening.com.br\/wp-content\/uploads\/2022\/07\/MemF3ria-Value-RAM-DDR3-para-Desktop-4GB-252d-PC3-252d-10600-252d-CL9-252d-240-Pin-252d-DIMM-252d-KVR13N9S87B477D4-252d-Kingston.jpg\",\"datePublished\":\"2022-07-13T04:41:00+00:00\",\"dateModified\":\"2023-05-27T19:21:18+00:00\",\"breadcrumb\":{\"@id\":\"https:\/\/lojaopening.com.br\/shopp\/produto\/mem%f3ria-value-ram-ddr3-para-desktop-4gb-%252d-pc3-%252d-10600-%252d-cl9-%252d-240-pin-%252d-dimm-%252d-kvr13n9s8%7b47%7d4-%252d-kingston\/#breadcrumb\"},\"inLanguage\":\"pt-PT\",\"potentialAction\":[{\"@type\":\"ReadAction\",\"target\":[\"https:\/\/lojaopening.com.br\/shopp\/produto\/mem%f3ria-value-ram-ddr3-para-desktop-4gb-%252d-pc3-%252d-10600-%252d-cl9-%252d-240-pin-%252d-dimm-%252d-kvr13n9s8%7b47%7d4-%252d-kingston\/\"]}]},{\"@type\":\"ImageObject\",\"inLanguage\":\"pt-PT\",\"@id\":\"https:\/\/lojaopening.com.br\/shopp\/produto\/mem%f3ria-value-ram-ddr3-para-desktop-4gb-%252d-pc3-%252d-10600-%252d-cl9-%252d-240-pin-%252d-dimm-%252d-kvr13n9s8%7b47%7d4-%252d-kingston\/#primaryimage\",\"url\":\"https:\/\/lojaopening.com.br\/wp-content\/uploads\/2022\/07\/MemF3ria-Value-RAM-DDR3-para-Desktop-4GB-252d-PC3-252d-10600-252d-CL9-252d-240-Pin-252d-DIMM-252d-KVR13N9S87B477D4-252d-Kingston.jpg\",\"contentUrl\":\"https:\/\/lojaopening.com.br\/wp-content\/uploads\/2022\/07\/MemF3ria-Value-RAM-DDR3-para-Desktop-4GB-252d-PC3-252d-10600-252d-CL9-252d-240-Pin-252d-DIMM-252d-KVR13N9S87B477D4-252d-Kingston.jpg\",\"width\":204,\"height\":105},{\"@type\":\"BreadcrumbList\",\"@id\":\"https:\/\/lojaopening.com.br\/shopp\/produto\/mem%f3ria-value-ram-ddr3-para-desktop-4gb-%252d-pc3-%252d-10600-%252d-cl9-%252d-240-pin-%252d-dimm-%252d-kvr13n9s8%7b47%7d4-%252d-kingston\/#breadcrumb\",\"itemListElement\":[{\"@type\":\"ListItem\",\"position\":1,\"name\":\"In\u00edcio\",\"item\":\"https:\/\/lojaopening.com.br\/shopp\/\"},{\"@type\":\"ListItem\",\"position\":2,\"name\":\"Shop\",\"item\":\"https:\/\/lojaopening.com.br\/shopp\/shopp\/\"},{\"@type\":\"ListItem\",\"position\":3,\"name\":\"Mem\u00f3ria Value RAM DDR3 para Desktop 4GB &#8211; PC3 &#8211; 10600 &#8211; CL9 &#8211; 240 Pin &#8211; DIMM &#8211; KVR13N9S8\/4 &#8211; Kingston\"}]},{\"@type\":\"WebSite\",\"@id\":\"https:\/\/lojaopening.com.br\/shopp\/#website\",\"url\":\"https:\/\/lojaopening.com.br\/shopp\/\",\"name\":\"Loja Opening\",\"description\":\"\",\"publisher\":{\"@id\":\"https:\/\/lojaopening.com.br\/shopp\/#organization\"},\"potentialAction\":[{\"@type\":\"SearchAction\",\"target\":{\"@type\":\"EntryPoint\",\"urlTemplate\":\"https:\/\/lojaopening.com.br\/shopp\/?s={search_term_string}\"},\"query-input\":{\"@type\":\"PropertyValueSpecification\",\"valueRequired\":true,\"valueName\":\"search_term_string\"}}],\"inLanguage\":\"pt-PT\"},{\"@type\":\"Organization\",\"@id\":\"https:\/\/lojaopening.com.br\/shopp\/#organization\",\"name\":\"Opening World Coml Import Export Ltda\",\"url\":\"https:\/\/lojaopening.com.br\/shopp\/\",\"logo\":{\"@type\":\"ImageObject\",\"inLanguage\":\"pt-PT\",\"@id\":\"https:\/\/lojaopening.com.br\/shopp\/#\/schema\/logo\/image\/\",\"url\":\"https:\/\/lojaopening.com.br\/wp-content\/uploads\/2020\/09\/logo_header.png\",\"contentUrl\":\"https:\/\/lojaopening.com.br\/wp-content\/uploads\/2020\/09\/logo_header.png\",\"width\":1279,\"height\":328,\"caption\":\"Opening World Coml Import Export Ltda\"},\"image\":{\"@id\":\"https:\/\/lojaopening.com.br\/shopp\/#\/schema\/logo\/image\/\"}}]}<\/script>\n<!-- \/ Yoast SEO plugin. -->","yoast_head_json":{"title":"Mem\u00f3ria Value RAM DDR3 para Desktop 4GB - PC3 - 10600 - CL9 - 240 Pin - DIMM - KVR13N9S8\/4 - Kingston - Loja Opening","robots":{"index":"index","follow":"follow","max-snippet":"max-snippet:-1","max-image-preview":"max-image-preview:large","max-video-preview":"max-video-preview:-1"},"canonical":"https:\/\/lojaopening.com.br\/shopp\/produto\/mem?ria-value-ram-ddr3-para-desktop-4gb-%2d-pc3-%2d-10600-%2d-cl9-%2d-240-pin-%2d-dimm-%2d-kvr13n9s8{47}4-%2d-kingston\/","og_locale":"pt_PT","og_type":"article","og_title":"Mem\u00f3ria Value RAM DDR3 para Desktop 4GB - PC3 - 10600 - CL9 - 240 Pin - DIMM - KVR13N9S8\/4 - Kingston - Loja Opening","og_description":"Mem\u00f3ria Value RAM DDR3 para Desktop 4GB &#8211; PC3\u00a0 &#8211; 10600 &#8211; CL9 &#8211; 240 Pin &#8211; DIMM &#8211; KVR13N9S\/4&hellip;","og_url":"https:\/\/lojaopening.com.br\/shopp\/produto\/mem?ria-value-ram-ddr3-para-desktop-4gb-%2d-pc3-%2d-10600-%2d-cl9-%2d-240-pin-%2d-dimm-%2d-kvr13n9s8{47}4-%2d-kingston\/","og_site_name":"Loja Opening","article_modified_time":"2023-05-27T19:21:18+00:00","og_image":[{"width":204,"height":105,"url":"https:\/\/lojaopening.com.br\/wp-content\/uploads\/2022\/07\/MemF3ria-Value-RAM-DDR3-para-Desktop-4GB-252d-PC3-252d-10600-252d-CL9-252d-240-Pin-252d-DIMM-252d-KVR13N9S87B477D4-252d-Kingston.jpg","type":"image\/jpeg"}],"twitter_card":"summary_large_image","twitter_misc":{"Tempo estimado de leitura":"1 minuto"},"schema":{"@context":"https:\/\/schema.org","@graph":[{"@type":"WebPage","@id":"https:\/\/lojaopening.com.br\/shopp\/produto\/mem%f3ria-value-ram-ddr3-para-desktop-4gb-%252d-pc3-%252d-10600-%252d-cl9-%252d-240-pin-%252d-dimm-%252d-kvr13n9s8%7b47%7d4-%252d-kingston\/","url":"https:\/\/lojaopening.com.br\/shopp\/produto\/mem%f3ria-value-ram-ddr3-para-desktop-4gb-%252d-pc3-%252d-10600-%252d-cl9-%252d-240-pin-%252d-dimm-%252d-kvr13n9s8%7b47%7d4-%252d-kingston\/","name":"Mem\u00f3ria Value RAM DDR3 para Desktop 4GB - PC3 - 10600 - CL9 - 240 Pin - DIMM - KVR13N9S8\/4 - Kingston - Loja Opening","isPartOf":{"@id":"https:\/\/lojaopening.com.br\/shopp\/#website"},"primaryImageOfPage":{"@id":"https:\/\/lojaopening.com.br\/shopp\/produto\/mem%f3ria-value-ram-ddr3-para-desktop-4gb-%252d-pc3-%252d-10600-%252d-cl9-%252d-240-pin-%252d-dimm-%252d-kvr13n9s8%7b47%7d4-%252d-kingston\/#primaryimage"},"image":{"@id":"https:\/\/lojaopening.com.br\/shopp\/produto\/mem%f3ria-value-ram-ddr3-para-desktop-4gb-%252d-pc3-%252d-10600-%252d-cl9-%252d-240-pin-%252d-dimm-%252d-kvr13n9s8%7b47%7d4-%252d-kingston\/#primaryimage"},"thumbnailUrl":"https:\/\/lojaopening.com.br\/wp-content\/uploads\/2022\/07\/MemF3ria-Value-RAM-DDR3-para-Desktop-4GB-252d-PC3-252d-10600-252d-CL9-252d-240-Pin-252d-DIMM-252d-KVR13N9S87B477D4-252d-Kingston.jpg","datePublished":"2022-07-13T04:41:00+00:00","dateModified":"2023-05-27T19:21:18+00:00","breadcrumb":{"@id":"https:\/\/lojaopening.com.br\/shopp\/produto\/mem%f3ria-value-ram-ddr3-para-desktop-4gb-%252d-pc3-%252d-10600-%252d-cl9-%252d-240-pin-%252d-dimm-%252d-kvr13n9s8%7b47%7d4-%252d-kingston\/#breadcrumb"},"inLanguage":"pt-PT","potentialAction":[{"@type":"ReadAction","target":["https:\/\/lojaopening.com.br\/shopp\/produto\/mem%f3ria-value-ram-ddr3-para-desktop-4gb-%252d-pc3-%252d-10600-%252d-cl9-%252d-240-pin-%252d-dimm-%252d-kvr13n9s8%7b47%7d4-%252d-kingston\/"]}]},{"@type":"ImageObject","inLanguage":"pt-PT","@id":"https:\/\/lojaopening.com.br\/shopp\/produto\/mem%f3ria-value-ram-ddr3-para-desktop-4gb-%252d-pc3-%252d-10600-%252d-cl9-%252d-240-pin-%252d-dimm-%252d-kvr13n9s8%7b47%7d4-%252d-kingston\/#primaryimage","url":"https:\/\/lojaopening.com.br\/wp-content\/uploads\/2022\/07\/MemF3ria-Value-RAM-DDR3-para-Desktop-4GB-252d-PC3-252d-10600-252d-CL9-252d-240-Pin-252d-DIMM-252d-KVR13N9S87B477D4-252d-Kingston.jpg","contentUrl":"https:\/\/lojaopening.com.br\/wp-content\/uploads\/2022\/07\/MemF3ria-Value-RAM-DDR3-para-Desktop-4GB-252d-PC3-252d-10600-252d-CL9-252d-240-Pin-252d-DIMM-252d-KVR13N9S87B477D4-252d-Kingston.jpg","width":204,"height":105},{"@type":"BreadcrumbList","@id":"https:\/\/lojaopening.com.br\/shopp\/produto\/mem%f3ria-value-ram-ddr3-para-desktop-4gb-%252d-pc3-%252d-10600-%252d-cl9-%252d-240-pin-%252d-dimm-%252d-kvr13n9s8%7b47%7d4-%252d-kingston\/#breadcrumb","itemListElement":[{"@type":"ListItem","position":1,"name":"In\u00edcio","item":"https:\/\/lojaopening.com.br\/shopp\/"},{"@type":"ListItem","position":2,"name":"Shop","item":"https:\/\/lojaopening.com.br\/shopp\/shopp\/"},{"@type":"ListItem","position":3,"name":"Mem\u00f3ria Value RAM DDR3 para Desktop 4GB &#8211; PC3 &#8211; 10600 &#8211; CL9 &#8211; 240 Pin &#8211; DIMM &#8211; KVR13N9S8\/4 &#8211; Kingston"}]},{"@type":"WebSite","@id":"https:\/\/lojaopening.com.br\/shopp\/#website","url":"https:\/\/lojaopening.com.br\/shopp\/","name":"Loja Opening","description":"","publisher":{"@id":"https:\/\/lojaopening.com.br\/shopp\/#organization"},"potentialAction":[{"@type":"SearchAction","target":{"@type":"EntryPoint","urlTemplate":"https:\/\/lojaopening.com.br\/shopp\/?s={search_term_string}"},"query-input":{"@type":"PropertyValueSpecification","valueRequired":true,"valueName":"search_term_string"}}],"inLanguage":"pt-PT"},{"@type":"Organization","@id":"https:\/\/lojaopening.com.br\/shopp\/#organization","name":"Opening World Coml Import Export Ltda","url":"https:\/\/lojaopening.com.br\/shopp\/","logo":{"@type":"ImageObject","inLanguage":"pt-PT","@id":"https:\/\/lojaopening.com.br\/shopp\/#\/schema\/logo\/image\/","url":"https:\/\/lojaopening.com.br\/wp-content\/uploads\/2020\/09\/logo_header.png","contentUrl":"https:\/\/lojaopening.com.br\/wp-content\/uploads\/2020\/09\/logo_header.png","width":1279,"height":328,"caption":"Opening World Coml Import Export Ltda"},"image":{"@id":"https:\/\/lojaopening.com.br\/shopp\/#\/schema\/logo\/image\/"}}]}},"_links":{"self":[{"href":"https:\/\/lojaopening.com.br\/shopp\/wp-json\/wp\/v2\/product\/872","targetHints":{"allow":["GET"]}}],"collection":[{"href":"https:\/\/lojaopening.com.br\/shopp\/wp-json\/wp\/v2\/product"}],"about":[{"href":"https:\/\/lojaopening.com.br\/shopp\/wp-json\/wp\/v2\/types\/product"}],"wp:featuredmedia":[{"embeddable":true,"href":"https:\/\/lojaopening.com.br\/shopp\/wp-json\/wp\/v2\/media\/873"}],"wp:attachment":[{"href":"https:\/\/lojaopening.com.br\/shopp\/wp-json\/wp\/v2\/media?parent=872"}],"wp:term":[{"taxonomy":"product_brand","embeddable":true,"href":"https:\/\/lojaopening.com.br\/shopp\/wp-json\/wp\/v2\/product_brand?post=872"},{"taxonomy":"product_cat","embeddable":true,"href":"https:\/\/lojaopening.com.br\/shopp\/wp-json\/wp\/v2\/product_cat?post=872"},{"taxonomy":"product_tag","embeddable":true,"href":"https:\/\/lojaopening.com.br\/shopp\/wp-json\/wp\/v2\/product_tag?post=872"}],"curies":[{"name":"wp","href":"https:\/\/api.w.org\/{rel}","templated":true}]}}