{"id":937,"date":"2022-07-13T17:53:19","date_gmt":"2022-07-13T17:53:19","guid":{"rendered":"http:\/\/openingworld.net.br\/?post_type=product&#038;p=937"},"modified":"2023-05-27T19:21:17","modified_gmt":"2023-05-27T19:21:17","slug":"cabide-de-alum%ednio-para-mapoteca-trident-cab%252da1","status":"publish","type":"product","link":"https:\/\/lojaopening.com.br\/shopp\/produto\/cabide-de-alum%ednio-para-mapoteca-trident-cab%252da1\/","title":{"rendered":"Cabide de alum\u00ednio para mapoteca Trident CAB-A1"},"content":{"rendered":"<div class=\"divTabArea on\" id=\"div2\">\n<p><span style=\"font-size: small;\">Cabide em alum\u00ednio para Mapoteca Trident MAP s\u00e9ries.<\/span><\/p>\n<p><span class=\"A4\"><span style=\"font-size: small;\">A solu\u00e7\u00e3o para o arquivo e a organiza\u00e7\u00e3o de plantas, desenhos, c\u00f3pias, cartazes, mapas, fotolitos, raios x, filmes, documentos, etc. <\/span><\/span><\/p>\n<ul>\n<li>\n<div class=\"Default\"><span style=\"font-size: small;\"><span style=\"color: #ca242a;\">Suporte Met\u00e1lico <\/span><span style=\"color: #221e1f;\">&#8211; Em a\u00e7o cromado, serve para fixar o cabide nos expositores. <\/span><\/span><\/div>\n<\/li>\n<li>\n<div class=\"Pa2\"><span style=\"font-size: small;\"><span style=\"color: #ca242a;\">Borboleta de Aperto <\/span><span style=\"color: #221e1f;\">&#8211; Basta uma leve press\u00e3o para que as folhas fiquem firmemente presas. <\/span><\/span><\/div>\n<\/li>\n<li>\n<div class=\"Default\"><span style=\"font-size: small;\"><span style=\"color: #ca242a;\">Visor Pl\u00e1stico <\/span><span style=\"color: #221e1f;\">&#8211; Protetor da etiqueta de identifica\u00e7\u00e3o do conte\u00fado do cabide. <\/span><\/span><\/div>\n<\/li>\n<li>\n<div class=\"Pa3\"><span style=\"font-size: small;\"><span style=\"color: #ca242a;\">100 Folhas por cabide <\/span><span style=\"color: #221e1f;\">&#8211; Cada cabide pode sustentar com seguran\u00e7a at\u00e9 100 folhas. <\/span><\/span><\/div>\n<\/li>\n<\/ul>\n<p class=\"Default\">&nbsp;<\/p>\n<table style=\"width: 647px;\" border=\"0\" cellpadding=\"0\" cellspacing=\"0\">\n<tbody>\n<tr>\n<td width=\"156\" style=\"background-color: transparent;\" valign=\"bottom\">\n<p><span style=\"color: black;\">Modelo<\/span><\/p>\n<\/td>\n<td width=\"64\" style=\"background-color: transparent;\" valign=\"bottom\">\n<p><span style=\"color: black;\">Tamanho<\/span><\/p>\n<\/td>\n<td width=\"299\" style=\"background-color: transparent;\" valign=\"bottom\">\n<p><span style=\"color: black;\">Ideal para:<\/span><\/p>\n<\/td>\n<td width=\"64\" style=\"background-color: transparent;\" valign=\"bottom\">\n<p><span style=\"color: black;\">Peso<\/span><\/p>\n<\/td>\n<td width=\"64\" style=\"background-color: transparent;\" valign=\"bottom\">\n<p><span style=\"color: black;\">Cubagem<\/span><\/p>\n<\/td>\n<\/tr>\n<tr>\n<td width=\"156\" style=\"background-color: transparent;\" valign=\"bottom\">\n<p><span style=\"color: black;\">CAB-A0<\/span><\/p>\n<\/td>\n<td width=\"64\" style=\"background-color: transparent;\" valign=\"bottom\">\n<p><span style=\"color: black;\">88 cm<\/span><\/p>\n<\/td>\n<td width=\"299\" style=\"background-color: transparent;\" valign=\"bottom\">\n<p><span style=\"color: black;\">Formatos A0 (123 X 88 cm) e A1 (88 X 62,5 cm)<\/span><\/p>\n<\/td>\n<td width=\"64\" style=\"background-color: transparent;\" valign=\"bottom\">\n<p><span style=\"color: black;\">7 kg<\/span><\/p>\n<\/td>\n<td width=\"64\" style=\"background-color: transparent;\" valign=\"bottom\">\n<p><span style=\"color: black;\">0,0171<\/span><\/p>\n<\/td>\n<\/tr>\n<tr>\n<td width=\"156\" style=\"background-color: transparent;\" valign=\"bottom\">\n<p><span style=\"color: black;\">CAB-A1<\/span><\/p>\n<\/td>\n<td width=\"64\" style=\"background-color: transparent;\" valign=\"bottom\">\n<p><span style=\"color: black;\">62,5 cm<\/span><\/p>\n<\/td>\n<td width=\"299\" style=\"background-color: transparent;\" valign=\"bottom\">\n<p><span style=\"color: black;\">Formatos A1 (88 X 62,5 cm) e A2 (62,5 X 45 cm)<\/span><\/p>\n<\/td>\n<td width=\"64\" style=\"background-color: transparent;\" valign=\"bottom\">\n<p><span style=\"color: black;\">5,5 kg<\/span><\/p>\n<\/td>\n<td width=\"64\" style=\"background-color: transparent;\" valign=\"bottom\">\n<p><span style=\"color: black;\">0,0106<\/span><\/p>\n<\/td>\n<\/tr>\n<tr>\n<td width=\"156\" style=\"background-color: transparent;\" valign=\"bottom\">\n<p><span style=\"color: black;\">CAB-A2<\/span><\/p>\n<\/td>\n<td width=\"64\" style=\"background-color: transparent;\" valign=\"bottom\">\n<p><span style=\"color: black;\">45 cm<\/span><\/p>\n<\/td>\n<td width=\"299\" style=\"background-color: transparent;\" valign=\"bottom\">\n<p><span style=\"color: black;\">Formatos A2 (62,5 X 45 cm) e A3 (45 X 33 cm)<\/span><\/p>\n<\/td>\n<td width=\"64\" style=\"background-color: transparent;\" valign=\"bottom\">\n<p><span style=\"color: black;\">4 kg<\/span><\/p>\n<\/td>\n<td width=\"64\" style=\"background-color: transparent;\" valign=\"bottom\">\n<p><span style=\"color: black;\">0,0008<\/span><\/p>\n<\/td>\n<\/tr>\n<tr>\n<td width=\"156\" style=\"background-color: transparent;\" valign=\"bottom\">\n<p><span style=\"color: black;\">CAB-A3<\/span><\/p>\n<\/td>\n<td width=\"64\" style=\"background-color: transparent;\" valign=\"bottom\">\n<p><span style=\"color: black;\">33 cm<\/span><\/p>\n<\/td>\n<td width=\"299\" style=\"background-color: transparent;\" valign=\"bottom\">\n<p><span style=\"color: black;\">Formatos A3 (45 X 33 cm) e A4 (33 X 24 cm)<\/span><\/p>\n<\/td>\n<td width=\"64\" style=\"background-color: transparent;\" valign=\"bottom\">\n<p><span style=\"color: black;\">3 kg<\/span><\/p>\n<\/td>\n<td width=\"64\" style=\"background-color: transparent;\" valign=\"bottom\">\n<p><span style=\"color: black;\">0,0063<\/span><\/p>\n<\/td>\n<\/tr>\n<tr>\n<td width=\"156\" style=\"background-color: transparent;\" valign=\"bottom\">\n<p><span style=\"color: black;\">Embalagem com 10 pe\u00e7as<\/span><\/p>\n<\/td>\n<td width=\"64\" style=\"background-color: transparent;\" valign=\"bottom\">\n<p><span style=\"color: black;\">&nbsp;<\/span><\/p>\n<\/td>\n<td width=\"299\" style=\"background-color: transparent;\" valign=\"bottom\">\n<p><span style=\"color: black;\">&nbsp;<\/span><\/p>\n<\/td>\n<td width=\"64\" style=\"background-color: transparent;\" valign=\"bottom\">\n<p><span style=\"color: black;\">&nbsp;<\/span><\/p>\n<\/td>\n<td width=\"64\" style=\"background-color: transparent;\" valign=\"bottom\">\n<p><span style=\"color: black;\">&nbsp;<\/span><\/p>\n<\/td>\n<\/tr>\n<\/tbody>\n<\/table>\n<ul>\n<span style=\"font-size: medium;\">Produtos testados e aprovados em mais de 30 pa\u00edses<\/span>\n<\/ul>\n<ul>\n<li><span lang=\"PT\" style=\"font-size: 12pt;\">NCM: 8304.00.00 <\/span><\/li>\n<li><span lang=\"PT\" style=\"font-size: 12pt;\">ICMS incluso: 18% <\/span><\/li>\n<li><span lang=\"PT\" style=\"font-size: 12pt;\">CST: 000 <\/span><\/li>\n<li><em><span style=\"font-size: 12pt;\">Pre\u00e7os v\u00e1lidos para faturamento para empresas com CNPJ ativo, CONSUMIDOR FINAL, CONTRIBUINTE para uso e consumo pr\u00f3prio\/ATIVO<\/span><\/em><\/li>\n<\/ul>\n<div class=\"Block Moveable Panel\" id=\"ProductWarranty\">\n<h3>Informa\u00e7\u00f5es sobre garantia<\/h3>\n<div class=\"ProductWarrantyContainer\">\n\t\t90 dias\n\t<\/div>\n<hr style=\"\" class=\"ProductSectionSeparator\">\n<\/div>\n<\/p><\/div>\n","protected":false},"excerpt":{"rendered":"<p>Cabide em alum\u00ednio para Mapoteca Trident MAP s\u00e9ries. A solu\u00e7\u00e3o para o arquivo e a organiza\u00e7\u00e3o de plantas, desenhos, c\u00f3pias,&hellip;<\/p>\n","protected":false},"featured_media":936,"template":"","meta":[],"product_brand":[],"product_cat":[37,490],"product_tag":[],"class_list":{"0":"post-937","1":"product","2":"type-product","3":"status-publish","4":"has-post-thumbnail","6":"product_cat-automacao-comercial","7":"product_cat-trident","9":"first","10":"onbackorder","11":"shipping-taxable","12":"purchasable","13":"product-type-simple"},"yoast_head":"<!-- This site is optimized with the Yoast SEO plugin v27.2 - https:\/\/yoast.com\/product\/yoast-seo-wordpress\/ -->\n<title>Cabide de alum\u00ednio para mapoteca Trident CAB-A1 - Loja Opening<\/title>\n<meta name=\"robots\" content=\"index, follow, max-snippet:-1, max-image-preview:large, max-video-preview:-1\" \/>\n<link rel=\"canonical\" href=\"https:\/\/lojaopening.com.br\/shopp\/produto\/cabide-de-alum?nio-para-mapoteca-trident-cab%2da1\/\" \/>\n<meta property=\"og:locale\" content=\"pt_PT\" \/>\n<meta property=\"og:type\" content=\"article\" \/>\n<meta property=\"og:title\" content=\"Cabide de alum\u00ednio para mapoteca Trident CAB-A1 - Loja Opening\" \/>\n<meta property=\"og:description\" content=\"Cabide em alum\u00ednio para Mapoteca Trident MAP s\u00e9ries. A solu\u00e7\u00e3o para o arquivo e a organiza\u00e7\u00e3o de plantas, desenhos, c\u00f3pias,&hellip;\" \/>\n<meta property=\"og:url\" content=\"\" \/>\n<meta property=\"og:site_name\" content=\"Loja Opening\" \/>\n<meta property=\"article:modified_time\" content=\"2023-05-27T19:21:17+00:00\" \/>\n<meta property=\"og:image\" content=\"https:\/\/lojaopening.com.br\/wp-content\/uploads\/2022\/07\/Cabide-de-alumEDnio-para-mapoteca-Trident-CAB252dA1-.jpg\" \/>\n\t<meta property=\"og:image:width\" content=\"200\" \/>\n\t<meta property=\"og:image:height\" content=\"150\" \/>\n\t<meta property=\"og:image:type\" content=\"image\/jpeg\" \/>\n<meta name=\"twitter:card\" content=\"summary_large_image\" \/>\n<meta name=\"twitter:label1\" content=\"Tempo estimado de leitura\" \/>\n\t<meta name=\"twitter:data1\" content=\"1 minuto\" \/>\n<script type=\"application\/ld+json\" class=\"yoast-schema-graph\">{\"@context\":\"https:\/\/schema.org\",\"@graph\":[{\"@type\":\"WebPage\",\"@id\":\"https:\/\/lojaopening.com.br\/shopp\/produto\/cabide-de-alum%ednio-para-mapoteca-trident-cab%252da1\/\",\"url\":\"https:\/\/lojaopening.com.br\/shopp\/produto\/cabide-de-alum%ednio-para-mapoteca-trident-cab%252da1\/\",\"name\":\"Cabide de alum\u00ednio para mapoteca Trident CAB-A1 - Loja Opening\",\"isPartOf\":{\"@id\":\"https:\/\/lojaopening.com.br\/shopp\/#website\"},\"primaryImageOfPage\":{\"@id\":\"https:\/\/lojaopening.com.br\/shopp\/produto\/cabide-de-alum%ednio-para-mapoteca-trident-cab%252da1\/#primaryimage\"},\"image\":{\"@id\":\"https:\/\/lojaopening.com.br\/shopp\/produto\/cabide-de-alum%ednio-para-mapoteca-trident-cab%252da1\/#primaryimage\"},\"thumbnailUrl\":\"https:\/\/lojaopening.com.br\/wp-content\/uploads\/2022\/07\/Cabide-de-alumEDnio-para-mapoteca-Trident-CAB252dA1-.jpg\",\"datePublished\":\"2022-07-13T17:53:19+00:00\",\"dateModified\":\"2023-05-27T19:21:17+00:00\",\"breadcrumb\":{\"@id\":\"https:\/\/lojaopening.com.br\/shopp\/produto\/cabide-de-alum%ednio-para-mapoteca-trident-cab%252da1\/#breadcrumb\"},\"inLanguage\":\"pt-PT\",\"potentialAction\":[{\"@type\":\"ReadAction\",\"target\":[\"https:\/\/lojaopening.com.br\/shopp\/produto\/cabide-de-alum%ednio-para-mapoteca-trident-cab%252da1\/\"]}]},{\"@type\":\"ImageObject\",\"inLanguage\":\"pt-PT\",\"@id\":\"https:\/\/lojaopening.com.br\/shopp\/produto\/cabide-de-alum%ednio-para-mapoteca-trident-cab%252da1\/#primaryimage\",\"url\":\"https:\/\/lojaopening.com.br\/wp-content\/uploads\/2022\/07\/Cabide-de-alumEDnio-para-mapoteca-Trident-CAB252dA1-.jpg\",\"contentUrl\":\"https:\/\/lojaopening.com.br\/wp-content\/uploads\/2022\/07\/Cabide-de-alumEDnio-para-mapoteca-Trident-CAB252dA1-.jpg\",\"width\":200,\"height\":150},{\"@type\":\"BreadcrumbList\",\"@id\":\"https:\/\/lojaopening.com.br\/shopp\/produto\/cabide-de-alum%ednio-para-mapoteca-trident-cab%252da1\/#breadcrumb\",\"itemListElement\":[{\"@type\":\"ListItem\",\"position\":1,\"name\":\"In\u00edcio\",\"item\":\"https:\/\/lojaopening.com.br\/shopp\/\"},{\"@type\":\"ListItem\",\"position\":2,\"name\":\"Shop\",\"item\":\"https:\/\/lojaopening.com.br\/shopp\/shopp\/\"},{\"@type\":\"ListItem\",\"position\":3,\"name\":\"Cabide de alum\u00ednio para mapoteca Trident CAB-A1\"}]},{\"@type\":\"WebSite\",\"@id\":\"https:\/\/lojaopening.com.br\/shopp\/#website\",\"url\":\"https:\/\/lojaopening.com.br\/shopp\/\",\"name\":\"Loja Opening\",\"description\":\"\",\"publisher\":{\"@id\":\"https:\/\/lojaopening.com.br\/shopp\/#organization\"},\"potentialAction\":[{\"@type\":\"SearchAction\",\"target\":{\"@type\":\"EntryPoint\",\"urlTemplate\":\"https:\/\/lojaopening.com.br\/shopp\/?s={search_term_string}\"},\"query-input\":{\"@type\":\"PropertyValueSpecification\",\"valueRequired\":true,\"valueName\":\"search_term_string\"}}],\"inLanguage\":\"pt-PT\"},{\"@type\":\"Organization\",\"@id\":\"https:\/\/lojaopening.com.br\/shopp\/#organization\",\"name\":\"Opening World Coml Import Export Ltda\",\"url\":\"https:\/\/lojaopening.com.br\/shopp\/\",\"logo\":{\"@type\":\"ImageObject\",\"inLanguage\":\"pt-PT\",\"@id\":\"https:\/\/lojaopening.com.br\/shopp\/#\/schema\/logo\/image\/\",\"url\":\"https:\/\/lojaopening.com.br\/wp-content\/uploads\/2020\/09\/logo_header.png\",\"contentUrl\":\"https:\/\/lojaopening.com.br\/wp-content\/uploads\/2020\/09\/logo_header.png\",\"width\":1279,\"height\":328,\"caption\":\"Opening World Coml Import Export Ltda\"},\"image\":{\"@id\":\"https:\/\/lojaopening.com.br\/shopp\/#\/schema\/logo\/image\/\"}}]}<\/script>\n<!-- \/ Yoast SEO plugin. -->","yoast_head_json":{"title":"Cabide de alum\u00ednio para mapoteca Trident CAB-A1 - Loja Opening","robots":{"index":"index","follow":"follow","max-snippet":"max-snippet:-1","max-image-preview":"max-image-preview:large","max-video-preview":"max-video-preview:-1"},"canonical":"https:\/\/lojaopening.com.br\/shopp\/produto\/cabide-de-alum?nio-para-mapoteca-trident-cab%2da1\/","og_locale":"pt_PT","og_type":"article","og_title":"Cabide de alum\u00ednio para mapoteca Trident CAB-A1 - Loja Opening","og_description":"Cabide em alum\u00ednio para Mapoteca Trident MAP s\u00e9ries. A solu\u00e7\u00e3o para o arquivo e a organiza\u00e7\u00e3o de plantas, desenhos, c\u00f3pias,&hellip;","og_url":"https:\/\/lojaopening.com.br\/shopp\/produto\/cabide-de-alum?nio-para-mapoteca-trident-cab%2da1\/","og_site_name":"Loja Opening","article_modified_time":"2023-05-27T19:21:17+00:00","og_image":[{"width":200,"height":150,"url":"https:\/\/lojaopening.com.br\/wp-content\/uploads\/2022\/07\/Cabide-de-alumEDnio-para-mapoteca-Trident-CAB252dA1-.jpg","type":"image\/jpeg"}],"twitter_card":"summary_large_image","twitter_misc":{"Tempo estimado de leitura":"1 minuto"},"schema":{"@context":"https:\/\/schema.org","@graph":[{"@type":"WebPage","@id":"https:\/\/lojaopening.com.br\/shopp\/produto\/cabide-de-alum%ednio-para-mapoteca-trident-cab%252da1\/","url":"https:\/\/lojaopening.com.br\/shopp\/produto\/cabide-de-alum%ednio-para-mapoteca-trident-cab%252da1\/","name":"Cabide de alum\u00ednio para mapoteca Trident CAB-A1 - Loja Opening","isPartOf":{"@id":"https:\/\/lojaopening.com.br\/shopp\/#website"},"primaryImageOfPage":{"@id":"https:\/\/lojaopening.com.br\/shopp\/produto\/cabide-de-alum%ednio-para-mapoteca-trident-cab%252da1\/#primaryimage"},"image":{"@id":"https:\/\/lojaopening.com.br\/shopp\/produto\/cabide-de-alum%ednio-para-mapoteca-trident-cab%252da1\/#primaryimage"},"thumbnailUrl":"https:\/\/lojaopening.com.br\/wp-content\/uploads\/2022\/07\/Cabide-de-alumEDnio-para-mapoteca-Trident-CAB252dA1-.jpg","datePublished":"2022-07-13T17:53:19+00:00","dateModified":"2023-05-27T19:21:17+00:00","breadcrumb":{"@id":"https:\/\/lojaopening.com.br\/shopp\/produto\/cabide-de-alum%ednio-para-mapoteca-trident-cab%252da1\/#breadcrumb"},"inLanguage":"pt-PT","potentialAction":[{"@type":"ReadAction","target":["https:\/\/lojaopening.com.br\/shopp\/produto\/cabide-de-alum%ednio-para-mapoteca-trident-cab%252da1\/"]}]},{"@type":"ImageObject","inLanguage":"pt-PT","@id":"https:\/\/lojaopening.com.br\/shopp\/produto\/cabide-de-alum%ednio-para-mapoteca-trident-cab%252da1\/#primaryimage","url":"https:\/\/lojaopening.com.br\/wp-content\/uploads\/2022\/07\/Cabide-de-alumEDnio-para-mapoteca-Trident-CAB252dA1-.jpg","contentUrl":"https:\/\/lojaopening.com.br\/wp-content\/uploads\/2022\/07\/Cabide-de-alumEDnio-para-mapoteca-Trident-CAB252dA1-.jpg","width":200,"height":150},{"@type":"BreadcrumbList","@id":"https:\/\/lojaopening.com.br\/shopp\/produto\/cabide-de-alum%ednio-para-mapoteca-trident-cab%252da1\/#breadcrumb","itemListElement":[{"@type":"ListItem","position":1,"name":"In\u00edcio","item":"https:\/\/lojaopening.com.br\/shopp\/"},{"@type":"ListItem","position":2,"name":"Shop","item":"https:\/\/lojaopening.com.br\/shopp\/shopp\/"},{"@type":"ListItem","position":3,"name":"Cabide de alum\u00ednio para mapoteca Trident CAB-A1"}]},{"@type":"WebSite","@id":"https:\/\/lojaopening.com.br\/shopp\/#website","url":"https:\/\/lojaopening.com.br\/shopp\/","name":"Loja Opening","description":"","publisher":{"@id":"https:\/\/lojaopening.com.br\/shopp\/#organization"},"potentialAction":[{"@type":"SearchAction","target":{"@type":"EntryPoint","urlTemplate":"https:\/\/lojaopening.com.br\/shopp\/?s={search_term_string}"},"query-input":{"@type":"PropertyValueSpecification","valueRequired":true,"valueName":"search_term_string"}}],"inLanguage":"pt-PT"},{"@type":"Organization","@id":"https:\/\/lojaopening.com.br\/shopp\/#organization","name":"Opening World Coml Import Export Ltda","url":"https:\/\/lojaopening.com.br\/shopp\/","logo":{"@type":"ImageObject","inLanguage":"pt-PT","@id":"https:\/\/lojaopening.com.br\/shopp\/#\/schema\/logo\/image\/","url":"https:\/\/lojaopening.com.br\/wp-content\/uploads\/2020\/09\/logo_header.png","contentUrl":"https:\/\/lojaopening.com.br\/wp-content\/uploads\/2020\/09\/logo_header.png","width":1279,"height":328,"caption":"Opening World Coml Import Export Ltda"},"image":{"@id":"https:\/\/lojaopening.com.br\/shopp\/#\/schema\/logo\/image\/"}}]}},"_links":{"self":[{"href":"https:\/\/lojaopening.com.br\/shopp\/wp-json\/wp\/v2\/product\/937","targetHints":{"allow":["GET"]}}],"collection":[{"href":"https:\/\/lojaopening.com.br\/shopp\/wp-json\/wp\/v2\/product"}],"about":[{"href":"https:\/\/lojaopening.com.br\/shopp\/wp-json\/wp\/v2\/types\/product"}],"wp:featuredmedia":[{"embeddable":true,"href":"https:\/\/lojaopening.com.br\/shopp\/wp-json\/wp\/v2\/media\/936"}],"wp:attachment":[{"href":"https:\/\/lojaopening.com.br\/shopp\/wp-json\/wp\/v2\/media?parent=937"}],"wp:term":[{"taxonomy":"product_brand","embeddable":true,"href":"https:\/\/lojaopening.com.br\/shopp\/wp-json\/wp\/v2\/product_brand?post=937"},{"taxonomy":"product_cat","embeddable":true,"href":"https:\/\/lojaopening.com.br\/shopp\/wp-json\/wp\/v2\/product_cat?post=937"},{"taxonomy":"product_tag","embeddable":true,"href":"https:\/\/lojaopening.com.br\/shopp\/wp-json\/wp\/v2\/product_tag?post=937"}],"curies":[{"name":"wp","href":"https:\/\/api.w.org\/{rel}","templated":true}]}}